{"id":1272,"date":"2025-02-09T12:47:46","date_gmt":"2025-02-09T11:47:46","guid":{"rendered":"https:\/\/romanajewelry.pl\/?page_id=1272"},"modified":"2025-03-07T16:06:57","modified_gmt":"2025-03-07T15:06:57","slug":"kolekcje","status":"publish","type":"page","link":"https:\/\/romanajewelry.pl\/?page_id=1272","title":{"rendered":"KOLEKCJE"},"content":{"rendered":"\t\t<div data-elementor-type=\"wp-page\" data-elementor-id=\"1272\" class=\"elementor elementor-1272\">\n\t\t\t\t<div class=\"elementor-element elementor-element-6e94199 e-flex e-con-boxed e-con e-parent\" data-id=\"6e94199\" data-element_type=\"container\">\n\t\t\t\t\t<div class=\"e-con-inner\">\n\t\t\t\t<div class=\"elementor-element elementor-element-2155324 elementor-widget elementor-widget-heading\" data-id=\"2155324\" data-element_type=\"widget\" data-widget_type=\"heading.default\">\n\t\t\t\t<div class=\"elementor-widget-container\">\n\t\t\t\t\t<h2 class=\"elementor-heading-title elementor-size-default\">Kolekcje Bi\u017cuterii ROmana<\/h2>\t\t\t\t<\/div>\n\t\t\t\t<\/div>\n\t\t\t\t<div class=\"elementor-element elementor-element-fc76bf3 elementor-widget elementor-widget-text-editor\" data-id=\"fc76bf3\" data-element_type=\"widget\" data-widget_type=\"text-editor.default\">\n\t\t\t\t<div class=\"elementor-widget-container\">\n\t\t\t\t\t\t\t\t\t<p>Romana tworzy bi\u017cuteri\u0119 z porcelany dla kobiet i m\u0119\u017cczyzn \u015bwiadomych swego stylu. Jej motto to : B\u0104D\u0179 SOB\u0104 ! NIE B\u00d3J SI\u0118 !<\/p><p>Ka\u017cdy egzemplarz wykonany jest r\u0119cznie w wieloetapowym procesie rzemie\u015blniczym, \u00a0proces produkcji trwa kilka dni. Porcelana jest trzykrotnie wypalana a\u017c do 1250 stopni Celsjusza. Do produkcji u\u017cyte s\u0105 wy\u0142\u0105cznie szlachetne materia\u0142y : porcelana, 24K z\u0142oto, platyna, srebro, stal szlachetna, kamienie szlachetne i wyhodowane z zarodk\u00f3w, kryszta\u0142y, bursztyny, korale vintage, per\u0142y naturalne.<\/p><p>Prace ROMANY to dzie\u0142a sztuki doceniane na ca\u0142ym \u015bwiecie<\/p>\t\t\t\t\t\t\t\t<\/div>\n\t\t\t\t<\/div>\n\t\t\t\t\t<\/div>\n\t\t\t\t<\/div>\n\t\t<div class=\"elementor-element elementor-element-620b45a e-grid e-con-boxed e-con e-parent\" data-id=\"620b45a\" data-element_type=\"container\">\n\t\t\t\t\t<div class=\"e-con-inner\">\n\t\t\t\t<div class=\"elementor-element elementor-element-911248c elementor-position-top elementor-widget elementor-widget-image-box\" data-id=\"911248c\" data-element_type=\"widget\" data-widget_type=\"image-box.default\">\n\t\t\t\t<div class=\"elementor-widget-container\">\n\t\t\t\t\t<div class=\"elementor-image-box-wrapper\"><figure class=\"elementor-image-box-img\"><a href=\"https:\/\/romanajewelry.pl\/?page_id=1646\" tabindex=\"-1\"><img decoding=\"async\" src=\"https:\/\/romanajewelry.pl\/wp-content\/uploads\/elementor\/thumbs\/MF0A5062-copy-r2i70i1ufqqdop78sn7d2ex833mojrrnsfcbti3c1s.jpg\" title=\"MF0A5062 copy\" alt=\"MF0A5062 copy\" loading=\"lazy\" \/><\/a><\/figure><div class=\"elementor-image-box-content\"><h3 class=\"elementor-image-box-title\"><a href=\"https:\/\/romanajewelry.pl\/?page_id=1646\">BODY<\/a><\/h3><p class=\"elementor-image-box-description\">Kolekcja inspirowana cia\u0142em,  pokazuj\u0105ca doskona\u0142o\u015b\u0107 poszczeg\u00f3lnych jego cz\u0119\u015bci. Znajdziesz tu usta, oczy czy nosy. <\/p><\/div><\/div>\t\t\t\t<\/div>\n\t\t\t\t<\/div>\n\t\t\t\t<div class=\"elementor-element elementor-element-70cc22c elementor-position-top elementor-widget elementor-widget-image-box\" data-id=\"70cc22c\" data-element_type=\"widget\" data-widget_type=\"image-box.default\">\n\t\t\t\t<div class=\"elementor-widget-container\">\n\t\t\t\t\t<div class=\"elementor-image-box-wrapper\"><figure class=\"elementor-image-box-img\"><a href=\"https:\/\/romanajewelry.pl\/?page_id=1933\" tabindex=\"-1\"><img decoding=\"async\" src=\"https:\/\/romanajewelry.pl\/wp-content\/uploads\/elementor\/thumbs\/12-rozm-23-2-scaled-r2i77rcz7oo3canoes5nbkzd87upzml1gcpb8fbw00.jpg\" title=\"12 rozm 2;3 2\" alt=\"12 rozm 2;3 2\" loading=\"lazy\" \/><\/a><\/figure><div class=\"elementor-image-box-content\"><h3 class=\"elementor-image-box-title\"><a href=\"https:\/\/romanajewelry.pl\/?page_id=1933\">BUBBLES<\/a><\/h3><p class=\"elementor-image-box-description\">Bubbles czyli ba\u0144ki, kulki w r\u00f3\u017cnych konfiguracjach. Co\u015b dla mi\u0142o\u015bnik\u00f3w klasycznych korali oraz tych, kt\u00f3rzy pragn\u0105 fantazyjnej bi\u017cuterii. <\/p><\/div><\/div>\t\t\t\t<\/div>\n\t\t\t\t<\/div>\n\t\t\t\t<div class=\"elementor-element elementor-element-d42b2fa elementor-position-top elementor-widget elementor-widget-image-box\" data-id=\"d42b2fa\" data-element_type=\"widget\" data-widget_type=\"image-box.default\">\n\t\t\t\t<div class=\"elementor-widget-container\">\n\t\t\t\t\t<div class=\"elementor-image-box-wrapper\"><figure class=\"elementor-image-box-img\"><a href=\"https:\/\/romanajewelry.pl\/?page_id=1928\" tabindex=\"-1\"><img decoding=\"async\" src=\"https:\/\/romanajewelry.pl\/wp-content\/uploads\/elementor\/thumbs\/ced2bc78-3253-4260-a8a2-d270cf46eda1-scaled-r2i7h6opqvklriysdctytpcrobe86d05307lhbcrls.jpeg\" title=\"ced2bc78-3253-4260-a8a2-d270cf46eda1\" alt=\"ced2bc78-3253-4260-a8a2-d270cf46eda1\" loading=\"lazy\" \/><\/a><\/figure><div class=\"elementor-image-box-content\"><h3 class=\"elementor-image-box-title\"><a href=\"https:\/\/romanajewelry.pl\/?page_id=1928\">CHARMS<\/a><\/h3><p class=\"elementor-image-box-description\">Kolekcja, w kt\u00f3rej znajdziesz dodatki, zawieszki, breloczki i wszystko co jest potrzebne aby urozmaici\u0107 Tw\u00f3j codzienny wygl\u0105d. <\/p><\/div><\/div>\t\t\t\t<\/div>\n\t\t\t\t<\/div>\n\t\t\t\t<div class=\"elementor-element elementor-element-b37e7f1 elementor-position-top elementor-widget elementor-widget-image-box\" data-id=\"b37e7f1\" data-element_type=\"widget\" data-widget_type=\"image-box.default\">\n\t\t\t\t<div class=\"elementor-widget-container\">\n\t\t\t\t\t<div class=\"elementor-image-box-wrapper\"><figure class=\"elementor-image-box-img\"><a href=\"https:\/\/romanajewelry.pl\/?page_id=1642\" tabindex=\"-1\"><img decoding=\"async\" src=\"https:\/\/romanajewelry.pl\/wp-content\/uploads\/elementor\/thumbs\/eb393ecb-30f5-447a-ac9f-3b95b4235c36-scaled-r2i7w682ps36vp72uu1tkx7cnhiwwmi2h6oay54se8.jpeg\" title=\"eb393ecb-30f5-447a-ac9f-3b95b4235c36\" alt=\"eb393ecb-30f5-447a-ac9f-3b95b4235c36\" loading=\"lazy\" \/><\/a><\/figure><div class=\"elementor-image-box-content\"><h3 class=\"elementor-image-box-title\"><a href=\"https:\/\/romanajewelry.pl\/?page_id=1642\">CHOPIN<\/a><\/h3><p class=\"elementor-image-box-description\">Wyj\u0105tkowe naszyjniki, zawieszki i broszki dla mi\u0142o\u015bnik\u00f3w klasyki. Popiersie Chopina, z kt\u00f3rych ka\u017cdemu towarzysz\u0105 nuty innego dzie\u0142a. <\/p><\/div><\/div>\t\t\t\t<\/div>\n\t\t\t\t<\/div>\n\t\t\t\t<div class=\"elementor-element elementor-element-ba4b9b0 elementor-position-top elementor-widget elementor-widget-image-box\" data-id=\"ba4b9b0\" data-element_type=\"widget\" data-widget_type=\"image-box.default\">\n\t\t\t\t<div class=\"elementor-widget-container\">\n\t\t\t\t\t<div class=\"elementor-image-box-wrapper\"><figure class=\"elementor-image-box-img\"><a href=\"https:\/\/romanajewelry.pl\/?page_id=1644\" tabindex=\"-1\"><img decoding=\"async\" src=\"https:\/\/romanajewelry.pl\/wp-content\/uploads\/elementor\/thumbs\/7-rozm-45-instagram-crop-scaled-e1741341467955-r2i60huen7fyyfi21kwu200kwr3ip5tt67pr0xh8e8.jpeg\" title=\"7 rozm 4;5 instagram crop\" alt=\"7 rozm 4;5 instagram crop\" loading=\"lazy\" \/><\/a><\/figure><div class=\"elementor-image-box-content\"><h3 class=\"elementor-image-box-title\"><a href=\"https:\/\/romanajewelry.pl\/?page_id=1644\">FAUNA<\/a><\/h3><p class=\"elementor-image-box-description\">\u015awiat natury zamkni\u0119ty w bi\u017cuterii \u2013 to ho\u0142d dla dzikiego pi\u0119kna i niezwyk\u0142ej r\u00f3\u017cnorodno\u015bci przyrody. Misternie wykonane ptaki, motyle, skorupiaki, lew czy ma\u0142pa o\u017cywaj\u0105 w porcelanie, z\u0142ocie i szlachetnych kamieniach, tworz\u0105c bi\u017cuteri\u0119 pe\u0142n\u0105 charakteru. Ka\u017cdy detal oddaje dynamik\u0119 natury i emanuje niepowtarzalnym kunsztem.<\/p><\/div><\/div>\t\t\t\t<\/div>\n\t\t\t\t<\/div>\n\t\t\t\t<div class=\"elementor-element elementor-element-49cbd9d elementor-position-top elementor-widget elementor-widget-image-box\" data-id=\"49cbd9d\" data-element_type=\"widget\" data-widget_type=\"image-box.default\">\n\t\t\t\t<div class=\"elementor-widget-container\">\n\t\t\t\t\t<div class=\"elementor-image-box-wrapper\"><figure class=\"elementor-image-box-img\"><a href=\"https:\/\/romanajewelry.pl\/?page_id=1638\" tabindex=\"-1\"><img decoding=\"async\" src=\"https:\/\/romanajewelry.pl\/wp-content\/uploads\/elementor\/thumbs\/IMG_1701-e1739113803273-r19ac3wdkss5r2ip7pcyvkwz6fyjq58pn84scye8qo.jpeg\" title=\"Screenshot\" alt=\"Screenshot\" loading=\"lazy\" \/><\/a><\/figure><div class=\"elementor-image-box-content\"><h3 class=\"elementor-image-box-title\"><a href=\"https:\/\/romanajewelry.pl\/?page_id=1638\">FLORA<\/a><\/h3><p class=\"elementor-image-box-description\">Kolekcja dla kobiet subtelnych i delikatnych. R\u00f3\u017ce i peonie dodadz\u0105 \u015bwie\u017co\u015bci i dziewcz\u0119cego wdzi\u0119ku. Idealnie pasuj\u0105 na romantyczne spotkania.<\/p><\/div><\/div>\t\t\t\t<\/div>\n\t\t\t\t<\/div>\n\t\t\t\t<div class=\"elementor-element elementor-element-c0b2cbb elementor-position-top elementor-widget elementor-widget-image-box\" data-id=\"c0b2cbb\" data-element_type=\"widget\" data-widget_type=\"image-box.default\">\n\t\t\t\t<div class=\"elementor-widget-container\">\n\t\t\t\t\t<div class=\"elementor-image-box-wrapper\"><figure class=\"elementor-image-box-img\"><a href=\"https:\/\/romanajewelry.pl\/?page_id=1640\" tabindex=\"-1\"><img decoding=\"async\" src=\"https:\/\/romanajewelry.pl\/wp-content\/uploads\/elementor\/thumbs\/IMG_1696-e1739113993934-r19ah2hpnbkn0zba8uk31buk1niacmxpns31jj1fwg.jpeg\" title=\"\" alt=\"\" loading=\"lazy\" \/><\/a><\/figure><div class=\"elementor-image-box-content\"><h3 class=\"elementor-image-box-title\"><a href=\"https:\/\/romanajewelry.pl\/?page_id=1640\">HEART<\/a><\/h3><p class=\"elementor-image-box-description\">Kolekcja stworzona z mi\u0142o\u015bci\u0105 dla mi\u0142o\u015bci. Pi\u0119kno i kszta\u0142t serca  przyci\u0105gn\u0105 uwag\u0119 ka\u017cdego, kto ceni wyj\u0105tkowo\u015b\u0107. Idealny dodatek  do najbardziej wyj\u0105tkowych i  okazji.\n<\/p><\/div><\/div>\t\t\t\t<\/div>\n\t\t\t\t<\/div>\n\t\t\t\t<div class=\"elementor-element elementor-element-0c00faa elementor-position-top elementor-widget elementor-widget-image-box\" data-id=\"0c00faa\" data-element_type=\"widget\" data-widget_type=\"image-box.default\">\n\t\t\t\t<div class=\"elementor-widget-container\">\n\t\t\t\t\t<div class=\"elementor-image-box-wrapper\"><figure class=\"elementor-image-box-img\"><a href=\"https:\/\/romanajewelry.pl\/?page_id=1636\" tabindex=\"-1\"><img decoding=\"async\" src=\"https:\/\/romanajewelry.pl\/wp-content\/uploads\/elementor\/thumbs\/IMG_1693-e1739113872198-r19adwr8od8y05whoze85mjs612vh9e6w55ah1q2tc.jpeg\" title=\"\" alt=\"\" loading=\"lazy\" \/><\/a><\/figure><div class=\"elementor-image-box-content\"><h3 class=\"elementor-image-box-title\"><a href=\"https:\/\/romanajewelry.pl\/?page_id=1636\">IMPERIAL<\/a><\/h3><p class=\"elementor-image-box-description\">Kolekcja stworzona specjalnie dla urodzonych kr\u00f3l\u00f3w i kr\u00f3lowych. Dzi\u0119ki tej bi\u017cuterii nie tylko poczujesz si\u0119 wyj\u0105tkowo nosz\u0105c koron\u0119 ale tak\u017ce dodasz sobie pewno\u015bci siebie i dostoje\u0144stwa. W kolekcji IMPERIAL znajdziesz tak\u017ce krzy\u017ce inspirowane Dynasti\u0105 Tudor\u00f3w.<\/p><\/div><\/div>\t\t\t\t<\/div>\n\t\t\t\t<\/div>\n\t\t\t\t<div class=\"elementor-element elementor-element-dfb0e6f elementor-position-top elementor-widget elementor-widget-image-box\" data-id=\"dfb0e6f\" data-element_type=\"widget\" data-widget_type=\"image-box.default\">\n\t\t\t\t<div class=\"elementor-widget-container\">\n\t\t\t\t\t<div class=\"elementor-image-box-wrapper\"><figure class=\"elementor-image-box-img\"><a href=\"https:\/\/romanajewelry.pl\/?page_id=1925\" tabindex=\"-1\"><img decoding=\"async\" src=\"https:\/\/romanajewelry.pl\/wp-content\/uploads\/elementor\/thumbs\/86767d07-dd09-4167-b31c-08dbaca8db6e-r2i5sdillqbsnpaogkjv0js85x4d7alae0tqrvio5c.jpeg\" title=\"86767d07-dd09-4167-b31c-08dbaca8db6e\" alt=\"86767d07-dd09-4167-b31c-08dbaca8db6e\" loading=\"lazy\" \/><\/a><\/figure><div class=\"elementor-image-box-content\"><h3 class=\"elementor-image-box-title\"><a href=\"https:\/\/romanajewelry.pl\/?page_id=1925\">PREMIUM<\/a><\/h3><p class=\"elementor-image-box-description\">Kolekcja premium to bi\u017cuteria na najwy\u017cszym poziomie luksusu. Po\u0142\u0105czenie porcelany z elementami z 24k z\u0142ota oraz kamieni szlachetnych. Znajdziesz tutaj tak\u017ce wyj\u0105tkowe prace pokazuj\u0105ce wyrafinowany kunszt rzemios\u0142a artystycznego.<\/p><\/div><\/div>\t\t\t\t<\/div>\n\t\t\t\t<\/div>\n\t\t\t\t\t<\/div>\n\t\t\t\t<\/div>\n\t\t<div class=\"elementor-element elementor-element-ebd8531 e-grid e-con-boxed e-con e-parent\" data-id=\"ebd8531\" data-element_type=\"container\">\n\t\t\t\t\t<div class=\"e-con-inner\">\n\t\t\t\t\t<\/div>\n\t\t\t\t<\/div>\n\t\t<div class=\"elementor-element elementor-element-1cbcb7b e-flex e-con-boxed e-con e-parent\" data-id=\"1cbcb7b\" data-element_type=\"container\">\n\t\t\t\t\t<div class=\"e-con-inner\">\n\t\t\t\t<div class=\"elementor-element elementor-element-ec4a651 elementor-widget elementor-widget-spacer\" data-id=\"ec4a651\" data-element_type=\"widget\" data-widget_type=\"spacer.default\">\n\t\t\t\t<div class=\"elementor-widget-container\">\n\t\t\t\t\t\t\t<div class=\"elementor-spacer\">\n\t\t\t<div class=\"elementor-spacer-inner\"><\/div>\n\t\t<\/div>\n\t\t\t\t\t\t<\/div>\n\t\t\t\t<\/div>\n\t\t\t\t\t<\/div>\n\t\t\t\t<\/div>\n\t\t\t\t<\/div>\n\t\t","protected":false},"excerpt":{"rendered":"<p>Kolekcje Bi\u017cuterii ROmana Romana tworzy bi\u017cuteri\u0119 z porcelany dla kobiet i m\u0119\u017cczyzn \u015bwiadomych swego stylu. Jej motto to : B\u0104D\u0179 SOB\u0104 ! NIE B\u00d3J SI\u0118 ! Ka\u017cdy egzemplarz wykonany jest&#8230;<\/p>\n","protected":false},"author":1,"featured_media":0,"parent":0,"menu_order":0,"comment_status":"closed","ping_status":"closed","template":"elementor_header_footer","meta":{"_EventAllDay":false,"_EventTimezone":"","_EventStartDate":"","_EventEndDate":"","_EventStartDateUTC":"","_EventEndDateUTC":"","_EventShowMap":false,"_EventShowMapLink":false,"_EventURL":"","_EventCost":"","_EventCostDescription":"","_EventCurrencySymbol":"","_EventCurrencyCode":"","_EventCurrencyPosition":"","_EventDateTimeSeparator":"","_EventTimeRangeSeparator":"","_EventOrganizerID":[],"_EventVenueID":[],"_OrganizerEmail":"","_OrganizerPhone":"","_OrganizerWebsite":"","_VenueAddress":"","_VenueCity":"","_VenueCountry":"","_VenueProvince":"","_VenueState":"","_VenueZip":"","_VenuePhone":"","_VenueURL":"","_VenueStateProvince":"","_VenueLat":"","_VenueLng":"","_VenueShowMap":false,"_VenueShowMapLink":false,"_kadence_starter_templates_imported_post":false,"_kad_post_transparent":"","_kad_post_title":"hide","_kad_post_layout":"fullwidth","_kad_post_sidebar_id":"","_kad_post_content_style":"unboxed","_kad_post_vertical_padding":"hide","_kad_post_feature":"hide","_kad_post_feature_position":"","_kad_post_header":false,"_kad_post_footer":false,"footnotes":""},"class_list":["post-1272","page","type-page","status-publish","hentry"],"yoast_head":"<!-- This site is optimized with the Yoast SEO plugin v25.6 - https:\/\/yoast.com\/wordpress\/plugins\/seo\/ -->\n<title>KOLEKCJE - ROMANA PORCELAIN JEWELRY<\/title>\n<meta name=\"robots\" content=\"index, follow, max-snippet:-1, max-image-preview:large, max-video-preview:-1\" \/>\n<link rel=\"canonical\" href=\"https:\/\/romanajewelry.pl\/?page_id=1272\" \/>\n<meta property=\"og:locale\" content=\"pl_PL\" \/>\n<meta property=\"og:type\" content=\"article\" \/>\n<meta property=\"og:title\" content=\"KOLEKCJE - ROMANA PORCELAIN JEWELRY\" \/>\n<meta property=\"og:description\" content=\"Kolekcje Bi\u017cuterii ROmana Romana tworzy bi\u017cuteri\u0119 z porcelany dla kobiet i m\u0119\u017cczyzn \u015bwiadomych swego stylu. Jej motto to : B\u0104D\u0179 SOB\u0104 ! NIE B\u00d3J SI\u0118 ! Ka\u017cdy egzemplarz wykonany jest...\" \/>\n<meta property=\"og:url\" content=\"https:\/\/romanajewelry.pl\/?page_id=1272\" \/>\n<meta property=\"og:site_name\" content=\"ROMANA PORCELAIN JEWELRY\" \/>\n<meta property=\"article:publisher\" content=\"https:\/\/www.facebook.com\/Romanabieleckaartist\" \/>\n<meta property=\"article:modified_time\" content=\"2025-03-07T15:06:57+00:00\" \/>\n<meta property=\"og:image\" content=\"https:\/\/romanajewelry.pl\/wp-content\/uploads\/elementor\/thumbs\/MF0A5062-copy-r2i70i1ufqqdop78sn7d2ex833mojrrnsfcbti3c1s.jpg\" \/>\n<meta name=\"twitter:card\" content=\"summary_large_image\" \/>\n<meta name=\"twitter:label1\" content=\"Szacowany czas czytania\" \/>\n\t<meta name=\"twitter:data1\" content=\"4 minuty\" \/>\n<script type=\"application\/ld+json\" class=\"yoast-schema-graph\">{\"@context\":\"https:\/\/schema.org\",\"@graph\":[{\"@type\":\"WebPage\",\"@id\":\"https:\/\/romanajewelry.pl\/?page_id=1272\",\"url\":\"https:\/\/romanajewelry.pl\/?page_id=1272\",\"name\":\"KOLEKCJE - ROMANA PORCELAIN JEWELRY\",\"isPartOf\":{\"@id\":\"https:\/\/romanajewelry.pl\/#website\"},\"primaryImageOfPage\":{\"@id\":\"https:\/\/romanajewelry.pl\/?page_id=1272#primaryimage\"},\"image\":{\"@id\":\"https:\/\/romanajewelry.pl\/?page_id=1272#primaryimage\"},\"thumbnailUrl\":\"https:\/\/romanajewelry.pl\/wp-content\/uploads\/elementor\/thumbs\/MF0A5062-copy-r2i70i1ufqqdop78sn7d2ex833mojrrnsfcbti3c1s.jpg\",\"datePublished\":\"2025-02-09T11:47:46+00:00\",\"dateModified\":\"2025-03-07T15:06:57+00:00\",\"breadcrumb\":{\"@id\":\"https:\/\/romanajewelry.pl\/?page_id=1272#breadcrumb\"},\"inLanguage\":\"pl-PL\",\"potentialAction\":[{\"@type\":\"ReadAction\",\"target\":[\"https:\/\/romanajewelry.pl\/?page_id=1272\"]}]},{\"@type\":\"ImageObject\",\"inLanguage\":\"pl-PL\",\"@id\":\"https:\/\/romanajewelry.pl\/?page_id=1272#primaryimage\",\"url\":\"https:\/\/romanajewelry.pl\/wp-content\/uploads\/elementor\/thumbs\/MF0A5062-copy-r2i70i1ufqqdop78sn7d2ex833mojrrnsfcbti3c1s.jpg\",\"contentUrl\":\"https:\/\/romanajewelry.pl\/wp-content\/uploads\/elementor\/thumbs\/MF0A5062-copy-r2i70i1ufqqdop78sn7d2ex833mojrrnsfcbti3c1s.jpg\"},{\"@type\":\"BreadcrumbList\",\"@id\":\"https:\/\/romanajewelry.pl\/?page_id=1272#breadcrumb\",\"itemListElement\":[{\"@type\":\"ListItem\",\"position\":1,\"name\":\"Strona g\u0142\u00f3wna\",\"item\":\"https:\/\/romanajewelry.pl\/\"},{\"@type\":\"ListItem\",\"position\":2,\"name\":\"KOLEKCJE\"}]},{\"@type\":\"WebSite\",\"@id\":\"https:\/\/romanajewelry.pl\/#website\",\"url\":\"https:\/\/romanajewelry.pl\/\",\"name\":\"ROMANA PORCELAIN JEWELRY\",\"description\":\"\",\"publisher\":{\"@id\":\"https:\/\/romanajewelry.pl\/#organization\"},\"potentialAction\":[{\"@type\":\"SearchAction\",\"target\":{\"@type\":\"EntryPoint\",\"urlTemplate\":\"https:\/\/romanajewelry.pl\/?s={search_term_string}\"},\"query-input\":{\"@type\":\"PropertyValueSpecification\",\"valueRequired\":true,\"valueName\":\"search_term_string\"}}],\"inLanguage\":\"pl-PL\"},{\"@type\":\"Organization\",\"@id\":\"https:\/\/romanajewelry.pl\/#organization\",\"name\":\"ROMANA PORCELAIN JEWELRY\",\"url\":\"https:\/\/romanajewelry.pl\/\",\"logo\":{\"@type\":\"ImageObject\",\"inLanguage\":\"pl-PL\",\"@id\":\"https:\/\/romanajewelry.pl\/#\/schema\/logo\/image\/\",\"url\":\"https:\/\/romanajewelry.pl\/wp-content\/uploads\/2025\/02\/cropped-cropped-Logo-bez-tla.png\",\"contentUrl\":\"https:\/\/romanajewelry.pl\/wp-content\/uploads\/2025\/02\/cropped-cropped-Logo-bez-tla.png\",\"width\":340,\"height\":380,\"caption\":\"ROMANA PORCELAIN JEWELRY\"},\"image\":{\"@id\":\"https:\/\/romanajewelry.pl\/#\/schema\/logo\/image\/\"},\"sameAs\":[\"https:\/\/www.facebook.com\/Romanabieleckaartist\",\"https:\/\/www.instagram.com\/romana_bielecka\/\"]}]}<\/script>\n<!-- \/ Yoast SEO plugin. -->","yoast_head_json":{"title":"KOLEKCJE - ROMANA PORCELAIN JEWELRY","robots":{"index":"index","follow":"follow","max-snippet":"max-snippet:-1","max-image-preview":"max-image-preview:large","max-video-preview":"max-video-preview:-1"},"canonical":"https:\/\/romanajewelry.pl\/?page_id=1272","og_locale":"pl_PL","og_type":"article","og_title":"KOLEKCJE - ROMANA PORCELAIN JEWELRY","og_description":"Kolekcje Bi\u017cuterii ROmana Romana tworzy bi\u017cuteri\u0119 z porcelany dla kobiet i m\u0119\u017cczyzn \u015bwiadomych swego stylu. Jej motto to : B\u0104D\u0179 SOB\u0104 ! NIE B\u00d3J SI\u0118 ! Ka\u017cdy egzemplarz wykonany jest...","og_url":"https:\/\/romanajewelry.pl\/?page_id=1272","og_site_name":"ROMANA PORCELAIN JEWELRY","article_publisher":"https:\/\/www.facebook.com\/Romanabieleckaartist","article_modified_time":"2025-03-07T15:06:57+00:00","og_image":[{"url":"https:\/\/romanajewelry.pl\/wp-content\/uploads\/elementor\/thumbs\/MF0A5062-copy-r2i70i1ufqqdop78sn7d2ex833mojrrnsfcbti3c1s.jpg","type":"","width":"","height":""}],"twitter_card":"summary_large_image","twitter_misc":{"Szacowany czas czytania":"4 minuty"},"schema":{"@context":"https:\/\/schema.org","@graph":[{"@type":"WebPage","@id":"https:\/\/romanajewelry.pl\/?page_id=1272","url":"https:\/\/romanajewelry.pl\/?page_id=1272","name":"KOLEKCJE - ROMANA PORCELAIN JEWELRY","isPartOf":{"@id":"https:\/\/romanajewelry.pl\/#website"},"primaryImageOfPage":{"@id":"https:\/\/romanajewelry.pl\/?page_id=1272#primaryimage"},"image":{"@id":"https:\/\/romanajewelry.pl\/?page_id=1272#primaryimage"},"thumbnailUrl":"https:\/\/romanajewelry.pl\/wp-content\/uploads\/elementor\/thumbs\/MF0A5062-copy-r2i70i1ufqqdop78sn7d2ex833mojrrnsfcbti3c1s.jpg","datePublished":"2025-02-09T11:47:46+00:00","dateModified":"2025-03-07T15:06:57+00:00","breadcrumb":{"@id":"https:\/\/romanajewelry.pl\/?page_id=1272#breadcrumb"},"inLanguage":"pl-PL","potentialAction":[{"@type":"ReadAction","target":["https:\/\/romanajewelry.pl\/?page_id=1272"]}]},{"@type":"ImageObject","inLanguage":"pl-PL","@id":"https:\/\/romanajewelry.pl\/?page_id=1272#primaryimage","url":"https:\/\/romanajewelry.pl\/wp-content\/uploads\/elementor\/thumbs\/MF0A5062-copy-r2i70i1ufqqdop78sn7d2ex833mojrrnsfcbti3c1s.jpg","contentUrl":"https:\/\/romanajewelry.pl\/wp-content\/uploads\/elementor\/thumbs\/MF0A5062-copy-r2i70i1ufqqdop78sn7d2ex833mojrrnsfcbti3c1s.jpg"},{"@type":"BreadcrumbList","@id":"https:\/\/romanajewelry.pl\/?page_id=1272#breadcrumb","itemListElement":[{"@type":"ListItem","position":1,"name":"Strona g\u0142\u00f3wna","item":"https:\/\/romanajewelry.pl\/"},{"@type":"ListItem","position":2,"name":"KOLEKCJE"}]},{"@type":"WebSite","@id":"https:\/\/romanajewelry.pl\/#website","url":"https:\/\/romanajewelry.pl\/","name":"ROMANA PORCELAIN JEWELRY","description":"","publisher":{"@id":"https:\/\/romanajewelry.pl\/#organization"},"potentialAction":[{"@type":"SearchAction","target":{"@type":"EntryPoint","urlTemplate":"https:\/\/romanajewelry.pl\/?s={search_term_string}"},"query-input":{"@type":"PropertyValueSpecification","valueRequired":true,"valueName":"search_term_string"}}],"inLanguage":"pl-PL"},{"@type":"Organization","@id":"https:\/\/romanajewelry.pl\/#organization","name":"ROMANA PORCELAIN JEWELRY","url":"https:\/\/romanajewelry.pl\/","logo":{"@type":"ImageObject","inLanguage":"pl-PL","@id":"https:\/\/romanajewelry.pl\/#\/schema\/logo\/image\/","url":"https:\/\/romanajewelry.pl\/wp-content\/uploads\/2025\/02\/cropped-cropped-Logo-bez-tla.png","contentUrl":"https:\/\/romanajewelry.pl\/wp-content\/uploads\/2025\/02\/cropped-cropped-Logo-bez-tla.png","width":340,"height":380,"caption":"ROMANA PORCELAIN JEWELRY"},"image":{"@id":"https:\/\/romanajewelry.pl\/#\/schema\/logo\/image\/"},"sameAs":["https:\/\/www.facebook.com\/Romanabieleckaartist","https:\/\/www.instagram.com\/romana_bielecka\/"]}]}},"_links":{"self":[{"href":"https:\/\/romanajewelry.pl\/index.php?rest_route=\/wp\/v2\/pages\/1272","targetHints":{"allow":["GET"]}}],"collection":[{"href":"https:\/\/romanajewelry.pl\/index.php?rest_route=\/wp\/v2\/pages"}],"about":[{"href":"https:\/\/romanajewelry.pl\/index.php?rest_route=\/wp\/v2\/types\/page"}],"author":[{"embeddable":true,"href":"https:\/\/romanajewelry.pl\/index.php?rest_route=\/wp\/v2\/users\/1"}],"replies":[{"embeddable":true,"href":"https:\/\/romanajewelry.pl\/index.php?rest_route=%2Fwp%2Fv2%2Fcomments&post=1272"}],"version-history":[{"count":184,"href":"https:\/\/romanajewelry.pl\/index.php?rest_route=\/wp\/v2\/pages\/1272\/revisions"}],"predecessor-version":[{"id":2137,"href":"https:\/\/romanajewelry.pl\/index.php?rest_route=\/wp\/v2\/pages\/1272\/revisions\/2137"}],"wp:attachment":[{"href":"https:\/\/romanajewelry.pl\/index.php?rest_route=%2Fwp%2Fv2%2Fmedia&parent=1272"}],"curies":[{"name":"wp","href":"https:\/\/api.w.org\/{rel}","templated":true}]}}