{"id":1644,"date":"2025-02-18T12:16:36","date_gmt":"2025-02-18T11:16:36","guid":{"rendered":"https:\/\/romanajewelry.pl\/?page_id=1644"},"modified":"2025-03-07T16:01:31","modified_gmt":"2025-03-07T15:01:31","slug":"nature","status":"publish","type":"page","link":"https:\/\/romanajewelry.pl\/?page_id=1644","title":{"rendered":"NATURE"},"content":{"rendered":"\t\t<div data-elementor-type=\"wp-page\" data-elementor-id=\"1644\" class=\"elementor elementor-1644\">\n\t\t\t\t<div class=\"elementor-element elementor-element-cb822ae e-grid e-con-boxed e-con e-parent\" data-id=\"cb822ae\" data-element_type=\"container\">\n\t\t\t\t\t<div class=\"e-con-inner\">\n\t\t\t\t\t<\/div>\n\t\t\t\t<\/div>\n\t\t<div class=\"elementor-element elementor-element-db5c9f9 e-grid e-con-boxed e-con e-parent\" data-id=\"db5c9f9\" data-element_type=\"container\">\n\t\t\t\t\t<div class=\"e-con-inner\">\n\t\t\t\t<div class=\"elementor-element elementor-element-c70c867 elementor-widget elementor-widget-image\" data-id=\"c70c867\" data-element_type=\"widget\" data-widget_type=\"image.default\">\n\t\t\t\t<div class=\"elementor-widget-container\">\n\t\t\t\t\t\t\t\t\t\t\t\t\t\t\t<img fetchpriority=\"high\" decoding=\"async\" width=\"755\" height=\"1024\" src=\"https:\/\/romanajewelry.pl\/wp-content\/uploads\/2025\/01\/IMG_1691-e1738078937829-755x1024.jpeg\" class=\"attachment-large size-large wp-image-1118\" alt=\"\" srcset=\"https:\/\/romanajewelry.pl\/wp-content\/uploads\/2025\/01\/IMG_1691-e1738078937829-755x1024.jpeg 755w, https:\/\/romanajewelry.pl\/wp-content\/uploads\/2025\/01\/IMG_1691-e1738078937829-500x678.jpeg 500w, https:\/\/romanajewelry.pl\/wp-content\/uploads\/2025\/01\/IMG_1691-e1738078937829-221x300.jpeg 221w, https:\/\/romanajewelry.pl\/wp-content\/uploads\/2025\/01\/IMG_1691-e1738078937829-768x1042.jpeg 768w, https:\/\/romanajewelry.pl\/wp-content\/uploads\/2025\/01\/IMG_1691-e1738078937829-1132x1536.jpeg 1132w, https:\/\/romanajewelry.pl\/wp-content\/uploads\/2025\/01\/IMG_1691-e1738078937829.jpeg 1290w\" sizes=\"(max-width: 755px) 100vw, 755px\" \/>\t\t\t\t\t\t\t\t\t\t\t\t\t\t\t<\/div>\n\t\t\t\t<\/div>\n\t\t\t\t<div class=\"elementor-element elementor-element-8f5c290 elementor-widget elementor-widget-text-editor\" data-id=\"8f5c290\" data-element_type=\"widget\" data-widget_type=\"text-editor.default\">\n\t\t\t\t<div class=\"elementor-widget-container\">\n\t\t\t\t\t\t\t\t\t<h2>FAUNA<\/h2><p>\u015awiat natury zamkni\u0119ty w bi\u017cuterii \u2013 to ho\u0142d dla dzikiego pi\u0119kna i niezwyk\u0142ej r\u00f3\u017cnorodno\u015bci przyrody. Misternie wykonane ptaki, motyle, skorupiaki, lew czy ma\u0142pa o\u017cywaj\u0105 w porcelanie, z\u0142ocie i szlachetnych kamieniach, tworz\u0105c bi\u017cuteri\u0119 pe\u0142n\u0105 charakteru. Ka\u017cdy detal oddaje dynamik\u0119 natury i emanuje niepowtarzalnym kunsztem.<\/p>\t\t\t\t\t\t\t\t<\/div>\n\t\t\t\t<\/div>\n\t\t\t\t\t<\/div>\n\t\t\t\t<\/div>\n\t\t<div class=\"elementor-element elementor-element-8fd4850 e-grid e-con-boxed e-con e-parent\" data-id=\"8fd4850\" data-element_type=\"container\">\n\t\t\t\t\t<div class=\"e-con-inner\">\n\t\t\t\t\t<\/div>\n\t\t\t\t<\/div>\n\t\t\t\t<\/div>\n\t\t","protected":false},"excerpt":{"rendered":"<p>FAUNA \u015awiat natury zamkni\u0119ty w bi\u017cuterii \u2013 to ho\u0142d dla dzikiego pi\u0119kna i niezwyk\u0142ej r\u00f3\u017cnorodno\u015bci przyrody. Misternie wykonane ptaki, motyle, skorupiaki, lew czy ma\u0142pa o\u017cywaj\u0105 w porcelanie, z\u0142ocie i szlachetnych&#8230;<\/p>\n","protected":false},"author":1,"featured_media":0,"parent":0,"menu_order":0,"comment_status":"closed","ping_status":"closed","template":"","meta":{"_EventAllDay":false,"_EventTimezone":"","_EventStartDate":"","_EventEndDate":"","_EventStartDateUTC":"","_EventEndDateUTC":"","_EventShowMap":false,"_EventShowMapLink":false,"_EventURL":"","_EventCost":"","_EventCostDescription":"","_EventCurrencySymbol":"","_EventCurrencyCode":"","_EventCurrencyPosition":"","_EventDateTimeSeparator":"","_EventTimeRangeSeparator":"","_EventOrganizerID":[],"_EventVenueID":[],"_OrganizerEmail":"","_OrganizerPhone":"","_OrganizerWebsite":"","_VenueAddress":"","_VenueCity":"","_VenueCountry":"","_VenueProvince":"","_VenueState":"","_VenueZip":"","_VenuePhone":"","_VenueURL":"","_VenueStateProvince":"","_VenueLat":"","_VenueLng":"","_VenueShowMap":false,"_VenueShowMapLink":false,"_kadence_starter_templates_imported_post":false,"_kad_post_transparent":"","_kad_post_title":"hide","_kad_post_layout":"fullwidth","_kad_post_sidebar_id":"","_kad_post_content_style":"unboxed","_kad_post_vertical_padding":"hide","_kad_post_feature":"hide","_kad_post_feature_position":"","_kad_post_header":false,"_kad_post_footer":false,"footnotes":""},"class_list":["post-1644","page","type-page","status-publish","hentry"],"yoast_head":"<!-- This site is optimized with the Yoast SEO plugin v25.6 - https:\/\/yoast.com\/wordpress\/plugins\/seo\/ -->\n<title>NATURE - ROMANA PORCELAIN JEWELRY<\/title>\n<meta name=\"robots\" content=\"index, follow, max-snippet:-1, max-image-preview:large, max-video-preview:-1\" \/>\n<link rel=\"canonical\" href=\"https:\/\/romanajewelry.pl\/?page_id=1644\" \/>\n<meta property=\"og:locale\" content=\"pl_PL\" \/>\n<meta property=\"og:type\" content=\"article\" \/>\n<meta property=\"og:title\" content=\"NATURE - ROMANA PORCELAIN JEWELRY\" \/>\n<meta property=\"og:description\" content=\"FAUNA \u015awiat natury zamkni\u0119ty w bi\u017cuterii \u2013 to ho\u0142d dla dzikiego pi\u0119kna i niezwyk\u0142ej r\u00f3\u017cnorodno\u015bci przyrody. Misternie wykonane ptaki, motyle, skorupiaki, lew czy ma\u0142pa o\u017cywaj\u0105 w porcelanie, z\u0142ocie i szlachetnych...\" \/>\n<meta property=\"og:url\" content=\"https:\/\/romanajewelry.pl\/?page_id=1644\" \/>\n<meta property=\"og:site_name\" content=\"ROMANA PORCELAIN JEWELRY\" \/>\n<meta property=\"article:publisher\" content=\"https:\/\/www.facebook.com\/Romanabieleckaartist\" \/>\n<meta property=\"article:modified_time\" content=\"2025-03-07T15:01:31+00:00\" \/>\n<meta property=\"og:image\" content=\"https:\/\/romanajewelry.pl\/wp-content\/uploads\/2025\/01\/IMG_1691-e1738078937829.jpeg\" \/>\n\t<meta property=\"og:image:width\" content=\"1290\" \/>\n\t<meta property=\"og:image:height\" content=\"1750\" \/>\n\t<meta property=\"og:image:type\" content=\"image\/jpeg\" \/>\n<meta name=\"twitter:card\" content=\"summary_large_image\" \/>\n<meta name=\"twitter:label1\" content=\"Szacowany czas czytania\" \/>\n\t<meta name=\"twitter:data1\" content=\"1 minuta\" \/>\n<script type=\"application\/ld+json\" class=\"yoast-schema-graph\">{\"@context\":\"https:\/\/schema.org\",\"@graph\":[{\"@type\":\"WebPage\",\"@id\":\"https:\/\/romanajewelry.pl\/?page_id=1644\",\"url\":\"https:\/\/romanajewelry.pl\/?page_id=1644\",\"name\":\"NATURE - ROMANA PORCELAIN JEWELRY\",\"isPartOf\":{\"@id\":\"https:\/\/romanajewelry.pl\/#website\"},\"primaryImageOfPage\":{\"@id\":\"https:\/\/romanajewelry.pl\/?page_id=1644#primaryimage\"},\"image\":{\"@id\":\"https:\/\/romanajewelry.pl\/?page_id=1644#primaryimage\"},\"thumbnailUrl\":\"https:\/\/romanajewelry.pl\/wp-content\/uploads\/2025\/01\/IMG_1691-e1738078937829-755x1024.jpeg\",\"datePublished\":\"2025-02-18T11:16:36+00:00\",\"dateModified\":\"2025-03-07T15:01:31+00:00\",\"breadcrumb\":{\"@id\":\"https:\/\/romanajewelry.pl\/?page_id=1644#breadcrumb\"},\"inLanguage\":\"pl-PL\",\"potentialAction\":[{\"@type\":\"ReadAction\",\"target\":[\"https:\/\/romanajewelry.pl\/?page_id=1644\"]}]},{\"@type\":\"ImageObject\",\"inLanguage\":\"pl-PL\",\"@id\":\"https:\/\/romanajewelry.pl\/?page_id=1644#primaryimage\",\"url\":\"https:\/\/romanajewelry.pl\/wp-content\/uploads\/2025\/01\/IMG_1691-e1738078937829.jpeg\",\"contentUrl\":\"https:\/\/romanajewelry.pl\/wp-content\/uploads\/2025\/01\/IMG_1691-e1738078937829.jpeg\",\"width\":1290,\"height\":1750},{\"@type\":\"BreadcrumbList\",\"@id\":\"https:\/\/romanajewelry.pl\/?page_id=1644#breadcrumb\",\"itemListElement\":[{\"@type\":\"ListItem\",\"position\":1,\"name\":\"Strona g\u0142\u00f3wna\",\"item\":\"https:\/\/romanajewelry.pl\/\"},{\"@type\":\"ListItem\",\"position\":2,\"name\":\"NATURE\"}]},{\"@type\":\"WebSite\",\"@id\":\"https:\/\/romanajewelry.pl\/#website\",\"url\":\"https:\/\/romanajewelry.pl\/\",\"name\":\"ROMANA PORCELAIN JEWELRY\",\"description\":\"\",\"publisher\":{\"@id\":\"https:\/\/romanajewelry.pl\/#organization\"},\"potentialAction\":[{\"@type\":\"SearchAction\",\"target\":{\"@type\":\"EntryPoint\",\"urlTemplate\":\"https:\/\/romanajewelry.pl\/?s={search_term_string}\"},\"query-input\":{\"@type\":\"PropertyValueSpecification\",\"valueRequired\":true,\"valueName\":\"search_term_string\"}}],\"inLanguage\":\"pl-PL\"},{\"@type\":\"Organization\",\"@id\":\"https:\/\/romanajewelry.pl\/#organization\",\"name\":\"ROMANA PORCELAIN JEWELRY\",\"url\":\"https:\/\/romanajewelry.pl\/\",\"logo\":{\"@type\":\"ImageObject\",\"inLanguage\":\"pl-PL\",\"@id\":\"https:\/\/romanajewelry.pl\/#\/schema\/logo\/image\/\",\"url\":\"https:\/\/romanajewelry.pl\/wp-content\/uploads\/2025\/02\/cropped-cropped-Logo-bez-tla.png\",\"contentUrl\":\"https:\/\/romanajewelry.pl\/wp-content\/uploads\/2025\/02\/cropped-cropped-Logo-bez-tla.png\",\"width\":340,\"height\":380,\"caption\":\"ROMANA PORCELAIN JEWELRY\"},\"image\":{\"@id\":\"https:\/\/romanajewelry.pl\/#\/schema\/logo\/image\/\"},\"sameAs\":[\"https:\/\/www.facebook.com\/Romanabieleckaartist\",\"https:\/\/www.instagram.com\/romana_bielecka\/\"]}]}<\/script>\n<!-- \/ Yoast SEO plugin. -->","yoast_head_json":{"title":"NATURE - ROMANA PORCELAIN JEWELRY","robots":{"index":"index","follow":"follow","max-snippet":"max-snippet:-1","max-image-preview":"max-image-preview:large","max-video-preview":"max-video-preview:-1"},"canonical":"https:\/\/romanajewelry.pl\/?page_id=1644","og_locale":"pl_PL","og_type":"article","og_title":"NATURE - ROMANA PORCELAIN JEWELRY","og_description":"FAUNA \u015awiat natury zamkni\u0119ty w bi\u017cuterii \u2013 to ho\u0142d dla dzikiego pi\u0119kna i niezwyk\u0142ej r\u00f3\u017cnorodno\u015bci przyrody. Misternie wykonane ptaki, motyle, skorupiaki, lew czy ma\u0142pa o\u017cywaj\u0105 w porcelanie, z\u0142ocie i szlachetnych...","og_url":"https:\/\/romanajewelry.pl\/?page_id=1644","og_site_name":"ROMANA PORCELAIN JEWELRY","article_publisher":"https:\/\/www.facebook.com\/Romanabieleckaartist","article_modified_time":"2025-03-07T15:01:31+00:00","og_image":[{"width":1290,"height":1750,"url":"https:\/\/romanajewelry.pl\/wp-content\/uploads\/2025\/01\/IMG_1691-e1738078937829.jpeg","type":"image\/jpeg"}],"twitter_card":"summary_large_image","twitter_misc":{"Szacowany czas czytania":"1 minuta"},"schema":{"@context":"https:\/\/schema.org","@graph":[{"@type":"WebPage","@id":"https:\/\/romanajewelry.pl\/?page_id=1644","url":"https:\/\/romanajewelry.pl\/?page_id=1644","name":"NATURE - ROMANA PORCELAIN JEWELRY","isPartOf":{"@id":"https:\/\/romanajewelry.pl\/#website"},"primaryImageOfPage":{"@id":"https:\/\/romanajewelry.pl\/?page_id=1644#primaryimage"},"image":{"@id":"https:\/\/romanajewelry.pl\/?page_id=1644#primaryimage"},"thumbnailUrl":"https:\/\/romanajewelry.pl\/wp-content\/uploads\/2025\/01\/IMG_1691-e1738078937829-755x1024.jpeg","datePublished":"2025-02-18T11:16:36+00:00","dateModified":"2025-03-07T15:01:31+00:00","breadcrumb":{"@id":"https:\/\/romanajewelry.pl\/?page_id=1644#breadcrumb"},"inLanguage":"pl-PL","potentialAction":[{"@type":"ReadAction","target":["https:\/\/romanajewelry.pl\/?page_id=1644"]}]},{"@type":"ImageObject","inLanguage":"pl-PL","@id":"https:\/\/romanajewelry.pl\/?page_id=1644#primaryimage","url":"https:\/\/romanajewelry.pl\/wp-content\/uploads\/2025\/01\/IMG_1691-e1738078937829.jpeg","contentUrl":"https:\/\/romanajewelry.pl\/wp-content\/uploads\/2025\/01\/IMG_1691-e1738078937829.jpeg","width":1290,"height":1750},{"@type":"BreadcrumbList","@id":"https:\/\/romanajewelry.pl\/?page_id=1644#breadcrumb","itemListElement":[{"@type":"ListItem","position":1,"name":"Strona g\u0142\u00f3wna","item":"https:\/\/romanajewelry.pl\/"},{"@type":"ListItem","position":2,"name":"NATURE"}]},{"@type":"WebSite","@id":"https:\/\/romanajewelry.pl\/#website","url":"https:\/\/romanajewelry.pl\/","name":"ROMANA PORCELAIN JEWELRY","description":"","publisher":{"@id":"https:\/\/romanajewelry.pl\/#organization"},"potentialAction":[{"@type":"SearchAction","target":{"@type":"EntryPoint","urlTemplate":"https:\/\/romanajewelry.pl\/?s={search_term_string}"},"query-input":{"@type":"PropertyValueSpecification","valueRequired":true,"valueName":"search_term_string"}}],"inLanguage":"pl-PL"},{"@type":"Organization","@id":"https:\/\/romanajewelry.pl\/#organization","name":"ROMANA PORCELAIN JEWELRY","url":"https:\/\/romanajewelry.pl\/","logo":{"@type":"ImageObject","inLanguage":"pl-PL","@id":"https:\/\/romanajewelry.pl\/#\/schema\/logo\/image\/","url":"https:\/\/romanajewelry.pl\/wp-content\/uploads\/2025\/02\/cropped-cropped-Logo-bez-tla.png","contentUrl":"https:\/\/romanajewelry.pl\/wp-content\/uploads\/2025\/02\/cropped-cropped-Logo-bez-tla.png","width":340,"height":380,"caption":"ROMANA PORCELAIN JEWELRY"},"image":{"@id":"https:\/\/romanajewelry.pl\/#\/schema\/logo\/image\/"},"sameAs":["https:\/\/www.facebook.com\/Romanabieleckaartist","https:\/\/www.instagram.com\/romana_bielecka\/"]}]}},"_links":{"self":[{"href":"https:\/\/romanajewelry.pl\/index.php?rest_route=\/wp\/v2\/pages\/1644","targetHints":{"allow":["GET"]}}],"collection":[{"href":"https:\/\/romanajewelry.pl\/index.php?rest_route=\/wp\/v2\/pages"}],"about":[{"href":"https:\/\/romanajewelry.pl\/index.php?rest_route=\/wp\/v2\/types\/page"}],"author":[{"embeddable":true,"href":"https:\/\/romanajewelry.pl\/index.php?rest_route=\/wp\/v2\/users\/1"}],"replies":[{"embeddable":true,"href":"https:\/\/romanajewelry.pl\/index.php?rest_route=%2Fwp%2Fv2%2Fcomments&post=1644"}],"version-history":[{"count":10,"href":"https:\/\/romanajewelry.pl\/index.php?rest_route=\/wp\/v2\/pages\/1644\/revisions"}],"predecessor-version":[{"id":2127,"href":"https:\/\/romanajewelry.pl\/index.php?rest_route=\/wp\/v2\/pages\/1644\/revisions\/2127"}],"wp:attachment":[{"href":"https:\/\/romanajewelry.pl\/index.php?rest_route=%2Fwp%2Fv2%2Fmedia&parent=1644"}],"curies":[{"name":"wp","href":"https:\/\/api.w.org\/{rel}","templated":true}]}}