{"id":1646,"date":"2025-02-18T12:16:56","date_gmt":"2025-02-18T11:16:56","guid":{"rendered":"https:\/\/romanajewelry.pl\/?page_id=1646"},"modified":"2025-05-09T07:25:23","modified_gmt":"2025-05-09T05:25:23","slug":"mare","status":"publish","type":"page","link":"https:\/\/romanajewelry.pl\/?page_id=1646","title":{"rendered":"BODY"},"content":{"rendered":"\t\t<div data-elementor-type=\"wp-page\" data-elementor-id=\"1646\" class=\"elementor elementor-1646\">\n\t\t\t\t<div class=\"elementor-element elementor-element-bf74b7b e-grid e-con-boxed e-con e-parent\" data-id=\"bf74b7b\" data-element_type=\"container\">\n\t\t\t\t\t<div class=\"e-con-inner\">\n\t\t\t\t\t<\/div>\n\t\t\t\t<\/div>\n\t\t<div class=\"elementor-element elementor-element-15897d7 e-grid e-con-boxed e-con e-parent\" data-id=\"15897d7\" data-element_type=\"container\">\n\t\t\t\t\t<div class=\"e-con-inner\">\n\t\t\t\t<div class=\"elementor-element elementor-element-915e4e3 elementor-widget elementor-widget-image\" data-id=\"915e4e3\" data-element_type=\"widget\" data-widget_type=\"image.default\">\n\t\t\t\t<div class=\"elementor-widget-container\">\n\t\t\t\t\t\t\t\t\t\t\t\t\t\t\t<img fetchpriority=\"high\" decoding=\"async\" width=\"1024\" height=\"1024\" src=\"https:\/\/romanajewelry.pl\/wp-content\/uploads\/2025\/03\/d75fd919-dbfb-49e8-883d-b74eba66c819-1024x1024.jpeg\" class=\"attachment-large size-large wp-image-1969\" alt=\"\" srcset=\"https:\/\/romanajewelry.pl\/wp-content\/uploads\/2025\/03\/d75fd919-dbfb-49e8-883d-b74eba66c819-1024x1024.jpeg 1024w, https:\/\/romanajewelry.pl\/wp-content\/uploads\/2025\/03\/d75fd919-dbfb-49e8-883d-b74eba66c819-scaled-400x400.jpeg 400w, https:\/\/romanajewelry.pl\/wp-content\/uploads\/2025\/03\/d75fd919-dbfb-49e8-883d-b74eba66c819-scaled-100x100.jpeg 100w, https:\/\/romanajewelry.pl\/wp-content\/uploads\/2025\/03\/d75fd919-dbfb-49e8-883d-b74eba66c819-scaled-500x500.jpeg 500w, https:\/\/romanajewelry.pl\/wp-content\/uploads\/2025\/03\/d75fd919-dbfb-49e8-883d-b74eba66c819-300x300.jpeg 300w, https:\/\/romanajewelry.pl\/wp-content\/uploads\/2025\/03\/d75fd919-dbfb-49e8-883d-b74eba66c819-150x150.jpeg 150w, https:\/\/romanajewelry.pl\/wp-content\/uploads\/2025\/03\/d75fd919-dbfb-49e8-883d-b74eba66c819-768x768.jpeg 768w, https:\/\/romanajewelry.pl\/wp-content\/uploads\/2025\/03\/d75fd919-dbfb-49e8-883d-b74eba66c819-1536x1536.jpeg 1536w, https:\/\/romanajewelry.pl\/wp-content\/uploads\/2025\/03\/d75fd919-dbfb-49e8-883d-b74eba66c819-2048x2048.jpeg 2048w, https:\/\/romanajewelry.pl\/wp-content\/uploads\/2025\/03\/d75fd919-dbfb-49e8-883d-b74eba66c819-1320x1320.jpeg 1320w\" sizes=\"(max-width: 1024px) 100vw, 1024px\" \/>\t\t\t\t\t\t\t\t\t\t\t\t\t\t\t<\/div>\n\t\t\t\t<\/div>\n\t\t\t\t<div class=\"elementor-element elementor-element-b47832e elementor-widget elementor-widget-text-editor\" data-id=\"b47832e\" data-element_type=\"widget\" data-widget_type=\"text-editor.default\">\n\t\t\t\t<div class=\"elementor-widget-container\">\n\t\t\t\t\t\t\t\t\t<h2>BODY<\/h2><p>Kolekcja inspirowana cia\u0142em, pokazuj\u0105ca doskona\u0142o\u015b\u0107 poszczeg\u00f3lnych jego cz\u0119\u015bci. Znajdziesz tu usta, oczy czy nosy.<\/p>\t\t\t\t\t\t\t\t<\/div>\n\t\t\t\t<\/div>\n\t\t\t\t\t<\/div>\n\t\t\t\t<\/div>\n\t\t<div class=\"elementor-element elementor-element-203e92e e-grid e-con-boxed e-con e-parent\" data-id=\"203e92e\" data-element_type=\"container\">\n\t\t\t\t\t<div class=\"e-con-inner\">\n\t\t\t\t\t<\/div>\n\t\t\t\t<\/div>\n\t\t\t\t<\/div>\n\t\t","protected":false},"excerpt":{"rendered":"<p>BODY Kolekcja inspirowana cia\u0142em, pokazuj\u0105ca doskona\u0142o\u015b\u0107 poszczeg\u00f3lnych jego cz\u0119\u015bci. Znajdziesz tu usta, oczy czy nosy.<\/p>\n","protected":false},"author":1,"featured_media":0,"parent":0,"menu_order":0,"comment_status":"closed","ping_status":"closed","template":"","meta":{"_EventAllDay":false,"_EventTimezone":"","_EventStartDate":"","_EventEndDate":"","_EventStartDateUTC":"","_EventEndDateUTC":"","_EventShowMap":false,"_EventShowMapLink":false,"_EventURL":"","_EventCost":"","_EventCostDescription":"","_EventCurrencySymbol":"","_EventCurrencyCode":"","_EventCurrencyPosition":"","_EventDateTimeSeparator":"","_EventTimeRangeSeparator":"","_EventOrganizerID":[],"_EventVenueID":[],"_OrganizerEmail":"","_OrganizerPhone":"","_OrganizerWebsite":"","_VenueAddress":"","_VenueCity":"","_VenueCountry":"","_VenueProvince":"","_VenueState":"","_VenueZip":"","_VenuePhone":"","_VenueURL":"","_VenueStateProvince":"","_VenueLat":"","_VenueLng":"","_VenueShowMap":false,"_VenueShowMapLink":false,"_kadence_starter_templates_imported_post":false,"_kad_post_transparent":"","_kad_post_title":"hide","_kad_post_layout":"fullwidth","_kad_post_sidebar_id":"","_kad_post_content_style":"unboxed","_kad_post_vertical_padding":"hide","_kad_post_feature":"hide","_kad_post_feature_position":"","_kad_post_header":false,"_kad_post_footer":false,"footnotes":""},"class_list":["post-1646","page","type-page","status-publish","hentry"],"yoast_head":"<!-- This site is optimized with the Yoast SEO plugin v25.6 - https:\/\/yoast.com\/wordpress\/plugins\/seo\/ -->\n<title>BODY - ROMANA PORCELAIN JEWELRY<\/title>\n<meta name=\"robots\" content=\"index, follow, max-snippet:-1, max-image-preview:large, max-video-preview:-1\" \/>\n<link rel=\"canonical\" href=\"https:\/\/romanajewelry.pl\/?page_id=1646\" \/>\n<meta property=\"og:locale\" content=\"pl_PL\" \/>\n<meta property=\"og:type\" content=\"article\" \/>\n<meta property=\"og:title\" content=\"BODY - ROMANA PORCELAIN JEWELRY\" \/>\n<meta property=\"og:description\" content=\"BODY Kolekcja inspirowana cia\u0142em, pokazuj\u0105ca doskona\u0142o\u015b\u0107 poszczeg\u00f3lnych jego cz\u0119\u015bci. Znajdziesz tu usta, oczy czy nosy.\" \/>\n<meta property=\"og:url\" content=\"https:\/\/romanajewelry.pl\/?page_id=1646\" \/>\n<meta property=\"og:site_name\" content=\"ROMANA PORCELAIN JEWELRY\" \/>\n<meta property=\"article:publisher\" content=\"https:\/\/www.facebook.com\/Romanabieleckaartist\" \/>\n<meta property=\"article:modified_time\" content=\"2025-05-09T05:25:23+00:00\" \/>\n<meta property=\"og:image\" content=\"https:\/\/romanajewelry.pl\/wp-content\/uploads\/2025\/03\/d75fd919-dbfb-49e8-883d-b74eba66c819-scaled.jpeg\" \/>\n\t<meta property=\"og:image:width\" content=\"2560\" \/>\n\t<meta property=\"og:image:height\" content=\"2560\" \/>\n\t<meta property=\"og:image:type\" content=\"image\/jpeg\" \/>\n<meta name=\"twitter:card\" content=\"summary_large_image\" \/>\n<meta name=\"twitter:label1\" content=\"Szacowany czas czytania\" \/>\n\t<meta name=\"twitter:data1\" content=\"1 minuta\" \/>\n<script type=\"application\/ld+json\" class=\"yoast-schema-graph\">{\"@context\":\"https:\/\/schema.org\",\"@graph\":[{\"@type\":\"WebPage\",\"@id\":\"https:\/\/romanajewelry.pl\/?page_id=1646\",\"url\":\"https:\/\/romanajewelry.pl\/?page_id=1646\",\"name\":\"BODY - ROMANA PORCELAIN JEWELRY\",\"isPartOf\":{\"@id\":\"https:\/\/romanajewelry.pl\/#website\"},\"primaryImageOfPage\":{\"@id\":\"https:\/\/romanajewelry.pl\/?page_id=1646#primaryimage\"},\"image\":{\"@id\":\"https:\/\/romanajewelry.pl\/?page_id=1646#primaryimage\"},\"thumbnailUrl\":\"https:\/\/romanajewelry.pl\/wp-content\/uploads\/2025\/03\/d75fd919-dbfb-49e8-883d-b74eba66c819-1024x1024.jpeg\",\"datePublished\":\"2025-02-18T11:16:56+00:00\",\"dateModified\":\"2025-05-09T05:25:23+00:00\",\"breadcrumb\":{\"@id\":\"https:\/\/romanajewelry.pl\/?page_id=1646#breadcrumb\"},\"inLanguage\":\"pl-PL\",\"potentialAction\":[{\"@type\":\"ReadAction\",\"target\":[\"https:\/\/romanajewelry.pl\/?page_id=1646\"]}]},{\"@type\":\"ImageObject\",\"inLanguage\":\"pl-PL\",\"@id\":\"https:\/\/romanajewelry.pl\/?page_id=1646#primaryimage\",\"url\":\"https:\/\/romanajewelry.pl\/wp-content\/uploads\/2025\/03\/d75fd919-dbfb-49e8-883d-b74eba66c819-scaled.jpeg\",\"contentUrl\":\"https:\/\/romanajewelry.pl\/wp-content\/uploads\/2025\/03\/d75fd919-dbfb-49e8-883d-b74eba66c819-scaled.jpeg\",\"width\":2560,\"height\":2560},{\"@type\":\"BreadcrumbList\",\"@id\":\"https:\/\/romanajewelry.pl\/?page_id=1646#breadcrumb\",\"itemListElement\":[{\"@type\":\"ListItem\",\"position\":1,\"name\":\"Strona g\u0142\u00f3wna\",\"item\":\"https:\/\/romanajewelry.pl\/\"},{\"@type\":\"ListItem\",\"position\":2,\"name\":\"BODY\"}]},{\"@type\":\"WebSite\",\"@id\":\"https:\/\/romanajewelry.pl\/#website\",\"url\":\"https:\/\/romanajewelry.pl\/\",\"name\":\"ROMANA PORCELAIN JEWELRY\",\"description\":\"\",\"publisher\":{\"@id\":\"https:\/\/romanajewelry.pl\/#organization\"},\"potentialAction\":[{\"@type\":\"SearchAction\",\"target\":{\"@type\":\"EntryPoint\",\"urlTemplate\":\"https:\/\/romanajewelry.pl\/?s={search_term_string}\"},\"query-input\":{\"@type\":\"PropertyValueSpecification\",\"valueRequired\":true,\"valueName\":\"search_term_string\"}}],\"inLanguage\":\"pl-PL\"},{\"@type\":\"Organization\",\"@id\":\"https:\/\/romanajewelry.pl\/#organization\",\"name\":\"ROMANA PORCELAIN JEWELRY\",\"url\":\"https:\/\/romanajewelry.pl\/\",\"logo\":{\"@type\":\"ImageObject\",\"inLanguage\":\"pl-PL\",\"@id\":\"https:\/\/romanajewelry.pl\/#\/schema\/logo\/image\/\",\"url\":\"https:\/\/romanajewelry.pl\/wp-content\/uploads\/2025\/02\/cropped-cropped-Logo-bez-tla.png\",\"contentUrl\":\"https:\/\/romanajewelry.pl\/wp-content\/uploads\/2025\/02\/cropped-cropped-Logo-bez-tla.png\",\"width\":340,\"height\":380,\"caption\":\"ROMANA PORCELAIN JEWELRY\"},\"image\":{\"@id\":\"https:\/\/romanajewelry.pl\/#\/schema\/logo\/image\/\"},\"sameAs\":[\"https:\/\/www.facebook.com\/Romanabieleckaartist\",\"https:\/\/www.instagram.com\/romana_bielecka\/\"]}]}<\/script>\n<!-- \/ Yoast SEO plugin. -->","yoast_head_json":{"title":"BODY - ROMANA PORCELAIN JEWELRY","robots":{"index":"index","follow":"follow","max-snippet":"max-snippet:-1","max-image-preview":"max-image-preview:large","max-video-preview":"max-video-preview:-1"},"canonical":"https:\/\/romanajewelry.pl\/?page_id=1646","og_locale":"pl_PL","og_type":"article","og_title":"BODY - ROMANA PORCELAIN JEWELRY","og_description":"BODY Kolekcja inspirowana cia\u0142em, pokazuj\u0105ca doskona\u0142o\u015b\u0107 poszczeg\u00f3lnych jego cz\u0119\u015bci. Znajdziesz tu usta, oczy czy nosy.","og_url":"https:\/\/romanajewelry.pl\/?page_id=1646","og_site_name":"ROMANA PORCELAIN JEWELRY","article_publisher":"https:\/\/www.facebook.com\/Romanabieleckaartist","article_modified_time":"2025-05-09T05:25:23+00:00","og_image":[{"width":2560,"height":2560,"url":"https:\/\/romanajewelry.pl\/wp-content\/uploads\/2025\/03\/d75fd919-dbfb-49e8-883d-b74eba66c819-scaled.jpeg","type":"image\/jpeg"}],"twitter_card":"summary_large_image","twitter_misc":{"Szacowany czas czytania":"1 minuta"},"schema":{"@context":"https:\/\/schema.org","@graph":[{"@type":"WebPage","@id":"https:\/\/romanajewelry.pl\/?page_id=1646","url":"https:\/\/romanajewelry.pl\/?page_id=1646","name":"BODY - ROMANA PORCELAIN JEWELRY","isPartOf":{"@id":"https:\/\/romanajewelry.pl\/#website"},"primaryImageOfPage":{"@id":"https:\/\/romanajewelry.pl\/?page_id=1646#primaryimage"},"image":{"@id":"https:\/\/romanajewelry.pl\/?page_id=1646#primaryimage"},"thumbnailUrl":"https:\/\/romanajewelry.pl\/wp-content\/uploads\/2025\/03\/d75fd919-dbfb-49e8-883d-b74eba66c819-1024x1024.jpeg","datePublished":"2025-02-18T11:16:56+00:00","dateModified":"2025-05-09T05:25:23+00:00","breadcrumb":{"@id":"https:\/\/romanajewelry.pl\/?page_id=1646#breadcrumb"},"inLanguage":"pl-PL","potentialAction":[{"@type":"ReadAction","target":["https:\/\/romanajewelry.pl\/?page_id=1646"]}]},{"@type":"ImageObject","inLanguage":"pl-PL","@id":"https:\/\/romanajewelry.pl\/?page_id=1646#primaryimage","url":"https:\/\/romanajewelry.pl\/wp-content\/uploads\/2025\/03\/d75fd919-dbfb-49e8-883d-b74eba66c819-scaled.jpeg","contentUrl":"https:\/\/romanajewelry.pl\/wp-content\/uploads\/2025\/03\/d75fd919-dbfb-49e8-883d-b74eba66c819-scaled.jpeg","width":2560,"height":2560},{"@type":"BreadcrumbList","@id":"https:\/\/romanajewelry.pl\/?page_id=1646#breadcrumb","itemListElement":[{"@type":"ListItem","position":1,"name":"Strona g\u0142\u00f3wna","item":"https:\/\/romanajewelry.pl\/"},{"@type":"ListItem","position":2,"name":"BODY"}]},{"@type":"WebSite","@id":"https:\/\/romanajewelry.pl\/#website","url":"https:\/\/romanajewelry.pl\/","name":"ROMANA PORCELAIN JEWELRY","description":"","publisher":{"@id":"https:\/\/romanajewelry.pl\/#organization"},"potentialAction":[{"@type":"SearchAction","target":{"@type":"EntryPoint","urlTemplate":"https:\/\/romanajewelry.pl\/?s={search_term_string}"},"query-input":{"@type":"PropertyValueSpecification","valueRequired":true,"valueName":"search_term_string"}}],"inLanguage":"pl-PL"},{"@type":"Organization","@id":"https:\/\/romanajewelry.pl\/#organization","name":"ROMANA PORCELAIN JEWELRY","url":"https:\/\/romanajewelry.pl\/","logo":{"@type":"ImageObject","inLanguage":"pl-PL","@id":"https:\/\/romanajewelry.pl\/#\/schema\/logo\/image\/","url":"https:\/\/romanajewelry.pl\/wp-content\/uploads\/2025\/02\/cropped-cropped-Logo-bez-tla.png","contentUrl":"https:\/\/romanajewelry.pl\/wp-content\/uploads\/2025\/02\/cropped-cropped-Logo-bez-tla.png","width":340,"height":380,"caption":"ROMANA PORCELAIN JEWELRY"},"image":{"@id":"https:\/\/romanajewelry.pl\/#\/schema\/logo\/image\/"},"sameAs":["https:\/\/www.facebook.com\/Romanabieleckaartist","https:\/\/www.instagram.com\/romana_bielecka\/"]}]}},"_links":{"self":[{"href":"https:\/\/romanajewelry.pl\/index.php?rest_route=\/wp\/v2\/pages\/1646","targetHints":{"allow":["GET"]}}],"collection":[{"href":"https:\/\/romanajewelry.pl\/index.php?rest_route=\/wp\/v2\/pages"}],"about":[{"href":"https:\/\/romanajewelry.pl\/index.php?rest_route=\/wp\/v2\/types\/page"}],"author":[{"embeddable":true,"href":"https:\/\/romanajewelry.pl\/index.php?rest_route=\/wp\/v2\/users\/1"}],"replies":[{"embeddable":true,"href":"https:\/\/romanajewelry.pl\/index.php?rest_route=%2Fwp%2Fv2%2Fcomments&post=1646"}],"version-history":[{"count":17,"href":"https:\/\/romanajewelry.pl\/index.php?rest_route=\/wp\/v2\/pages\/1646\/revisions"}],"predecessor-version":[{"id":2147,"href":"https:\/\/romanajewelry.pl\/index.php?rest_route=\/wp\/v2\/pages\/1646\/revisions\/2147"}],"wp:attachment":[{"href":"https:\/\/romanajewelry.pl\/index.php?rest_route=%2Fwp%2Fv2%2Fmedia&parent=1646"}],"curies":[{"name":"wp","href":"https:\/\/api.w.org\/{rel}","templated":true}]}}