{"id":1825,"date":"2025-02-20T11:41:09","date_gmt":"2025-02-20T10:41:09","guid":{"rendered":"https:\/\/romanajewelry.pl\/?page_id=1825"},"modified":"2025-02-20T12:05:18","modified_gmt":"2025-02-20T11:05:18","slug":"romana-w-mediach","status":"publish","type":"page","link":"https:\/\/romanajewelry.pl\/?page_id=1825","title":{"rendered":"ROMANA w mediach"},"content":{"rendered":"\t\t<div data-elementor-type=\"wp-page\" data-elementor-id=\"1825\" class=\"elementor elementor-1825\">\n\t\t\t\t<div class=\"elementor-element elementor-element-e369369 e-flex e-con-boxed e-con e-parent\" data-id=\"e369369\" data-element_type=\"container\">\n\t\t\t\t\t<div class=\"e-con-inner\">\n\t\t\t\t<div class=\"elementor-element elementor-element-6ea6d8d elementor-widget elementor-widget-spacer\" data-id=\"6ea6d8d\" data-element_type=\"widget\" data-widget_type=\"spacer.default\">\n\t\t\t\t<div class=\"elementor-widget-container\">\n\t\t\t\t\t\t\t<div class=\"elementor-spacer\">\n\t\t\t<div class=\"elementor-spacer-inner\"><\/div>\n\t\t<\/div>\n\t\t\t\t\t\t<\/div>\n\t\t\t\t<\/div>\n\t\t\t\t<div class=\"elementor-element elementor-element-f9ced10 elementor-arrows-position-inside elementor-pagination-position-outside elementor-widget elementor-widget-image-carousel\" data-id=\"f9ced10\" data-element_type=\"widget\" data-settings=\"{&quot;navigation&quot;:&quot;both&quot;,&quot;autoplay&quot;:&quot;yes&quot;,&quot;pause_on_hover&quot;:&quot;yes&quot;,&quot;pause_on_interaction&quot;:&quot;yes&quot;,&quot;autoplay_speed&quot;:5000,&quot;infinite&quot;:&quot;yes&quot;,&quot;speed&quot;:500,&quot;image_spacing_custom&quot;:{&quot;unit&quot;:&quot;px&quot;,&quot;size&quot;:20,&quot;sizes&quot;:[]},&quot;image_spacing_custom_tablet&quot;:{&quot;unit&quot;:&quot;px&quot;,&quot;size&quot;:&quot;&quot;,&quot;sizes&quot;:[]},&quot;image_spacing_custom_mobile&quot;:{&quot;unit&quot;:&quot;px&quot;,&quot;size&quot;:&quot;&quot;,&quot;sizes&quot;:[]}}\" data-widget_type=\"image-carousel.default\">\n\t\t\t\t<div class=\"elementor-widget-container\">\n\t\t\t\t\t\t\t<div class=\"elementor-image-carousel-wrapper swiper\" role=\"region\" aria-roledescription=\"carousel\" aria-label=\"Karuzela obrazk\u00f3w\" dir=\"ltr\">\n\t\t\t<div class=\"elementor-image-carousel swiper-wrapper\" aria-live=\"off\">\n\t\t\t\t\t\t\t\t<div class=\"swiper-slide\" role=\"group\" aria-roledescription=\"slide\" aria-label=\"1 z 18\"><figure class=\"swiper-slide-inner\"><img decoding=\"async\" class=\"swiper-slide-image\" src=\"https:\/\/romanajewelry.pl\/wp-content\/uploads\/2025\/02\/ab2890ba-6823-4b8a-a4d5-8fa1ede73c8c-1024x1024.jpeg\" alt=\"ab2890ba-6823-4b8a-a4d5-8fa1ede73c8c\" \/><\/figure><\/div><div class=\"swiper-slide\" role=\"group\" aria-roledescription=\"slide\" aria-label=\"2 z 18\"><figure class=\"swiper-slide-inner\"><img decoding=\"async\" class=\"swiper-slide-image\" src=\"https:\/\/romanajewelry.pl\/wp-content\/uploads\/2025\/02\/0a0564c0-a8cb-4f14-8fbe-7aa83db1914b-1024x1024.jpeg\" alt=\"0a0564c0-a8cb-4f14-8fbe-7aa83db1914b\" \/><\/figure><\/div><div class=\"swiper-slide\" role=\"group\" aria-roledescription=\"slide\" aria-label=\"3 z 18\"><figure class=\"swiper-slide-inner\"><img decoding=\"async\" class=\"swiper-slide-image\" src=\"https:\/\/romanajewelry.pl\/wp-content\/uploads\/2025\/02\/5ed65d38-8292-4597-b4f9-ed48e790e9f7-1024x1024.jpeg\" alt=\"5ed65d38-8292-4597-b4f9-ed48e790e9f7\" \/><\/figure><\/div><div class=\"swiper-slide\" role=\"group\" aria-roledescription=\"slide\" aria-label=\"4 z 18\"><figure class=\"swiper-slide-inner\"><img decoding=\"async\" class=\"swiper-slide-image\" src=\"https:\/\/romanajewelry.pl\/wp-content\/uploads\/2025\/02\/1ddad480-b880-4d31-919b-05f6f0ab8f75-1024x1024.jpeg\" alt=\"1ddad480-b880-4d31-919b-05f6f0ab8f75\" \/><\/figure><\/div><div class=\"swiper-slide\" role=\"group\" aria-roledescription=\"slide\" aria-label=\"5 z 18\"><figure class=\"swiper-slide-inner\"><img decoding=\"async\" class=\"swiper-slide-image\" src=\"https:\/\/romanajewelry.pl\/wp-content\/uploads\/2025\/02\/a56df104-3948-436b-97c4-8541749f19cb-1024x1024.jpeg\" alt=\"a56df104-3948-436b-97c4-8541749f19cb\" \/><\/figure><\/div><div class=\"swiper-slide\" role=\"group\" aria-roledescription=\"slide\" aria-label=\"6 z 18\"><figure class=\"swiper-slide-inner\"><img decoding=\"async\" class=\"swiper-slide-image\" src=\"https:\/\/romanajewelry.pl\/wp-content\/uploads\/2025\/02\/bd17dfb6-736d-42ab-9e88-1859bd57ef1f-1024x1024.jpeg\" alt=\"bd17dfb6-736d-42ab-9e88-1859bd57ef1f\" \/><\/figure><\/div><div class=\"swiper-slide\" role=\"group\" aria-roledescription=\"slide\" aria-label=\"7 z 18\"><figure class=\"swiper-slide-inner\"><img decoding=\"async\" class=\"swiper-slide-image\" src=\"https:\/\/romanajewelry.pl\/wp-content\/uploads\/2025\/02\/cc7ebe48-4579-4603-b14e-b6a5ac9e454b-1024x1024.jpeg\" alt=\"cc7ebe48-4579-4603-b14e-b6a5ac9e454b\" \/><\/figure><\/div><div class=\"swiper-slide\" role=\"group\" aria-roledescription=\"slide\" aria-label=\"8 z 18\"><figure class=\"swiper-slide-inner\"><img decoding=\"async\" class=\"swiper-slide-image\" src=\"https:\/\/romanajewelry.pl\/wp-content\/uploads\/2025\/02\/66e5a1de-c7c6-48ea-bfae-eb73eac99176-1024x1024.jpeg\" alt=\"66e5a1de-c7c6-48ea-bfae-eb73eac99176\" \/><\/figure><\/div><div class=\"swiper-slide\" role=\"group\" aria-roledescription=\"slide\" aria-label=\"9 z 18\"><figure class=\"swiper-slide-inner\"><img decoding=\"async\" class=\"swiper-slide-image\" src=\"https:\/\/romanajewelry.pl\/wp-content\/uploads\/2025\/02\/daf5f937-7dc9-4e59-9378-3278e5b534da-1024x1024.jpeg\" alt=\"daf5f937-7dc9-4e59-9378-3278e5b534da\" \/><\/figure><\/div><div class=\"swiper-slide\" role=\"group\" aria-roledescription=\"slide\" aria-label=\"10 z 18\"><figure class=\"swiper-slide-inner\"><img decoding=\"async\" class=\"swiper-slide-image\" src=\"https:\/\/romanajewelry.pl\/wp-content\/uploads\/2025\/02\/a168f6e2-9384-483f-aac0-090b979ed4ac-1024x1024.jpeg\" alt=\"a168f6e2-9384-483f-aac0-090b979ed4ac\" \/><\/figure><\/div><div class=\"swiper-slide\" role=\"group\" aria-roledescription=\"slide\" aria-label=\"11 z 18\"><figure class=\"swiper-slide-inner\"><img decoding=\"async\" class=\"swiper-slide-image\" src=\"https:\/\/romanajewelry.pl\/wp-content\/uploads\/2025\/02\/76eca147-e116-459e-8392-41c1ce9730b2-1024x1024.jpeg\" alt=\"76eca147-e116-459e-8392-41c1ce9730b2\" \/><\/figure><\/div><div class=\"swiper-slide\" role=\"group\" aria-roledescription=\"slide\" aria-label=\"12 z 18\"><figure class=\"swiper-slide-inner\"><img decoding=\"async\" class=\"swiper-slide-image\" src=\"https:\/\/romanajewelry.pl\/wp-content\/uploads\/2025\/02\/abcdd9b2-dee8-4e32-b7d5-4072d0137dcb-1024x1024.jpeg\" alt=\"abcdd9b2-dee8-4e32-b7d5-4072d0137dcb\" \/><\/figure><\/div><div class=\"swiper-slide\" role=\"group\" aria-roledescription=\"slide\" aria-label=\"13 z 18\"><figure class=\"swiper-slide-inner\"><img decoding=\"async\" class=\"swiper-slide-image\" src=\"https:\/\/romanajewelry.pl\/wp-content\/uploads\/2025\/02\/8dff77dd-58aa-4d61-8260-6473889e6afa-1024x1024.jpeg\" alt=\"8dff77dd-58aa-4d61-8260-6473889e6afa\" \/><\/figure><\/div><div class=\"swiper-slide\" role=\"group\" aria-roledescription=\"slide\" aria-label=\"14 z 18\"><figure class=\"swiper-slide-inner\"><img decoding=\"async\" class=\"swiper-slide-image\" src=\"https:\/\/romanajewelry.pl\/wp-content\/uploads\/2025\/02\/e8bfdb77-20ca-4924-946f-595ada0a7ba6-1024x1024.jpeg\" alt=\"e8bfdb77-20ca-4924-946f-595ada0a7ba6\" \/><\/figure><\/div><div class=\"swiper-slide\" role=\"group\" aria-roledescription=\"slide\" aria-label=\"15 z 18\"><figure class=\"swiper-slide-inner\"><img decoding=\"async\" class=\"swiper-slide-image\" src=\"https:\/\/romanajewelry.pl\/wp-content\/uploads\/2025\/02\/1fc4bc3c-c705-4a3f-9f7b-dfccb44cef51-1024x1024.jpeg\" alt=\"1fc4bc3c-c705-4a3f-9f7b-dfccb44cef51\" \/><\/figure><\/div><div class=\"swiper-slide\" role=\"group\" aria-roledescription=\"slide\" aria-label=\"16 z 18\"><figure class=\"swiper-slide-inner\"><img decoding=\"async\" class=\"swiper-slide-image\" src=\"https:\/\/romanajewelry.pl\/wp-content\/uploads\/2025\/02\/4b8d02cf-007e-4554-9ced-1b1d6436b5de-1024x1024.jpeg\" alt=\"4b8d02cf-007e-4554-9ced-1b1d6436b5de\" \/><\/figure><\/div><div class=\"swiper-slide\" role=\"group\" aria-roledescription=\"slide\" aria-label=\"17 z 18\"><figure class=\"swiper-slide-inner\"><img decoding=\"async\" class=\"swiper-slide-image\" src=\"https:\/\/romanajewelry.pl\/wp-content\/uploads\/2025\/02\/0711f9f1-ddc5-4469-bce6-970ca6e37f92-1024x1024.jpeg\" alt=\"0711f9f1-ddc5-4469-bce6-970ca6e37f92\" \/><\/figure><\/div><div class=\"swiper-slide\" role=\"group\" aria-roledescription=\"slide\" aria-label=\"18 z 18\"><figure class=\"swiper-slide-inner\"><img decoding=\"async\" class=\"swiper-slide-image\" src=\"https:\/\/romanajewelry.pl\/wp-content\/uploads\/2025\/02\/4533f1f5-4fee-43de-94e7-11986cf28eac-1024x1024.jpeg\" alt=\"4533f1f5-4fee-43de-94e7-11986cf28eac\" \/><\/figure><\/div>\t\t\t<\/div>\n\t\t\t\t\t\t\t\t\t\t\t\t<div class=\"elementor-swiper-button elementor-swiper-button-prev\" role=\"button\" tabindex=\"0\">\n\t\t\t\t\t\t<svg aria-hidden=\"true\" class=\"e-font-icon-svg e-eicon-chevron-left\" viewBox=\"0 0 1000 1000\" xmlns=\"http:\/\/www.w3.org\/2000\/svg\"><path d=\"M646 125C629 125 613 133 604 142L308 442C296 454 292 471 292 487 292 504 296 521 308 533L604 854C617 867 629 875 646 875 663 875 679 871 692 858 704 846 713 829 713 812 713 796 708 779 692 767L438 487 692 225C700 217 708 204 708 187 708 171 704 154 692 142 675 129 663 125 646 125Z\"><\/path><\/svg>\t\t\t\t\t<\/div>\n\t\t\t\t\t<div class=\"elementor-swiper-button elementor-swiper-button-next\" role=\"button\" tabindex=\"0\">\n\t\t\t\t\t\t<svg aria-hidden=\"true\" class=\"e-font-icon-svg e-eicon-chevron-right\" viewBox=\"0 0 1000 1000\" xmlns=\"http:\/\/www.w3.org\/2000\/svg\"><path d=\"M696 533C708 521 713 504 713 487 713 471 708 454 696 446L400 146C388 133 375 125 354 125 338 125 325 129 313 142 300 154 292 171 292 187 292 204 296 221 308 233L563 492 304 771C292 783 288 800 288 817 288 833 296 850 308 863 321 871 338 875 354 875 371 875 388 867 400 854L696 533Z\"><\/path><\/svg>\t\t\t\t\t<\/div>\n\t\t\t\t\n\t\t\t\t\t\t\t\t\t<div class=\"swiper-pagination\"><\/div>\n\t\t\t\t\t\t\t\t\t<\/div>\n\t\t\t\t\t\t<\/div>\n\t\t\t\t<\/div>\n\t\t\t\t\t<\/div>\n\t\t\t\t<\/div>\n\t\t<div class=\"elementor-element elementor-element-69dbfbc e-grid e-con-boxed e-con e-parent\" data-id=\"69dbfbc\" data-element_type=\"container\">\n\t\t\t\t\t<div class=\"e-con-inner\">\n\t\t\t\t<div class=\"elementor-element elementor-element-ca9908c elementor-widget elementor-widget-text-editor\" data-id=\"ca9908c\" data-element_type=\"widget\" data-widget_type=\"text-editor.default\">\n\t\t\t\t<div class=\"elementor-widget-container\">\n\t\t\t\t\t\t\t\t\t<p>Bi\u017cuteria porcelanowa ROMANA jest ch\u0119tnie wybierana i cieszy si\u0119 zainteresowaniem stylist\u00f3w. Unikalne wyroby dostrzeg\u0142y tak\u017ce \u00a0liczne media. W powy\u017cszych tytu\u0142ach znajdziesz artyku\u0142y i ciekawe przedstawienie bi\u017cuterii Romany Bieleckiej.\u00a0<\/p>\t\t\t\t\t\t\t\t<\/div>\n\t\t\t\t<\/div>\n\t\t\t\t\t<\/div>\n\t\t\t\t<\/div>\n\t\t<div class=\"elementor-element elementor-element-b2319ef e-grid e-con-boxed e-con e-parent\" data-id=\"b2319ef\" data-element_type=\"container\">\n\t\t\t\t\t<div class=\"e-con-inner\">\n\t\t\t\t<div class=\"elementor-element elementor-element-7edbe65 elementor-widget elementor-widget-image\" data-id=\"7edbe65\" data-element_type=\"widget\" data-widget_type=\"image.default\">\n\t\t\t\t<div class=\"elementor-widget-container\">\n\t\t\t\t\t\t\t\t\t\t\t\t\t\t\t<img fetchpriority=\"high\" decoding=\"async\" width=\"400\" height=\"400\" src=\"https:\/\/romanajewelry.pl\/wp-content\/uploads\/2025\/02\/Obrazek-148.jpeg\" class=\"attachment-large size-large wp-image-1856\" alt=\"\" srcset=\"https:\/\/romanajewelry.pl\/wp-content\/uploads\/2025\/02\/Obrazek-148.jpeg 400w, https:\/\/romanajewelry.pl\/wp-content\/uploads\/2025\/02\/Obrazek-148-100x100.jpeg 100w, https:\/\/romanajewelry.pl\/wp-content\/uploads\/2025\/02\/Obrazek-148-300x300.jpeg 300w, https:\/\/romanajewelry.pl\/wp-content\/uploads\/2025\/02\/Obrazek-148-150x150.jpeg 150w\" sizes=\"(max-width: 400px) 100vw, 400px\" \/>\t\t\t\t\t\t\t\t\t\t\t\t\t\t\t<\/div>\n\t\t\t\t<\/div>\n\t\t\t\t<div class=\"elementor-element elementor-element-4f0e920 elementor-widget elementor-widget-text-editor\" data-id=\"4f0e920\" data-element_type=\"widget\" data-widget_type=\"text-editor.default\">\n\t\t\t\t<div class=\"elementor-widget-container\">\n\t\t\t\t\t\t\t\t\t<p>O tym jak powstaje bi\u017cuteria z porcelany oraz o wielu innych ciekawostkach zza kulis pos\u0142uchasz tak\u017ce w podca\u015bcie \u00a0DAWNO TEMU W SZTUCE.<\/p><p><a href=\"https:\/\/open.spotify.com\/episode\/7zoL5zCFTmwQPskyVuu3jq?si=37aaeaee920e48fa\">POS\u0141UCHAJ PODCASTU<\/a><\/p>\t\t\t\t\t\t\t\t<\/div>\n\t\t\t\t<\/div>\n\t\t\t\t\t<\/div>\n\t\t\t\t<\/div>\n\t\t\t\t<\/div>\n\t\t","protected":false},"excerpt":{"rendered":"<p>Bi\u017cuteria porcelanowa ROMANA jest ch\u0119tnie wybierana i cieszy si\u0119 zainteresowaniem stylist\u00f3w. Unikalne wyroby dostrzeg\u0142y tak\u017ce \u00a0liczne media. W powy\u017cszych tytu\u0142ach znajdziesz artyku\u0142y i ciekawe przedstawienie bi\u017cuterii Romany Bieleckiej.\u00a0 O tym&#8230;<\/p>\n","protected":false},"author":1,"featured_media":0,"parent":0,"menu_order":0,"comment_status":"closed","ping_status":"closed","template":"","meta":{"_EventAllDay":false,"_EventTimezone":"","_EventStartDate":"","_EventEndDate":"","_EventStartDateUTC":"","_EventEndDateUTC":"","_EventShowMap":false,"_EventShowMapLink":false,"_EventURL":"","_EventCost":"","_EventCostDescription":"","_EventCurrencySymbol":"","_EventCurrencyCode":"","_EventCurrencyPosition":"","_EventDateTimeSeparator":"","_EventTimeRangeSeparator":"","_EventOrganizerID":[],"_EventVenueID":[],"_OrganizerEmail":"","_OrganizerPhone":"","_OrganizerWebsite":"","_VenueAddress":"","_VenueCity":"","_VenueCountry":"","_VenueProvince":"","_VenueState":"","_VenueZip":"","_VenuePhone":"","_VenueURL":"","_VenueStateProvince":"","_VenueLat":"","_VenueLng":"","_VenueShowMap":false,"_VenueShowMapLink":false,"_kadence_starter_templates_imported_post":false,"_kad_post_transparent":"","_kad_post_title":"hide","_kad_post_layout":"fullwidth","_kad_post_sidebar_id":"","_kad_post_content_style":"unboxed","_kad_post_vertical_padding":"hide","_kad_post_feature":"hide","_kad_post_feature_position":"","_kad_post_header":false,"_kad_post_footer":false,"footnotes":""},"class_list":["post-1825","page","type-page","status-publish","hentry"],"yoast_head":"<!-- This site is optimized with the Yoast SEO plugin v25.6 - https:\/\/yoast.com\/wordpress\/plugins\/seo\/ -->\n<title>ROMANA w mediach - ROMANA PORCELAIN JEWELRY<\/title>\n<meta name=\"robots\" content=\"index, follow, max-snippet:-1, max-image-preview:large, max-video-preview:-1\" \/>\n<link rel=\"canonical\" href=\"https:\/\/romanajewelry.pl\/?page_id=1825\" \/>\n<meta property=\"og:locale\" content=\"pl_PL\" \/>\n<meta property=\"og:type\" content=\"article\" \/>\n<meta property=\"og:title\" content=\"ROMANA w mediach - ROMANA PORCELAIN JEWELRY\" \/>\n<meta property=\"og:description\" content=\"Bi\u017cuteria porcelanowa ROMANA jest ch\u0119tnie wybierana i cieszy si\u0119 zainteresowaniem stylist\u00f3w. Unikalne wyroby dostrzeg\u0142y tak\u017ce \u00a0liczne media. W powy\u017cszych tytu\u0142ach znajdziesz artyku\u0142y i ciekawe przedstawienie bi\u017cuterii Romany Bieleckiej.\u00a0 O tym...\" \/>\n<meta property=\"og:url\" content=\"https:\/\/romanajewelry.pl\/?page_id=1825\" \/>\n<meta property=\"og:site_name\" content=\"ROMANA PORCELAIN JEWELRY\" \/>\n<meta property=\"article:publisher\" content=\"https:\/\/www.facebook.com\/Romanabieleckaartist\" \/>\n<meta property=\"article:modified_time\" content=\"2025-02-20T11:05:18+00:00\" \/>\n<meta property=\"og:image\" content=\"https:\/\/romanajewelry.pl\/wp-content\/uploads\/2025\/02\/ab2890ba-6823-4b8a-a4d5-8fa1ede73c8c-1024x1024.jpeg\" \/>\n<meta name=\"twitter:card\" content=\"summary_large_image\" \/>\n<meta name=\"twitter:label1\" content=\"Szacowany czas czytania\" \/>\n\t<meta name=\"twitter:data1\" content=\"6 minut\" \/>\n<script type=\"application\/ld+json\" class=\"yoast-schema-graph\">{\"@context\":\"https:\/\/schema.org\",\"@graph\":[{\"@type\":\"WebPage\",\"@id\":\"https:\/\/romanajewelry.pl\/?page_id=1825\",\"url\":\"https:\/\/romanajewelry.pl\/?page_id=1825\",\"name\":\"ROMANA w mediach - ROMANA PORCELAIN JEWELRY\",\"isPartOf\":{\"@id\":\"https:\/\/romanajewelry.pl\/#website\"},\"primaryImageOfPage\":{\"@id\":\"https:\/\/romanajewelry.pl\/?page_id=1825#primaryimage\"},\"image\":{\"@id\":\"https:\/\/romanajewelry.pl\/?page_id=1825#primaryimage\"},\"thumbnailUrl\":\"https:\/\/romanajewelry.pl\/wp-content\/uploads\/2025\/02\/ab2890ba-6823-4b8a-a4d5-8fa1ede73c8c-1024x1024.jpeg\",\"datePublished\":\"2025-02-20T10:41:09+00:00\",\"dateModified\":\"2025-02-20T11:05:18+00:00\",\"breadcrumb\":{\"@id\":\"https:\/\/romanajewelry.pl\/?page_id=1825#breadcrumb\"},\"inLanguage\":\"pl-PL\",\"potentialAction\":[{\"@type\":\"ReadAction\",\"target\":[\"https:\/\/romanajewelry.pl\/?page_id=1825\"]}]},{\"@type\":\"ImageObject\",\"inLanguage\":\"pl-PL\",\"@id\":\"https:\/\/romanajewelry.pl\/?page_id=1825#primaryimage\",\"url\":\"https:\/\/romanajewelry.pl\/wp-content\/uploads\/2025\/02\/ab2890ba-6823-4b8a-a4d5-8fa1ede73c8c-1024x1024.jpeg\",\"contentUrl\":\"https:\/\/romanajewelry.pl\/wp-content\/uploads\/2025\/02\/ab2890ba-6823-4b8a-a4d5-8fa1ede73c8c-1024x1024.jpeg\"},{\"@type\":\"BreadcrumbList\",\"@id\":\"https:\/\/romanajewelry.pl\/?page_id=1825#breadcrumb\",\"itemListElement\":[{\"@type\":\"ListItem\",\"position\":1,\"name\":\"Strona g\u0142\u00f3wna\",\"item\":\"https:\/\/romanajewelry.pl\/\"},{\"@type\":\"ListItem\",\"position\":2,\"name\":\"ROMANA w mediach\"}]},{\"@type\":\"WebSite\",\"@id\":\"https:\/\/romanajewelry.pl\/#website\",\"url\":\"https:\/\/romanajewelry.pl\/\",\"name\":\"ROMANA PORCELAIN JEWELRY\",\"description\":\"\",\"publisher\":{\"@id\":\"https:\/\/romanajewelry.pl\/#organization\"},\"potentialAction\":[{\"@type\":\"SearchAction\",\"target\":{\"@type\":\"EntryPoint\",\"urlTemplate\":\"https:\/\/romanajewelry.pl\/?s={search_term_string}\"},\"query-input\":{\"@type\":\"PropertyValueSpecification\",\"valueRequired\":true,\"valueName\":\"search_term_string\"}}],\"inLanguage\":\"pl-PL\"},{\"@type\":\"Organization\",\"@id\":\"https:\/\/romanajewelry.pl\/#organization\",\"name\":\"ROMANA PORCELAIN JEWELRY\",\"url\":\"https:\/\/romanajewelry.pl\/\",\"logo\":{\"@type\":\"ImageObject\",\"inLanguage\":\"pl-PL\",\"@id\":\"https:\/\/romanajewelry.pl\/#\/schema\/logo\/image\/\",\"url\":\"https:\/\/romanajewelry.pl\/wp-content\/uploads\/2025\/02\/cropped-cropped-Logo-bez-tla.png\",\"contentUrl\":\"https:\/\/romanajewelry.pl\/wp-content\/uploads\/2025\/02\/cropped-cropped-Logo-bez-tla.png\",\"width\":340,\"height\":380,\"caption\":\"ROMANA PORCELAIN JEWELRY\"},\"image\":{\"@id\":\"https:\/\/romanajewelry.pl\/#\/schema\/logo\/image\/\"},\"sameAs\":[\"https:\/\/www.facebook.com\/Romanabieleckaartist\",\"https:\/\/www.instagram.com\/romana_bielecka\/\"]}]}<\/script>\n<!-- \/ Yoast SEO plugin. -->","yoast_head_json":{"title":"ROMANA w mediach - ROMANA PORCELAIN JEWELRY","robots":{"index":"index","follow":"follow","max-snippet":"max-snippet:-1","max-image-preview":"max-image-preview:large","max-video-preview":"max-video-preview:-1"},"canonical":"https:\/\/romanajewelry.pl\/?page_id=1825","og_locale":"pl_PL","og_type":"article","og_title":"ROMANA w mediach - ROMANA PORCELAIN JEWELRY","og_description":"Bi\u017cuteria porcelanowa ROMANA jest ch\u0119tnie wybierana i cieszy si\u0119 zainteresowaniem stylist\u00f3w. Unikalne wyroby dostrzeg\u0142y tak\u017ce \u00a0liczne media. W powy\u017cszych tytu\u0142ach znajdziesz artyku\u0142y i ciekawe przedstawienie bi\u017cuterii Romany Bieleckiej.\u00a0 O tym...","og_url":"https:\/\/romanajewelry.pl\/?page_id=1825","og_site_name":"ROMANA PORCELAIN JEWELRY","article_publisher":"https:\/\/www.facebook.com\/Romanabieleckaartist","article_modified_time":"2025-02-20T11:05:18+00:00","og_image":[{"url":"https:\/\/romanajewelry.pl\/wp-content\/uploads\/2025\/02\/ab2890ba-6823-4b8a-a4d5-8fa1ede73c8c-1024x1024.jpeg","type":"","width":"","height":""}],"twitter_card":"summary_large_image","twitter_misc":{"Szacowany czas czytania":"6 minut"},"schema":{"@context":"https:\/\/schema.org","@graph":[{"@type":"WebPage","@id":"https:\/\/romanajewelry.pl\/?page_id=1825","url":"https:\/\/romanajewelry.pl\/?page_id=1825","name":"ROMANA w mediach - ROMANA PORCELAIN JEWELRY","isPartOf":{"@id":"https:\/\/romanajewelry.pl\/#website"},"primaryImageOfPage":{"@id":"https:\/\/romanajewelry.pl\/?page_id=1825#primaryimage"},"image":{"@id":"https:\/\/romanajewelry.pl\/?page_id=1825#primaryimage"},"thumbnailUrl":"https:\/\/romanajewelry.pl\/wp-content\/uploads\/2025\/02\/ab2890ba-6823-4b8a-a4d5-8fa1ede73c8c-1024x1024.jpeg","datePublished":"2025-02-20T10:41:09+00:00","dateModified":"2025-02-20T11:05:18+00:00","breadcrumb":{"@id":"https:\/\/romanajewelry.pl\/?page_id=1825#breadcrumb"},"inLanguage":"pl-PL","potentialAction":[{"@type":"ReadAction","target":["https:\/\/romanajewelry.pl\/?page_id=1825"]}]},{"@type":"ImageObject","inLanguage":"pl-PL","@id":"https:\/\/romanajewelry.pl\/?page_id=1825#primaryimage","url":"https:\/\/romanajewelry.pl\/wp-content\/uploads\/2025\/02\/ab2890ba-6823-4b8a-a4d5-8fa1ede73c8c-1024x1024.jpeg","contentUrl":"https:\/\/romanajewelry.pl\/wp-content\/uploads\/2025\/02\/ab2890ba-6823-4b8a-a4d5-8fa1ede73c8c-1024x1024.jpeg"},{"@type":"BreadcrumbList","@id":"https:\/\/romanajewelry.pl\/?page_id=1825#breadcrumb","itemListElement":[{"@type":"ListItem","position":1,"name":"Strona g\u0142\u00f3wna","item":"https:\/\/romanajewelry.pl\/"},{"@type":"ListItem","position":2,"name":"ROMANA w mediach"}]},{"@type":"WebSite","@id":"https:\/\/romanajewelry.pl\/#website","url":"https:\/\/romanajewelry.pl\/","name":"ROMANA PORCELAIN JEWELRY","description":"","publisher":{"@id":"https:\/\/romanajewelry.pl\/#organization"},"potentialAction":[{"@type":"SearchAction","target":{"@type":"EntryPoint","urlTemplate":"https:\/\/romanajewelry.pl\/?s={search_term_string}"},"query-input":{"@type":"PropertyValueSpecification","valueRequired":true,"valueName":"search_term_string"}}],"inLanguage":"pl-PL"},{"@type":"Organization","@id":"https:\/\/romanajewelry.pl\/#organization","name":"ROMANA PORCELAIN JEWELRY","url":"https:\/\/romanajewelry.pl\/","logo":{"@type":"ImageObject","inLanguage":"pl-PL","@id":"https:\/\/romanajewelry.pl\/#\/schema\/logo\/image\/","url":"https:\/\/romanajewelry.pl\/wp-content\/uploads\/2025\/02\/cropped-cropped-Logo-bez-tla.png","contentUrl":"https:\/\/romanajewelry.pl\/wp-content\/uploads\/2025\/02\/cropped-cropped-Logo-bez-tla.png","width":340,"height":380,"caption":"ROMANA PORCELAIN JEWELRY"},"image":{"@id":"https:\/\/romanajewelry.pl\/#\/schema\/logo\/image\/"},"sameAs":["https:\/\/www.facebook.com\/Romanabieleckaartist","https:\/\/www.instagram.com\/romana_bielecka\/"]}]}},"_links":{"self":[{"href":"https:\/\/romanajewelry.pl\/index.php?rest_route=\/wp\/v2\/pages\/1825","targetHints":{"allow":["GET"]}}],"collection":[{"href":"https:\/\/romanajewelry.pl\/index.php?rest_route=\/wp\/v2\/pages"}],"about":[{"href":"https:\/\/romanajewelry.pl\/index.php?rest_route=\/wp\/v2\/types\/page"}],"author":[{"embeddable":true,"href":"https:\/\/romanajewelry.pl\/index.php?rest_route=\/wp\/v2\/users\/1"}],"replies":[{"embeddable":true,"href":"https:\/\/romanajewelry.pl\/index.php?rest_route=%2Fwp%2Fv2%2Fcomments&post=1825"}],"version-history":[{"count":13,"href":"https:\/\/romanajewelry.pl\/index.php?rest_route=\/wp\/v2\/pages\/1825\/revisions"}],"predecessor-version":[{"id":1862,"href":"https:\/\/romanajewelry.pl\/index.php?rest_route=\/wp\/v2\/pages\/1825\/revisions\/1862"}],"wp:attachment":[{"href":"https:\/\/romanajewelry.pl\/index.php?rest_route=%2Fwp%2Fv2%2Fmedia&parent=1825"}],"curies":[{"name":"wp","href":"https:\/\/api.w.org\/{rel}","templated":true}]}}