{"id":1925,"date":"2025-03-07T10:41:24","date_gmt":"2025-03-07T09:41:24","guid":{"rendered":"https:\/\/romanajewelry.pl\/?page_id=1925"},"modified":"2025-03-07T12:23:55","modified_gmt":"2025-03-07T11:23:55","slug":"premium","status":"publish","type":"page","link":"https:\/\/romanajewelry.pl\/?page_id=1925","title":{"rendered":"PREMIUM"},"content":{"rendered":"\t\t<div data-elementor-type=\"wp-page\" data-elementor-id=\"1925\" class=\"elementor elementor-1925\">\n\t\t\t\t<div class=\"elementor-element elementor-element-5758acc e-grid e-con-boxed e-con e-parent\" data-id=\"5758acc\" data-element_type=\"container\">\n\t\t\t\t\t<div class=\"e-con-inner\">\n\t\t\t\t<div class=\"elementor-element elementor-element-59f601a elementor-widget elementor-widget-spacer\" data-id=\"59f601a\" data-element_type=\"widget\" data-widget_type=\"spacer.default\">\n\t\t\t\t<div class=\"elementor-widget-container\">\n\t\t\t\t\t\t\t<div class=\"elementor-spacer\">\n\t\t\t<div class=\"elementor-spacer-inner\"><\/div>\n\t\t<\/div>\n\t\t\t\t\t\t<\/div>\n\t\t\t\t<\/div>\n\t\t\t\t\t<\/div>\n\t\t\t\t<\/div>\n\t\t<div class=\"elementor-element elementor-element-6004b6e e-grid e-con-boxed e-con e-parent\" data-id=\"6004b6e\" data-element_type=\"container\">\n\t\t\t\t\t<div class=\"e-con-inner\">\n\t\t\t\t<div class=\"elementor-element elementor-element-f38a5b6 elementor-widget elementor-widget-image\" data-id=\"f38a5b6\" data-element_type=\"widget\" data-widget_type=\"image.default\">\n\t\t\t\t<div class=\"elementor-widget-container\">\n\t\t\t\t\t\t\t\t\t\t\t\t\t\t\t<img fetchpriority=\"high\" decoding=\"async\" width=\"1024\" height=\"1024\" src=\"https:\/\/romanajewelry.pl\/wp-content\/uploads\/2025\/03\/86767d07-dd09-4167-b31c-08dbaca8db6e-1024x1024.jpeg\" class=\"attachment-large size-large wp-image-1943\" alt=\"\" srcset=\"https:\/\/romanajewelry.pl\/wp-content\/uploads\/2025\/03\/86767d07-dd09-4167-b31c-08dbaca8db6e-1024x1024.jpeg 1024w, https:\/\/romanajewelry.pl\/wp-content\/uploads\/2025\/03\/86767d07-dd09-4167-b31c-08dbaca8db6e-400x400.jpeg 400w, https:\/\/romanajewelry.pl\/wp-content\/uploads\/2025\/03\/86767d07-dd09-4167-b31c-08dbaca8db6e-100x100.jpeg 100w, https:\/\/romanajewelry.pl\/wp-content\/uploads\/2025\/03\/86767d07-dd09-4167-b31c-08dbaca8db6e-500x500.jpeg 500w, https:\/\/romanajewelry.pl\/wp-content\/uploads\/2025\/03\/86767d07-dd09-4167-b31c-08dbaca8db6e-300x300.jpeg 300w, https:\/\/romanajewelry.pl\/wp-content\/uploads\/2025\/03\/86767d07-dd09-4167-b31c-08dbaca8db6e-150x150.jpeg 150w, https:\/\/romanajewelry.pl\/wp-content\/uploads\/2025\/03\/86767d07-dd09-4167-b31c-08dbaca8db6e-768x768.jpeg 768w, https:\/\/romanajewelry.pl\/wp-content\/uploads\/2025\/03\/86767d07-dd09-4167-b31c-08dbaca8db6e-1536x1536.jpeg 1536w, https:\/\/romanajewelry.pl\/wp-content\/uploads\/2025\/03\/86767d07-dd09-4167-b31c-08dbaca8db6e-1320x1320.jpeg 1320w, https:\/\/romanajewelry.pl\/wp-content\/uploads\/2025\/03\/86767d07-dd09-4167-b31c-08dbaca8db6e.jpeg 2048w\" sizes=\"(max-width: 1024px) 100vw, 1024px\" \/>\t\t\t\t\t\t\t\t\t\t\t\t\t\t\t<\/div>\n\t\t\t\t<\/div>\n\t\t\t\t<div class=\"elementor-element elementor-element-e7efb18 elementor-widget elementor-widget-text-editor\" data-id=\"e7efb18\" data-element_type=\"widget\" data-widget_type=\"text-editor.default\">\n\t\t\t\t<div class=\"elementor-widget-container\">\n\t\t\t\t\t\t\t\t\t<h2>PREMIUM<\/h2><p>Kolekcja premium to bi\u017cuteria na najwy\u017cszym poziomie luksusu. Po\u0142\u0105czenie porcelany z elementami z 24k z\u0142ota oraz kamieni szlachetnych. Znajdziesz tutaj tak\u017ce wyj\u0105tkowe prace pokazuj\u0105ce wyrafinowany kunszt rzemios\u0142a artystycznego.<\/p>\t\t\t\t\t\t\t\t<\/div>\n\t\t\t\t<\/div>\n\t\t\t\t\t<\/div>\n\t\t\t\t<\/div>\n\t\t\t\t<\/div>\n\t\t","protected":false},"excerpt":{"rendered":"<p>PREMIUM Kolekcja premium to bi\u017cuteria na najwy\u017cszym poziomie luksusu. Po\u0142\u0105czenie porcelany z elementami z 24k z\u0142ota oraz kamieni szlachetnych. Znajdziesz tutaj tak\u017ce wyj\u0105tkowe prace pokazuj\u0105ce wyrafinowany kunszt rzemios\u0142a artystycznego.<\/p>\n","protected":false},"author":1,"featured_media":0,"parent":0,"menu_order":0,"comment_status":"closed","ping_status":"closed","template":"","meta":{"_EventAllDay":false,"_EventTimezone":"","_EventStartDate":"","_EventEndDate":"","_EventStartDateUTC":"","_EventEndDateUTC":"","_EventShowMap":false,"_EventShowMapLink":false,"_EventURL":"","_EventCost":"","_EventCostDescription":"","_EventCurrencySymbol":"","_EventCurrencyCode":"","_EventCurrencyPosition":"","_EventDateTimeSeparator":"","_EventTimeRangeSeparator":"","_EventOrganizerID":[],"_EventVenueID":[],"_OrganizerEmail":"","_OrganizerPhone":"","_OrganizerWebsite":"","_VenueAddress":"","_VenueCity":"","_VenueCountry":"","_VenueProvince":"","_VenueState":"","_VenueZip":"","_VenuePhone":"","_VenueURL":"","_VenueStateProvince":"","_VenueLat":"","_VenueLng":"","_VenueShowMap":false,"_VenueShowMapLink":false,"_kadence_starter_templates_imported_post":false,"_kad_post_transparent":"","_kad_post_title":"hide","_kad_post_layout":"fullwidth","_kad_post_sidebar_id":"","_kad_post_content_style":"unboxed","_kad_post_vertical_padding":"hide","_kad_post_feature":"hide","_kad_post_feature_position":"","_kad_post_header":false,"_kad_post_footer":false,"footnotes":""},"class_list":["post-1925","page","type-page","status-publish","hentry"],"yoast_head":"<!-- This site is optimized with the Yoast SEO plugin v25.6 - https:\/\/yoast.com\/wordpress\/plugins\/seo\/ -->\n<title>PREMIUM - ROMANA PORCELAIN JEWELRY<\/title>\n<meta name=\"robots\" content=\"index, follow, max-snippet:-1, max-image-preview:large, max-video-preview:-1\" \/>\n<link rel=\"canonical\" href=\"https:\/\/romanajewelry.pl\/?page_id=1925\" \/>\n<meta property=\"og:locale\" content=\"pl_PL\" \/>\n<meta property=\"og:type\" content=\"article\" \/>\n<meta property=\"og:title\" content=\"PREMIUM - ROMANA PORCELAIN JEWELRY\" \/>\n<meta property=\"og:description\" content=\"PREMIUM Kolekcja premium to bi\u017cuteria na najwy\u017cszym poziomie luksusu. Po\u0142\u0105czenie porcelany z elementami z 24k z\u0142ota oraz kamieni szlachetnych. Znajdziesz tutaj tak\u017ce wyj\u0105tkowe prace pokazuj\u0105ce wyrafinowany kunszt rzemios\u0142a artystycznego.\" \/>\n<meta property=\"og:url\" content=\"https:\/\/romanajewelry.pl\/?page_id=1925\" \/>\n<meta property=\"og:site_name\" content=\"ROMANA PORCELAIN JEWELRY\" \/>\n<meta property=\"article:publisher\" content=\"https:\/\/www.facebook.com\/Romanabieleckaartist\" \/>\n<meta property=\"article:modified_time\" content=\"2025-03-07T11:23:55+00:00\" \/>\n<meta property=\"og:image\" content=\"https:\/\/romanajewelry.pl\/wp-content\/uploads\/2025\/03\/86767d07-dd09-4167-b31c-08dbaca8db6e.jpeg\" \/>\n\t<meta property=\"og:image:width\" content=\"2048\" \/>\n\t<meta property=\"og:image:height\" content=\"2048\" \/>\n\t<meta property=\"og:image:type\" content=\"image\/jpeg\" \/>\n<meta name=\"twitter:card\" content=\"summary_large_image\" \/>\n<meta name=\"twitter:label1\" content=\"Szacowany czas czytania\" \/>\n\t<meta name=\"twitter:data1\" content=\"1 minuta\" \/>\n<script type=\"application\/ld+json\" class=\"yoast-schema-graph\">{\"@context\":\"https:\/\/schema.org\",\"@graph\":[{\"@type\":\"WebPage\",\"@id\":\"https:\/\/romanajewelry.pl\/?page_id=1925\",\"url\":\"https:\/\/romanajewelry.pl\/?page_id=1925\",\"name\":\"PREMIUM - ROMANA PORCELAIN JEWELRY\",\"isPartOf\":{\"@id\":\"https:\/\/romanajewelry.pl\/#website\"},\"primaryImageOfPage\":{\"@id\":\"https:\/\/romanajewelry.pl\/?page_id=1925#primaryimage\"},\"image\":{\"@id\":\"https:\/\/romanajewelry.pl\/?page_id=1925#primaryimage\"},\"thumbnailUrl\":\"https:\/\/romanajewelry.pl\/wp-content\/uploads\/2025\/03\/86767d07-dd09-4167-b31c-08dbaca8db6e-1024x1024.jpeg\",\"datePublished\":\"2025-03-07T09:41:24+00:00\",\"dateModified\":\"2025-03-07T11:23:55+00:00\",\"breadcrumb\":{\"@id\":\"https:\/\/romanajewelry.pl\/?page_id=1925#breadcrumb\"},\"inLanguage\":\"pl-PL\",\"potentialAction\":[{\"@type\":\"ReadAction\",\"target\":[\"https:\/\/romanajewelry.pl\/?page_id=1925\"]}]},{\"@type\":\"ImageObject\",\"inLanguage\":\"pl-PL\",\"@id\":\"https:\/\/romanajewelry.pl\/?page_id=1925#primaryimage\",\"url\":\"https:\/\/romanajewelry.pl\/wp-content\/uploads\/2025\/03\/86767d07-dd09-4167-b31c-08dbaca8db6e.jpeg\",\"contentUrl\":\"https:\/\/romanajewelry.pl\/wp-content\/uploads\/2025\/03\/86767d07-dd09-4167-b31c-08dbaca8db6e.jpeg\",\"width\":2048,\"height\":2048},{\"@type\":\"BreadcrumbList\",\"@id\":\"https:\/\/romanajewelry.pl\/?page_id=1925#breadcrumb\",\"itemListElement\":[{\"@type\":\"ListItem\",\"position\":1,\"name\":\"Strona g\u0142\u00f3wna\",\"item\":\"https:\/\/romanajewelry.pl\/\"},{\"@type\":\"ListItem\",\"position\":2,\"name\":\"PREMIUM\"}]},{\"@type\":\"WebSite\",\"@id\":\"https:\/\/romanajewelry.pl\/#website\",\"url\":\"https:\/\/romanajewelry.pl\/\",\"name\":\"ROMANA PORCELAIN JEWELRY\",\"description\":\"\",\"publisher\":{\"@id\":\"https:\/\/romanajewelry.pl\/#organization\"},\"potentialAction\":[{\"@type\":\"SearchAction\",\"target\":{\"@type\":\"EntryPoint\",\"urlTemplate\":\"https:\/\/romanajewelry.pl\/?s={search_term_string}\"},\"query-input\":{\"@type\":\"PropertyValueSpecification\",\"valueRequired\":true,\"valueName\":\"search_term_string\"}}],\"inLanguage\":\"pl-PL\"},{\"@type\":\"Organization\",\"@id\":\"https:\/\/romanajewelry.pl\/#organization\",\"name\":\"ROMANA PORCELAIN JEWELRY\",\"url\":\"https:\/\/romanajewelry.pl\/\",\"logo\":{\"@type\":\"ImageObject\",\"inLanguage\":\"pl-PL\",\"@id\":\"https:\/\/romanajewelry.pl\/#\/schema\/logo\/image\/\",\"url\":\"https:\/\/romanajewelry.pl\/wp-content\/uploads\/2025\/02\/cropped-cropped-Logo-bez-tla.png\",\"contentUrl\":\"https:\/\/romanajewelry.pl\/wp-content\/uploads\/2025\/02\/cropped-cropped-Logo-bez-tla.png\",\"width\":340,\"height\":380,\"caption\":\"ROMANA PORCELAIN JEWELRY\"},\"image\":{\"@id\":\"https:\/\/romanajewelry.pl\/#\/schema\/logo\/image\/\"},\"sameAs\":[\"https:\/\/www.facebook.com\/Romanabieleckaartist\",\"https:\/\/www.instagram.com\/romana_bielecka\/\"]}]}<\/script>\n<!-- \/ Yoast SEO plugin. -->","yoast_head_json":{"title":"PREMIUM - ROMANA PORCELAIN JEWELRY","robots":{"index":"index","follow":"follow","max-snippet":"max-snippet:-1","max-image-preview":"max-image-preview:large","max-video-preview":"max-video-preview:-1"},"canonical":"https:\/\/romanajewelry.pl\/?page_id=1925","og_locale":"pl_PL","og_type":"article","og_title":"PREMIUM - ROMANA PORCELAIN JEWELRY","og_description":"PREMIUM Kolekcja premium to bi\u017cuteria na najwy\u017cszym poziomie luksusu. Po\u0142\u0105czenie porcelany z elementami z 24k z\u0142ota oraz kamieni szlachetnych. Znajdziesz tutaj tak\u017ce wyj\u0105tkowe prace pokazuj\u0105ce wyrafinowany kunszt rzemios\u0142a artystycznego.","og_url":"https:\/\/romanajewelry.pl\/?page_id=1925","og_site_name":"ROMANA PORCELAIN JEWELRY","article_publisher":"https:\/\/www.facebook.com\/Romanabieleckaartist","article_modified_time":"2025-03-07T11:23:55+00:00","og_image":[{"width":2048,"height":2048,"url":"https:\/\/romanajewelry.pl\/wp-content\/uploads\/2025\/03\/86767d07-dd09-4167-b31c-08dbaca8db6e.jpeg","type":"image\/jpeg"}],"twitter_card":"summary_large_image","twitter_misc":{"Szacowany czas czytania":"1 minuta"},"schema":{"@context":"https:\/\/schema.org","@graph":[{"@type":"WebPage","@id":"https:\/\/romanajewelry.pl\/?page_id=1925","url":"https:\/\/romanajewelry.pl\/?page_id=1925","name":"PREMIUM - ROMANA PORCELAIN JEWELRY","isPartOf":{"@id":"https:\/\/romanajewelry.pl\/#website"},"primaryImageOfPage":{"@id":"https:\/\/romanajewelry.pl\/?page_id=1925#primaryimage"},"image":{"@id":"https:\/\/romanajewelry.pl\/?page_id=1925#primaryimage"},"thumbnailUrl":"https:\/\/romanajewelry.pl\/wp-content\/uploads\/2025\/03\/86767d07-dd09-4167-b31c-08dbaca8db6e-1024x1024.jpeg","datePublished":"2025-03-07T09:41:24+00:00","dateModified":"2025-03-07T11:23:55+00:00","breadcrumb":{"@id":"https:\/\/romanajewelry.pl\/?page_id=1925#breadcrumb"},"inLanguage":"pl-PL","potentialAction":[{"@type":"ReadAction","target":["https:\/\/romanajewelry.pl\/?page_id=1925"]}]},{"@type":"ImageObject","inLanguage":"pl-PL","@id":"https:\/\/romanajewelry.pl\/?page_id=1925#primaryimage","url":"https:\/\/romanajewelry.pl\/wp-content\/uploads\/2025\/03\/86767d07-dd09-4167-b31c-08dbaca8db6e.jpeg","contentUrl":"https:\/\/romanajewelry.pl\/wp-content\/uploads\/2025\/03\/86767d07-dd09-4167-b31c-08dbaca8db6e.jpeg","width":2048,"height":2048},{"@type":"BreadcrumbList","@id":"https:\/\/romanajewelry.pl\/?page_id=1925#breadcrumb","itemListElement":[{"@type":"ListItem","position":1,"name":"Strona g\u0142\u00f3wna","item":"https:\/\/romanajewelry.pl\/"},{"@type":"ListItem","position":2,"name":"PREMIUM"}]},{"@type":"WebSite","@id":"https:\/\/romanajewelry.pl\/#website","url":"https:\/\/romanajewelry.pl\/","name":"ROMANA PORCELAIN JEWELRY","description":"","publisher":{"@id":"https:\/\/romanajewelry.pl\/#organization"},"potentialAction":[{"@type":"SearchAction","target":{"@type":"EntryPoint","urlTemplate":"https:\/\/romanajewelry.pl\/?s={search_term_string}"},"query-input":{"@type":"PropertyValueSpecification","valueRequired":true,"valueName":"search_term_string"}}],"inLanguage":"pl-PL"},{"@type":"Organization","@id":"https:\/\/romanajewelry.pl\/#organization","name":"ROMANA PORCELAIN JEWELRY","url":"https:\/\/romanajewelry.pl\/","logo":{"@type":"ImageObject","inLanguage":"pl-PL","@id":"https:\/\/romanajewelry.pl\/#\/schema\/logo\/image\/","url":"https:\/\/romanajewelry.pl\/wp-content\/uploads\/2025\/02\/cropped-cropped-Logo-bez-tla.png","contentUrl":"https:\/\/romanajewelry.pl\/wp-content\/uploads\/2025\/02\/cropped-cropped-Logo-bez-tla.png","width":340,"height":380,"caption":"ROMANA PORCELAIN JEWELRY"},"image":{"@id":"https:\/\/romanajewelry.pl\/#\/schema\/logo\/image\/"},"sameAs":["https:\/\/www.facebook.com\/Romanabieleckaartist","https:\/\/www.instagram.com\/romana_bielecka\/"]}]}},"_links":{"self":[{"href":"https:\/\/romanajewelry.pl\/index.php?rest_route=\/wp\/v2\/pages\/1925","targetHints":{"allow":["GET"]}}],"collection":[{"href":"https:\/\/romanajewelry.pl\/index.php?rest_route=\/wp\/v2\/pages"}],"about":[{"href":"https:\/\/romanajewelry.pl\/index.php?rest_route=\/wp\/v2\/types\/page"}],"author":[{"embeddable":true,"href":"https:\/\/romanajewelry.pl\/index.php?rest_route=\/wp\/v2\/users\/1"}],"replies":[{"embeddable":true,"href":"https:\/\/romanajewelry.pl\/index.php?rest_route=%2Fwp%2Fv2%2Fcomments&post=1925"}],"version-history":[{"count":4,"href":"https:\/\/romanajewelry.pl\/index.php?rest_route=\/wp\/v2\/pages\/1925\/revisions"}],"predecessor-version":[{"id":2113,"href":"https:\/\/romanajewelry.pl\/index.php?rest_route=\/wp\/v2\/pages\/1925\/revisions\/2113"}],"wp:attachment":[{"href":"https:\/\/romanajewelry.pl\/index.php?rest_route=%2Fwp%2Fv2%2Fmedia&parent=1925"}],"curies":[{"name":"wp","href":"https:\/\/api.w.org\/{rel}","templated":true}]}}