{"id":2165,"date":"2025-07-22T10:25:28","date_gmt":"2025-07-22T08:25:28","guid":{"rendered":"https:\/\/romanajewelry.pl\/?post_type=product&#038;p=2165"},"modified":"2025-10-13T15:25:47","modified_gmt":"2025-10-13T13:25:47","slug":"naszyjnik-golden-heart-by-romana","status":"publish","type":"product","link":"https:\/\/romanajewelry.pl\/?product=naszyjnik-golden-heart-by-romana","title":{"rendered":"NASZYJNIK &#8211; GOLDEN HEART &#8211; Sprzedany"},"content":{"rendered":"<p data-start=\"209\" data-end=\"270\"><strong data-start=\"209\" data-end=\"270\">Naszyjnik GOLDEN HEART \u2013 porcelanowa bi\u017cuteria artystyczna<\/strong><\/p>\n<p data-start=\"272\" data-end=\"611\">Ten niezwyk\u0142y naszyjnik to prawdziwe dzie\u0142o sztuki u\u017cytkowej. Centralnym elementem kompozycji jest r\u0119cznie formowane serce z porcelany, pokryte 24k z\u0142otem i srebrem, w kt\u00f3rego wn\u0119trzu osadzone zosta\u0142o realistyczne oko. Symbol czujno\u015bci, duchowej obecno\u015bci i wewn\u0119trznego \u015bwiat\u0142a \u2013 oko w sercu niesie przes\u0142anie uwa\u017cno\u015bci i si\u0142y emocji.<\/p>\n<p data-start=\"613\" data-end=\"846\">Naszyjnik zdobi\u0105 r\u00f3wnie\u017c metaliczne kulki oraz zawieszone per\u0142y, przywodz\u0105ce na my\u015bl \u0142zy oczyszczenia, wzruszenia. Ca\u0142o\u015b\u0107 \u0142\u0105czy surow\u0105 ekspresj\u0119 z luksusowym wyko\u0144czeniem, przyci\u0105gaj\u0105c wzrok i prowokuj\u0105c do refleksji.<\/p>\n<p data-start=\"848\" data-end=\"993\">To bi\u017cuteria dla tych, kt\u00f3rzy ceni\u0105 sobie sztuk\u0119, symbolik\u0119 i odwa\u017cne formy. Unikatowy dodatek, kt\u00f3ry nie tylko ozdabia, ale i opowiada histori\u0119.<\/p>\n","protected":false},"excerpt":{"rendered":"<p>Naszyjnik GOLDEN HEART \u2013 porcelanowa bi\u017cuteria artystyczna Ten niezwyk\u0142y naszyjnik to prawdziwe dzie\u0142o sztuki u\u017cytkowej. Centralnym elementem kompozycji jest r\u0119cznie formowane serce z porcelany, pokryte 24k z\u0142otem i srebrem, w&#8230;<\/p>\n","protected":false},"featured_media":1943,"comment_status":"closed","ping_status":"closed","template":"","meta":{"_EventAllDay":false,"_EventTimezone":"","_EventStartDate":"","_EventEndDate":"","_EventStartDateUTC":"","_EventEndDateUTC":"","_EventShowMap":false,"_EventShowMapLink":false,"_EventURL":"","_EventCost":"","_EventCostDescription":"","_EventCurrencySymbol":"","_EventCurrencyCode":"","_EventCurrencyPosition":"","_EventDateTimeSeparator":"","_EventTimeRangeSeparator":"","_EventOrganizerID":[],"_EventVenueID":[],"_OrganizerEmail":"","_OrganizerPhone":"","_OrganizerWebsite":"","_VenueAddress":"","_VenueCity":"","_VenueCountry":"","_VenueProvince":"","_VenueState":"","_VenueZip":"","_VenuePhone":"","_VenueURL":"","_VenueStateProvince":"","_VenueLat":"","_VenueLng":"","_VenueShowMap":false,"_VenueShowMapLink":false,"_kadence_starter_templates_imported_post":false,"_kad_post_transparent":"default","_kad_post_title":"","_kad_post_layout":"default","_kad_post_sidebar_id":"","_kad_post_content_style":"default","_kad_post_vertical_padding":"default","_kad_post_feature":"","_kad_post_feature_position":"","_kad_post_header":false,"_kad_post_footer":false},"product_brand":[],"product_cat":[15],"product_tag":[56],"class_list":{"0":"post-2165","1":"product","2":"type-product","3":"status-publish","4":"has-post-thumbnail","6":"product_cat-naszyjniki","7":"product_tag-premium","9":"first","10":"outofstock","11":"taxable","12":"shipping-taxable","13":"product-type-simple","14":"entry","15":"content-bg","16":"loop-entry"},"yoast_head":"<!-- This site is optimized with the Yoast SEO plugin v25.6 - https:\/\/yoast.com\/wordpress\/plugins\/seo\/ -->\n<title>NASZYJNIK - GOLDEN HEART - Sprzedany - ROMANA PORCELAIN JEWELRY<\/title>\n<meta name=\"description\" content=\"Naszyjnik Golden Heart to dzie\u0142o z kolekcji Premium. To bi\u017cuteria dla tych, kt\u00f3rzy ceni\u0105 sobie sztuk\u0119, symbolik\u0119 i odwa\u017cne formy.\" \/>\n<meta name=\"robots\" content=\"index, follow, max-snippet:-1, max-image-preview:large, max-video-preview:-1\" \/>\n<link rel=\"canonical\" href=\"https:\/\/romanajewelry.pl\/?product=naszyjnik-golden-heart-by-romana\" \/>\n<meta property=\"og:locale\" content=\"pl_PL\" \/>\n<meta property=\"og:type\" content=\"article\" \/>\n<meta property=\"og:title\" content=\"NASZYJNIK - GOLDEN HEART - Sprzedany - ROMANA PORCELAIN JEWELRY\" \/>\n<meta property=\"og:description\" content=\"Naszyjnik Golden Heart to dzie\u0142o z kolekcji Premium. To bi\u017cuteria dla tych, kt\u00f3rzy ceni\u0105 sobie sztuk\u0119, symbolik\u0119 i odwa\u017cne formy.\" \/>\n<meta property=\"og:url\" content=\"https:\/\/romanajewelry.pl\/?product=naszyjnik-golden-heart-by-romana\" \/>\n<meta property=\"og:site_name\" content=\"ROMANA PORCELAIN JEWELRY\" \/>\n<meta property=\"article:publisher\" content=\"https:\/\/www.facebook.com\/Romanabieleckaartist\" \/>\n<meta property=\"article:modified_time\" content=\"2025-10-13T13:25:47+00:00\" \/>\n<meta property=\"og:image\" content=\"https:\/\/romanajewelry.pl\/wp-content\/uploads\/2025\/03\/86767d07-dd09-4167-b31c-08dbaca8db6e.jpeg\" \/>\n\t<meta property=\"og:image:width\" content=\"2048\" \/>\n\t<meta property=\"og:image:height\" content=\"2048\" \/>\n\t<meta property=\"og:image:type\" content=\"image\/jpeg\" \/>\n<meta name=\"twitter:card\" content=\"summary_large_image\" \/>\n<meta name=\"twitter:label1\" content=\"Szacowany czas czytania\" \/>\n\t<meta name=\"twitter:data1\" content=\"1 minuta\" \/>\n<script type=\"application\/ld+json\" class=\"yoast-schema-graph\">{\"@context\":\"https:\/\/schema.org\",\"@graph\":[{\"@type\":\"WebPage\",\"@id\":\"https:\/\/romanajewelry.pl\/?product=naszyjnik-golden-heart-by-romana\",\"url\":\"https:\/\/romanajewelry.pl\/?product=naszyjnik-golden-heart-by-romana\",\"name\":\"NASZYJNIK - GOLDEN HEART - Sprzedany - ROMANA PORCELAIN JEWELRY\",\"isPartOf\":{\"@id\":\"https:\/\/romanajewelry.pl\/#website\"},\"primaryImageOfPage\":{\"@id\":\"https:\/\/romanajewelry.pl\/?product=naszyjnik-golden-heart-by-romana#primaryimage\"},\"image\":{\"@id\":\"https:\/\/romanajewelry.pl\/?product=naszyjnik-golden-heart-by-romana#primaryimage\"},\"thumbnailUrl\":\"https:\/\/romanajewelry.pl\/wp-content\/uploads\/2025\/03\/86767d07-dd09-4167-b31c-08dbaca8db6e.jpeg\",\"datePublished\":\"2025-07-22T08:25:28+00:00\",\"dateModified\":\"2025-10-13T13:25:47+00:00\",\"description\":\"Naszyjnik Golden Heart to dzie\u0142o z kolekcji Premium. To bi\u017cuteria dla tych, kt\u00f3rzy ceni\u0105 sobie sztuk\u0119, symbolik\u0119 i odwa\u017cne formy.\",\"breadcrumb\":{\"@id\":\"https:\/\/romanajewelry.pl\/?product=naszyjnik-golden-heart-by-romana#breadcrumb\"},\"inLanguage\":\"pl-PL\",\"potentialAction\":[{\"@type\":\"ReadAction\",\"target\":[\"https:\/\/romanajewelry.pl\/?product=naszyjnik-golden-heart-by-romana\"]}]},{\"@type\":\"ImageObject\",\"inLanguage\":\"pl-PL\",\"@id\":\"https:\/\/romanajewelry.pl\/?product=naszyjnik-golden-heart-by-romana#primaryimage\",\"url\":\"https:\/\/romanajewelry.pl\/wp-content\/uploads\/2025\/03\/86767d07-dd09-4167-b31c-08dbaca8db6e.jpeg\",\"contentUrl\":\"https:\/\/romanajewelry.pl\/wp-content\/uploads\/2025\/03\/86767d07-dd09-4167-b31c-08dbaca8db6e.jpeg\",\"width\":2048,\"height\":2048},{\"@type\":\"BreadcrumbList\",\"@id\":\"https:\/\/romanajewelry.pl\/?product=naszyjnik-golden-heart-by-romana#breadcrumb\",\"itemListElement\":[{\"@type\":\"ListItem\",\"position\":1,\"name\":\"Strona g\u0142\u00f3wna\",\"item\":\"https:\/\/romanajewelry.pl\/\"},{\"@type\":\"ListItem\",\"position\":2,\"name\":\"SKLEP\",\"item\":\"https:\/\/romanajewelry.pl\/?page_id=12\"},{\"@type\":\"ListItem\",\"position\":3,\"name\":\"NASZYJNIK &#8211; GOLDEN HEART &#8211; Sprzedany\"}]},{\"@type\":\"WebSite\",\"@id\":\"https:\/\/romanajewelry.pl\/#website\",\"url\":\"https:\/\/romanajewelry.pl\/\",\"name\":\"ROMANA PORCELAIN JEWELRY\",\"description\":\"\",\"publisher\":{\"@id\":\"https:\/\/romanajewelry.pl\/#organization\"},\"potentialAction\":[{\"@type\":\"SearchAction\",\"target\":{\"@type\":\"EntryPoint\",\"urlTemplate\":\"https:\/\/romanajewelry.pl\/?s={search_term_string}\"},\"query-input\":{\"@type\":\"PropertyValueSpecification\",\"valueRequired\":true,\"valueName\":\"search_term_string\"}}],\"inLanguage\":\"pl-PL\"},{\"@type\":\"Organization\",\"@id\":\"https:\/\/romanajewelry.pl\/#organization\",\"name\":\"ROMANA PORCELAIN JEWELRY\",\"url\":\"https:\/\/romanajewelry.pl\/\",\"logo\":{\"@type\":\"ImageObject\",\"inLanguage\":\"pl-PL\",\"@id\":\"https:\/\/romanajewelry.pl\/#\/schema\/logo\/image\/\",\"url\":\"https:\/\/romanajewelry.pl\/wp-content\/uploads\/2025\/02\/cropped-cropped-Logo-bez-tla.png\",\"contentUrl\":\"https:\/\/romanajewelry.pl\/wp-content\/uploads\/2025\/02\/cropped-cropped-Logo-bez-tla.png\",\"width\":340,\"height\":380,\"caption\":\"ROMANA PORCELAIN JEWELRY\"},\"image\":{\"@id\":\"https:\/\/romanajewelry.pl\/#\/schema\/logo\/image\/\"},\"sameAs\":[\"https:\/\/www.facebook.com\/Romanabieleckaartist\",\"https:\/\/www.instagram.com\/romana_bielecka\/\"]}]}<\/script>\n<!-- \/ Yoast SEO plugin. -->","yoast_head_json":{"title":"NASZYJNIK - GOLDEN HEART - Sprzedany - ROMANA PORCELAIN JEWELRY","description":"Naszyjnik Golden Heart to dzie\u0142o z kolekcji Premium. To bi\u017cuteria dla tych, kt\u00f3rzy ceni\u0105 sobie sztuk\u0119, symbolik\u0119 i odwa\u017cne formy.","robots":{"index":"index","follow":"follow","max-snippet":"max-snippet:-1","max-image-preview":"max-image-preview:large","max-video-preview":"max-video-preview:-1"},"canonical":"https:\/\/romanajewelry.pl\/?product=naszyjnik-golden-heart-by-romana","og_locale":"pl_PL","og_type":"article","og_title":"NASZYJNIK - GOLDEN HEART - Sprzedany - ROMANA PORCELAIN JEWELRY","og_description":"Naszyjnik Golden Heart to dzie\u0142o z kolekcji Premium. To bi\u017cuteria dla tych, kt\u00f3rzy ceni\u0105 sobie sztuk\u0119, symbolik\u0119 i odwa\u017cne formy.","og_url":"https:\/\/romanajewelry.pl\/?product=naszyjnik-golden-heart-by-romana","og_site_name":"ROMANA PORCELAIN JEWELRY","article_publisher":"https:\/\/www.facebook.com\/Romanabieleckaartist","article_modified_time":"2025-10-13T13:25:47+00:00","og_image":[{"width":2048,"height":2048,"url":"https:\/\/romanajewelry.pl\/wp-content\/uploads\/2025\/03\/86767d07-dd09-4167-b31c-08dbaca8db6e.jpeg","type":"image\/jpeg"}],"twitter_card":"summary_large_image","twitter_misc":{"Szacowany czas czytania":"1 minuta"},"schema":{"@context":"https:\/\/schema.org","@graph":[{"@type":"WebPage","@id":"https:\/\/romanajewelry.pl\/?product=naszyjnik-golden-heart-by-romana","url":"https:\/\/romanajewelry.pl\/?product=naszyjnik-golden-heart-by-romana","name":"NASZYJNIK - GOLDEN HEART - Sprzedany - ROMANA PORCELAIN JEWELRY","isPartOf":{"@id":"https:\/\/romanajewelry.pl\/#website"},"primaryImageOfPage":{"@id":"https:\/\/romanajewelry.pl\/?product=naszyjnik-golden-heart-by-romana#primaryimage"},"image":{"@id":"https:\/\/romanajewelry.pl\/?product=naszyjnik-golden-heart-by-romana#primaryimage"},"thumbnailUrl":"https:\/\/romanajewelry.pl\/wp-content\/uploads\/2025\/03\/86767d07-dd09-4167-b31c-08dbaca8db6e.jpeg","datePublished":"2025-07-22T08:25:28+00:00","dateModified":"2025-10-13T13:25:47+00:00","description":"Naszyjnik Golden Heart to dzie\u0142o z kolekcji Premium. To bi\u017cuteria dla tych, kt\u00f3rzy ceni\u0105 sobie sztuk\u0119, symbolik\u0119 i odwa\u017cne formy.","breadcrumb":{"@id":"https:\/\/romanajewelry.pl\/?product=naszyjnik-golden-heart-by-romana#breadcrumb"},"inLanguage":"pl-PL","potentialAction":[{"@type":"ReadAction","target":["https:\/\/romanajewelry.pl\/?product=naszyjnik-golden-heart-by-romana"]}]},{"@type":"ImageObject","inLanguage":"pl-PL","@id":"https:\/\/romanajewelry.pl\/?product=naszyjnik-golden-heart-by-romana#primaryimage","url":"https:\/\/romanajewelry.pl\/wp-content\/uploads\/2025\/03\/86767d07-dd09-4167-b31c-08dbaca8db6e.jpeg","contentUrl":"https:\/\/romanajewelry.pl\/wp-content\/uploads\/2025\/03\/86767d07-dd09-4167-b31c-08dbaca8db6e.jpeg","width":2048,"height":2048},{"@type":"BreadcrumbList","@id":"https:\/\/romanajewelry.pl\/?product=naszyjnik-golden-heart-by-romana#breadcrumb","itemListElement":[{"@type":"ListItem","position":1,"name":"Strona g\u0142\u00f3wna","item":"https:\/\/romanajewelry.pl\/"},{"@type":"ListItem","position":2,"name":"SKLEP","item":"https:\/\/romanajewelry.pl\/?page_id=12"},{"@type":"ListItem","position":3,"name":"NASZYJNIK &#8211; GOLDEN HEART &#8211; Sprzedany"}]},{"@type":"WebSite","@id":"https:\/\/romanajewelry.pl\/#website","url":"https:\/\/romanajewelry.pl\/","name":"ROMANA PORCELAIN JEWELRY","description":"","publisher":{"@id":"https:\/\/romanajewelry.pl\/#organization"},"potentialAction":[{"@type":"SearchAction","target":{"@type":"EntryPoint","urlTemplate":"https:\/\/romanajewelry.pl\/?s={search_term_string}"},"query-input":{"@type":"PropertyValueSpecification","valueRequired":true,"valueName":"search_term_string"}}],"inLanguage":"pl-PL"},{"@type":"Organization","@id":"https:\/\/romanajewelry.pl\/#organization","name":"ROMANA PORCELAIN JEWELRY","url":"https:\/\/romanajewelry.pl\/","logo":{"@type":"ImageObject","inLanguage":"pl-PL","@id":"https:\/\/romanajewelry.pl\/#\/schema\/logo\/image\/","url":"https:\/\/romanajewelry.pl\/wp-content\/uploads\/2025\/02\/cropped-cropped-Logo-bez-tla.png","contentUrl":"https:\/\/romanajewelry.pl\/wp-content\/uploads\/2025\/02\/cropped-cropped-Logo-bez-tla.png","width":340,"height":380,"caption":"ROMANA PORCELAIN JEWELRY"},"image":{"@id":"https:\/\/romanajewelry.pl\/#\/schema\/logo\/image\/"},"sameAs":["https:\/\/www.facebook.com\/Romanabieleckaartist","https:\/\/www.instagram.com\/romana_bielecka\/"]}]}},"_links":{"self":[{"href":"https:\/\/romanajewelry.pl\/index.php?rest_route=\/wp\/v2\/product\/2165","targetHints":{"allow":["GET"]}}],"collection":[{"href":"https:\/\/romanajewelry.pl\/index.php?rest_route=\/wp\/v2\/product"}],"about":[{"href":"https:\/\/romanajewelry.pl\/index.php?rest_route=\/wp\/v2\/types\/product"}],"replies":[{"embeddable":true,"href":"https:\/\/romanajewelry.pl\/index.php?rest_route=%2Fwp%2Fv2%2Fcomments&post=2165"}],"version-history":[{"count":3,"href":"https:\/\/romanajewelry.pl\/index.php?rest_route=\/wp\/v2\/product\/2165\/revisions"}],"predecessor-version":[{"id":2227,"href":"https:\/\/romanajewelry.pl\/index.php?rest_route=\/wp\/v2\/product\/2165\/revisions\/2227"}],"wp:featuredmedia":[{"embeddable":true,"href":"https:\/\/romanajewelry.pl\/index.php?rest_route=\/wp\/v2\/media\/1943"}],"wp:attachment":[{"href":"https:\/\/romanajewelry.pl\/index.php?rest_route=%2Fwp%2Fv2%2Fmedia&parent=2165"}],"wp:term":[{"taxonomy":"product_brand","embeddable":true,"href":"https:\/\/romanajewelry.pl\/index.php?rest_route=%2Fwp%2Fv2%2Fproduct_brand&post=2165"},{"taxonomy":"product_cat","embeddable":true,"href":"https:\/\/romanajewelry.pl\/index.php?rest_route=%2Fwp%2Fv2%2Fproduct_cat&post=2165"},{"taxonomy":"product_tag","embeddable":true,"href":"https:\/\/romanajewelry.pl\/index.php?rest_route=%2Fwp%2Fv2%2Fproduct_tag&post=2165"}],"curies":[{"name":"wp","href":"https:\/\/api.w.org\/{rel}","templated":true}]}}