{"id":2210,"date":"2025-10-06T14:58:46","date_gmt":"2025-10-06T12:58:46","guid":{"rendered":"https:\/\/romanajewelry.pl\/?post_type=product&#038;p=2210"},"modified":"2025-10-06T14:58:46","modified_gmt":"2025-10-06T12:58:46","slug":"chopin-prelude","status":"publish","type":"product","link":"https:\/\/romanajewelry.pl\/?product=chopin-prelude","title":{"rendered":"CHOPIN &#8211; Prelude"},"content":{"rendered":"<p data-start=\"90\" data-end=\"501\">To nie tylko naszyjnik &#8211; to dzie\u0142o sztuki. Naszyjnik z kolekcji CHOPIN to personalizowane dzie\u0142o, ka\u017cdy z nich ma przypisany do siebie utw\u00f3r. \u00a0Wybieraj\u0105c naszyjnik Prelude \u00a0mo\u017cesz rozp\u0142yn\u0105\u0107 si\u0119 w d\u017awi\u0119kach naszego wspania\u0142ego kompozytora.<\/p>\n<p data-start=\"90\" data-end=\"501\">\n<p data-start=\"750\" data-end=\"941\"><strong data-start=\"750\" data-end=\"763\">Materia\u0142:<\/strong> porcelana, aksamit<br data-start=\"812\" data-end=\"815\" \/><strong data-start=\"815\" data-end=\"826\">Kolory:<\/strong> z\u0142oty, bia\u0142y<br data-start=\"864\" data-end=\"867\" \/><strong data-start=\"867\" data-end=\"879\">D\u0142ugo\u015b\u0107:<\/strong> ok. 65 cm<\/p>\n","protected":false},"excerpt":{"rendered":"<p>To nie tylko naszyjnik &#8211; to dzie\u0142o sztuki. Naszyjnik z kolekcji CHOPIN to personalizowane dzie\u0142o, ka\u017cdy z nich ma przypisany do siebie utw\u00f3r. \u00a0Wybieraj\u0105c naszyjnik Prelude \u00a0mo\u017cesz rozp\u0142yn\u0105\u0107 si\u0119 w&#8230;<\/p>\n","protected":false},"featured_media":2211,"comment_status":"closed","ping_status":"closed","template":"","meta":{"_EventAllDay":false,"_EventTimezone":"","_EventStartDate":"","_EventEndDate":"","_EventStartDateUTC":"","_EventEndDateUTC":"","_EventShowMap":false,"_EventShowMapLink":false,"_EventURL":"","_EventCost":"","_EventCostDescription":"","_EventCurrencySymbol":"","_EventCurrencyCode":"","_EventCurrencyPosition":"","_EventDateTimeSeparator":"","_EventTimeRangeSeparator":"","_EventOrganizerID":[],"_EventVenueID":[],"_OrganizerEmail":"","_OrganizerPhone":"","_OrganizerWebsite":"","_VenueAddress":"","_VenueCity":"","_VenueCountry":"","_VenueProvince":"","_VenueState":"","_VenueZip":"","_VenuePhone":"","_VenueURL":"","_VenueStateProvince":"","_VenueLat":"","_VenueLng":"","_VenueShowMap":false,"_VenueShowMapLink":false,"_kadence_starter_templates_imported_post":false,"_kad_post_transparent":"default","_kad_post_title":"","_kad_post_layout":"default","_kad_post_sidebar_id":"","_kad_post_content_style":"default","_kad_post_vertical_padding":"default","_kad_post_feature":"","_kad_post_feature_position":"","_kad_post_header":false,"_kad_post_footer":false},"product_brand":[],"product_cat":[15],"product_tag":[],"class_list":{"0":"post-2210","1":"product","2":"type-product","3":"status-publish","4":"has-post-thumbnail","6":"product_cat-naszyjniki","8":"first","9":"instock","10":"taxable","11":"shipping-taxable","12":"product-type-simple","13":"entry","14":"content-bg","15":"loop-entry"},"yoast_head":"<!-- This site is optimized with the Yoast SEO plugin v25.6 - https:\/\/yoast.com\/wordpress\/plugins\/seo\/ -->\n<title>CHOPIN - Prelude - ROMANA PORCELAIN JEWELRY<\/title>\n<meta name=\"robots\" content=\"index, follow, max-snippet:-1, max-image-preview:large, max-video-preview:-1\" \/>\n<link rel=\"canonical\" href=\"https:\/\/romanajewelry.pl\/?product=chopin-prelude\" \/>\n<meta property=\"og:locale\" content=\"pl_PL\" \/>\n<meta property=\"og:type\" content=\"article\" \/>\n<meta property=\"og:title\" content=\"CHOPIN - Prelude - ROMANA PORCELAIN JEWELRY\" \/>\n<meta property=\"og:description\" content=\"To nie tylko naszyjnik &#8211; to dzie\u0142o sztuki. Naszyjnik z kolekcji CHOPIN to personalizowane dzie\u0142o, ka\u017cdy z nich ma przypisany do siebie utw\u00f3r. \u00a0Wybieraj\u0105c naszyjnik Prelude \u00a0mo\u017cesz rozp\u0142yn\u0105\u0107 si\u0119 w...\" \/>\n<meta property=\"og:url\" content=\"https:\/\/romanajewelry.pl\/?product=chopin-prelude\" \/>\n<meta property=\"og:site_name\" content=\"ROMANA PORCELAIN JEWELRY\" \/>\n<meta property=\"article:publisher\" content=\"https:\/\/www.facebook.com\/Romanabieleckaartist\" \/>\n<meta property=\"og:image\" content=\"https:\/\/romanajewelry.pl\/wp-content\/uploads\/2025\/10\/Chopine-prelude.jpeg\" \/>\n\t<meta property=\"og:image:width\" content=\"1536\" \/>\n\t<meta property=\"og:image:height\" content=\"1536\" \/>\n\t<meta property=\"og:image:type\" content=\"image\/jpeg\" \/>\n<meta name=\"twitter:card\" content=\"summary_large_image\" \/>\n<meta name=\"twitter:label1\" content=\"Szacowany czas czytania\" \/>\n\t<meta name=\"twitter:data1\" content=\"1 minuta\" \/>\n<script type=\"application\/ld+json\" class=\"yoast-schema-graph\">{\"@context\":\"https:\/\/schema.org\",\"@graph\":[{\"@type\":\"WebPage\",\"@id\":\"https:\/\/romanajewelry.pl\/?product=chopin-prelude\",\"url\":\"https:\/\/romanajewelry.pl\/?product=chopin-prelude\",\"name\":\"CHOPIN - Prelude - ROMANA PORCELAIN JEWELRY\",\"isPartOf\":{\"@id\":\"https:\/\/romanajewelry.pl\/#website\"},\"primaryImageOfPage\":{\"@id\":\"https:\/\/romanajewelry.pl\/?product=chopin-prelude#primaryimage\"},\"image\":{\"@id\":\"https:\/\/romanajewelry.pl\/?product=chopin-prelude#primaryimage\"},\"thumbnailUrl\":\"https:\/\/romanajewelry.pl\/wp-content\/uploads\/2025\/10\/Chopine-prelude.jpeg\",\"datePublished\":\"2025-10-06T12:58:46+00:00\",\"breadcrumb\":{\"@id\":\"https:\/\/romanajewelry.pl\/?product=chopin-prelude#breadcrumb\"},\"inLanguage\":\"pl-PL\",\"potentialAction\":[{\"@type\":\"ReadAction\",\"target\":[\"https:\/\/romanajewelry.pl\/?product=chopin-prelude\"]}]},{\"@type\":\"ImageObject\",\"inLanguage\":\"pl-PL\",\"@id\":\"https:\/\/romanajewelry.pl\/?product=chopin-prelude#primaryimage\",\"url\":\"https:\/\/romanajewelry.pl\/wp-content\/uploads\/2025\/10\/Chopine-prelude.jpeg\",\"contentUrl\":\"https:\/\/romanajewelry.pl\/wp-content\/uploads\/2025\/10\/Chopine-prelude.jpeg\",\"width\":1536,\"height\":1536},{\"@type\":\"BreadcrumbList\",\"@id\":\"https:\/\/romanajewelry.pl\/?product=chopin-prelude#breadcrumb\",\"itemListElement\":[{\"@type\":\"ListItem\",\"position\":1,\"name\":\"Strona g\u0142\u00f3wna\",\"item\":\"https:\/\/romanajewelry.pl\/\"},{\"@type\":\"ListItem\",\"position\":2,\"name\":\"SKLEP\",\"item\":\"https:\/\/romanajewelry.pl\/?page_id=12\"},{\"@type\":\"ListItem\",\"position\":3,\"name\":\"CHOPIN &#8211; Prelude\"}]},{\"@type\":\"WebSite\",\"@id\":\"https:\/\/romanajewelry.pl\/#website\",\"url\":\"https:\/\/romanajewelry.pl\/\",\"name\":\"ROMANA PORCELAIN JEWELRY\",\"description\":\"\",\"publisher\":{\"@id\":\"https:\/\/romanajewelry.pl\/#organization\"},\"potentialAction\":[{\"@type\":\"SearchAction\",\"target\":{\"@type\":\"EntryPoint\",\"urlTemplate\":\"https:\/\/romanajewelry.pl\/?s={search_term_string}\"},\"query-input\":{\"@type\":\"PropertyValueSpecification\",\"valueRequired\":true,\"valueName\":\"search_term_string\"}}],\"inLanguage\":\"pl-PL\"},{\"@type\":\"Organization\",\"@id\":\"https:\/\/romanajewelry.pl\/#organization\",\"name\":\"ROMANA PORCELAIN JEWELRY\",\"url\":\"https:\/\/romanajewelry.pl\/\",\"logo\":{\"@type\":\"ImageObject\",\"inLanguage\":\"pl-PL\",\"@id\":\"https:\/\/romanajewelry.pl\/#\/schema\/logo\/image\/\",\"url\":\"https:\/\/romanajewelry.pl\/wp-content\/uploads\/2025\/02\/cropped-cropped-Logo-bez-tla.png\",\"contentUrl\":\"https:\/\/romanajewelry.pl\/wp-content\/uploads\/2025\/02\/cropped-cropped-Logo-bez-tla.png\",\"width\":340,\"height\":380,\"caption\":\"ROMANA PORCELAIN JEWELRY\"},\"image\":{\"@id\":\"https:\/\/romanajewelry.pl\/#\/schema\/logo\/image\/\"},\"sameAs\":[\"https:\/\/www.facebook.com\/Romanabieleckaartist\",\"https:\/\/www.instagram.com\/romana_bielecka\/\"]}]}<\/script>\n<!-- \/ Yoast SEO plugin. -->","yoast_head_json":{"title":"CHOPIN - Prelude - ROMANA PORCELAIN JEWELRY","robots":{"index":"index","follow":"follow","max-snippet":"max-snippet:-1","max-image-preview":"max-image-preview:large","max-video-preview":"max-video-preview:-1"},"canonical":"https:\/\/romanajewelry.pl\/?product=chopin-prelude","og_locale":"pl_PL","og_type":"article","og_title":"CHOPIN - Prelude - ROMANA PORCELAIN JEWELRY","og_description":"To nie tylko naszyjnik &#8211; to dzie\u0142o sztuki. Naszyjnik z kolekcji CHOPIN to personalizowane dzie\u0142o, ka\u017cdy z nich ma przypisany do siebie utw\u00f3r. \u00a0Wybieraj\u0105c naszyjnik Prelude \u00a0mo\u017cesz rozp\u0142yn\u0105\u0107 si\u0119 w...","og_url":"https:\/\/romanajewelry.pl\/?product=chopin-prelude","og_site_name":"ROMANA PORCELAIN JEWELRY","article_publisher":"https:\/\/www.facebook.com\/Romanabieleckaartist","og_image":[{"width":1536,"height":1536,"url":"https:\/\/romanajewelry.pl\/wp-content\/uploads\/2025\/10\/Chopine-prelude.jpeg","type":"image\/jpeg"}],"twitter_card":"summary_large_image","twitter_misc":{"Szacowany czas czytania":"1 minuta"},"schema":{"@context":"https:\/\/schema.org","@graph":[{"@type":"WebPage","@id":"https:\/\/romanajewelry.pl\/?product=chopin-prelude","url":"https:\/\/romanajewelry.pl\/?product=chopin-prelude","name":"CHOPIN - Prelude - ROMANA PORCELAIN JEWELRY","isPartOf":{"@id":"https:\/\/romanajewelry.pl\/#website"},"primaryImageOfPage":{"@id":"https:\/\/romanajewelry.pl\/?product=chopin-prelude#primaryimage"},"image":{"@id":"https:\/\/romanajewelry.pl\/?product=chopin-prelude#primaryimage"},"thumbnailUrl":"https:\/\/romanajewelry.pl\/wp-content\/uploads\/2025\/10\/Chopine-prelude.jpeg","datePublished":"2025-10-06T12:58:46+00:00","breadcrumb":{"@id":"https:\/\/romanajewelry.pl\/?product=chopin-prelude#breadcrumb"},"inLanguage":"pl-PL","potentialAction":[{"@type":"ReadAction","target":["https:\/\/romanajewelry.pl\/?product=chopin-prelude"]}]},{"@type":"ImageObject","inLanguage":"pl-PL","@id":"https:\/\/romanajewelry.pl\/?product=chopin-prelude#primaryimage","url":"https:\/\/romanajewelry.pl\/wp-content\/uploads\/2025\/10\/Chopine-prelude.jpeg","contentUrl":"https:\/\/romanajewelry.pl\/wp-content\/uploads\/2025\/10\/Chopine-prelude.jpeg","width":1536,"height":1536},{"@type":"BreadcrumbList","@id":"https:\/\/romanajewelry.pl\/?product=chopin-prelude#breadcrumb","itemListElement":[{"@type":"ListItem","position":1,"name":"Strona g\u0142\u00f3wna","item":"https:\/\/romanajewelry.pl\/"},{"@type":"ListItem","position":2,"name":"SKLEP","item":"https:\/\/romanajewelry.pl\/?page_id=12"},{"@type":"ListItem","position":3,"name":"CHOPIN &#8211; Prelude"}]},{"@type":"WebSite","@id":"https:\/\/romanajewelry.pl\/#website","url":"https:\/\/romanajewelry.pl\/","name":"ROMANA PORCELAIN JEWELRY","description":"","publisher":{"@id":"https:\/\/romanajewelry.pl\/#organization"},"potentialAction":[{"@type":"SearchAction","target":{"@type":"EntryPoint","urlTemplate":"https:\/\/romanajewelry.pl\/?s={search_term_string}"},"query-input":{"@type":"PropertyValueSpecification","valueRequired":true,"valueName":"search_term_string"}}],"inLanguage":"pl-PL"},{"@type":"Organization","@id":"https:\/\/romanajewelry.pl\/#organization","name":"ROMANA PORCELAIN JEWELRY","url":"https:\/\/romanajewelry.pl\/","logo":{"@type":"ImageObject","inLanguage":"pl-PL","@id":"https:\/\/romanajewelry.pl\/#\/schema\/logo\/image\/","url":"https:\/\/romanajewelry.pl\/wp-content\/uploads\/2025\/02\/cropped-cropped-Logo-bez-tla.png","contentUrl":"https:\/\/romanajewelry.pl\/wp-content\/uploads\/2025\/02\/cropped-cropped-Logo-bez-tla.png","width":340,"height":380,"caption":"ROMANA PORCELAIN JEWELRY"},"image":{"@id":"https:\/\/romanajewelry.pl\/#\/schema\/logo\/image\/"},"sameAs":["https:\/\/www.facebook.com\/Romanabieleckaartist","https:\/\/www.instagram.com\/romana_bielecka\/"]}]}},"_links":{"self":[{"href":"https:\/\/romanajewelry.pl\/index.php?rest_route=\/wp\/v2\/product\/2210","targetHints":{"allow":["GET"]}}],"collection":[{"href":"https:\/\/romanajewelry.pl\/index.php?rest_route=\/wp\/v2\/product"}],"about":[{"href":"https:\/\/romanajewelry.pl\/index.php?rest_route=\/wp\/v2\/types\/product"}],"replies":[{"embeddable":true,"href":"https:\/\/romanajewelry.pl\/index.php?rest_route=%2Fwp%2Fv2%2Fcomments&post=2210"}],"version-history":[{"count":1,"href":"https:\/\/romanajewelry.pl\/index.php?rest_route=\/wp\/v2\/product\/2210\/revisions"}],"predecessor-version":[{"id":2212,"href":"https:\/\/romanajewelry.pl\/index.php?rest_route=\/wp\/v2\/product\/2210\/revisions\/2212"}],"wp:featuredmedia":[{"embeddable":true,"href":"https:\/\/romanajewelry.pl\/index.php?rest_route=\/wp\/v2\/media\/2211"}],"wp:attachment":[{"href":"https:\/\/romanajewelry.pl\/index.php?rest_route=%2Fwp%2Fv2%2Fmedia&parent=2210"}],"wp:term":[{"taxonomy":"product_brand","embeddable":true,"href":"https:\/\/romanajewelry.pl\/index.php?rest_route=%2Fwp%2Fv2%2Fproduct_brand&post=2210"},{"taxonomy":"product_cat","embeddable":true,"href":"https:\/\/romanajewelry.pl\/index.php?rest_route=%2Fwp%2Fv2%2Fproduct_cat&post=2210"},{"taxonomy":"product_tag","embeddable":true,"href":"https:\/\/romanajewelry.pl\/index.php?rest_route=%2Fwp%2Fv2%2Fproduct_tag&post=2210"}],"curies":[{"name":"wp","href":"https:\/\/api.w.org\/{rel}","templated":true}]}}