{"id":2215,"date":"2025-10-13T15:20:40","date_gmt":"2025-10-13T13:20:40","guid":{"rendered":"https:\/\/romanajewelry.pl\/?post_type=product&#038;p=2215"},"modified":"2025-10-13T15:20:40","modified_gmt":"2025-10-13T13:20:40","slug":"flora-roza-nocy","status":"publish","type":"product","link":"https:\/\/romanajewelry.pl\/?product=flora-roza-nocy","title":{"rendered":"FLORA &#8211; R\u00f3\u017ca nocy"},"content":{"rendered":"<p data-start=\"46\" data-end=\"341\">Kolekcja <em data-start=\"67\" data-end=\"85\">R\u00f3\u017ca Nocy<\/em> to elegancja w najczystszej formie \u2014 po\u0142\u0105czenie g\u0142\u0119bokiej czerni z l\u015bni\u0105cym z\u0142otem, kt\u00f3re razem tworz\u0105 aur\u0119 tajemnicy i luksusu. Ka\u017cdy element zdobi r\u0119cznie wykonany motyw r\u00f3\u017cy o metalicznym wyko\u0144czeniu, symbolizuj\u0105cy si\u0142\u0119, pasj\u0119 i kobiec\u0105 niezale\u017cno\u015b\u0107.<\/p>\n<p data-start=\"343\" data-end=\"544\">Komplet sk\u0142ada si\u0119 z naszyjnika na aksamitnej tasiemce, broszki w kszta\u0142cie r\u00f3\u017cy oraz delikatnego breloka lub zawieszki z czarnymi i z\u0142otymi koralikami zako\u0144czonymi sercem \u2014 znakiem mi\u0142o\u015bci i odwagi.<\/p>\n<p data-start=\"546\" data-end=\"723\">Ta bi\u017cuteria doskonale dope\u0142ni zar\u00f3wno wieczorow\u0105 stylizacj\u0119, jak i doda charakteru codziennemu ubiorowi. To wyb\u00f3r dla kobiet, kt\u00f3re nie boj\u0105 si\u0119 b\u0142yszcze\u0107 w cieniu nocy.<\/p>\n","protected":false},"excerpt":{"rendered":"<p>Kolekcja R\u00f3\u017ca Nocy to elegancja w najczystszej formie \u2014 po\u0142\u0105czenie g\u0142\u0119bokiej czerni z l\u015bni\u0105cym z\u0142otem, kt\u00f3re razem tworz\u0105 aur\u0119 tajemnicy i luksusu. Ka\u017cdy element zdobi r\u0119cznie wykonany motyw r\u00f3\u017cy o&#8230;<\/p>\n","protected":false},"featured_media":2216,"comment_status":"closed","ping_status":"closed","template":"","meta":{"_EventAllDay":false,"_EventTimezone":"","_EventStartDate":"","_EventEndDate":"","_EventStartDateUTC":"","_EventEndDateUTC":"","_EventShowMap":false,"_EventShowMapLink":false,"_EventURL":"","_EventCost":"","_EventCostDescription":"","_EventCurrencySymbol":"","_EventCurrencyCode":"","_EventCurrencyPosition":"","_EventDateTimeSeparator":"","_EventTimeRangeSeparator":"","_EventOrganizerID":[],"_EventVenueID":[],"_OrganizerEmail":"","_OrganizerPhone":"","_OrganizerWebsite":"","_VenueAddress":"","_VenueCity":"","_VenueCountry":"","_VenueProvince":"","_VenueState":"","_VenueZip":"","_VenuePhone":"","_VenueURL":"","_VenueStateProvince":"","_VenueLat":"","_VenueLng":"","_VenueShowMap":false,"_VenueShowMapLink":false,"_kadence_starter_templates_imported_post":false,"_kad_post_transparent":"default","_kad_post_title":"","_kad_post_layout":"default","_kad_post_sidebar_id":"","_kad_post_content_style":"default","_kad_post_vertical_padding":"default","_kad_post_feature":"","_kad_post_feature_position":"","_kad_post_header":false,"_kad_post_footer":false},"product_brand":[],"product_cat":[52],"product_tag":[],"class_list":{"0":"post-2215","1":"product","2":"type-product","3":"status-publish","4":"has-post-thumbnail","6":"product_cat-broszki","8":"first","9":"instock","10":"taxable","11":"shipping-taxable","12":"product-type-simple","13":"entry","14":"content-bg","15":"loop-entry"},"yoast_head":"<!-- This site is optimized with the Yoast SEO plugin v25.6 - https:\/\/yoast.com\/wordpress\/plugins\/seo\/ -->\n<title>FLORA - R\u00f3\u017ca nocy - ROMANA PORCELAIN JEWELRY<\/title>\n<meta name=\"robots\" content=\"index, follow, max-snippet:-1, max-image-preview:large, max-video-preview:-1\" \/>\n<link rel=\"canonical\" href=\"https:\/\/romanajewelry.pl\/?product=flora-roza-nocy\" \/>\n<meta property=\"og:locale\" content=\"pl_PL\" \/>\n<meta property=\"og:type\" content=\"article\" \/>\n<meta property=\"og:title\" content=\"FLORA - R\u00f3\u017ca nocy - ROMANA PORCELAIN JEWELRY\" \/>\n<meta property=\"og:description\" content=\"Kolekcja R\u00f3\u017ca Nocy to elegancja w najczystszej formie \u2014 po\u0142\u0105czenie g\u0142\u0119bokiej czerni z l\u015bni\u0105cym z\u0142otem, kt\u00f3re razem tworz\u0105 aur\u0119 tajemnicy i luksusu. Ka\u017cdy element zdobi r\u0119cznie wykonany motyw r\u00f3\u017cy o...\" \/>\n<meta property=\"og:url\" content=\"https:\/\/romanajewelry.pl\/?product=flora-roza-nocy\" \/>\n<meta property=\"og:site_name\" content=\"ROMANA PORCELAIN JEWELRY\" \/>\n<meta property=\"article:publisher\" content=\"https:\/\/www.facebook.com\/Romanabieleckaartist\" \/>\n<meta property=\"og:image\" content=\"https:\/\/romanajewelry.pl\/wp-content\/uploads\/2025\/10\/2CE11F18-8D9D-4A80-B2A3-278DA85A26E1.jpeg\" \/>\n\t<meta property=\"og:image:width\" content=\"1500\" \/>\n\t<meta property=\"og:image:height\" content=\"1500\" \/>\n\t<meta property=\"og:image:type\" content=\"image\/jpeg\" \/>\n<meta name=\"twitter:card\" content=\"summary_large_image\" \/>\n<meta name=\"twitter:label1\" content=\"Szacowany czas czytania\" \/>\n\t<meta name=\"twitter:data1\" content=\"1 minuta\" \/>\n<script type=\"application\/ld+json\" class=\"yoast-schema-graph\">{\"@context\":\"https:\/\/schema.org\",\"@graph\":[{\"@type\":\"WebPage\",\"@id\":\"https:\/\/romanajewelry.pl\/?product=flora-roza-nocy\",\"url\":\"https:\/\/romanajewelry.pl\/?product=flora-roza-nocy\",\"name\":\"FLORA - R\u00f3\u017ca nocy - ROMANA PORCELAIN JEWELRY\",\"isPartOf\":{\"@id\":\"https:\/\/romanajewelry.pl\/#website\"},\"primaryImageOfPage\":{\"@id\":\"https:\/\/romanajewelry.pl\/?product=flora-roza-nocy#primaryimage\"},\"image\":{\"@id\":\"https:\/\/romanajewelry.pl\/?product=flora-roza-nocy#primaryimage\"},\"thumbnailUrl\":\"https:\/\/romanajewelry.pl\/wp-content\/uploads\/2025\/10\/2CE11F18-8D9D-4A80-B2A3-278DA85A26E1.jpeg\",\"datePublished\":\"2025-10-13T13:20:40+00:00\",\"breadcrumb\":{\"@id\":\"https:\/\/romanajewelry.pl\/?product=flora-roza-nocy#breadcrumb\"},\"inLanguage\":\"pl-PL\",\"potentialAction\":[{\"@type\":\"ReadAction\",\"target\":[\"https:\/\/romanajewelry.pl\/?product=flora-roza-nocy\"]}]},{\"@type\":\"ImageObject\",\"inLanguage\":\"pl-PL\",\"@id\":\"https:\/\/romanajewelry.pl\/?product=flora-roza-nocy#primaryimage\",\"url\":\"https:\/\/romanajewelry.pl\/wp-content\/uploads\/2025\/10\/2CE11F18-8D9D-4A80-B2A3-278DA85A26E1.jpeg\",\"contentUrl\":\"https:\/\/romanajewelry.pl\/wp-content\/uploads\/2025\/10\/2CE11F18-8D9D-4A80-B2A3-278DA85A26E1.jpeg\",\"width\":1500,\"height\":1500},{\"@type\":\"BreadcrumbList\",\"@id\":\"https:\/\/romanajewelry.pl\/?product=flora-roza-nocy#breadcrumb\",\"itemListElement\":[{\"@type\":\"ListItem\",\"position\":1,\"name\":\"Strona g\u0142\u00f3wna\",\"item\":\"https:\/\/romanajewelry.pl\/\"},{\"@type\":\"ListItem\",\"position\":2,\"name\":\"SKLEP\",\"item\":\"https:\/\/romanajewelry.pl\/?page_id=12\"},{\"@type\":\"ListItem\",\"position\":3,\"name\":\"FLORA &#8211; R\u00f3\u017ca nocy\"}]},{\"@type\":\"WebSite\",\"@id\":\"https:\/\/romanajewelry.pl\/#website\",\"url\":\"https:\/\/romanajewelry.pl\/\",\"name\":\"ROMANA PORCELAIN JEWELRY\",\"description\":\"\",\"publisher\":{\"@id\":\"https:\/\/romanajewelry.pl\/#organization\"},\"potentialAction\":[{\"@type\":\"SearchAction\",\"target\":{\"@type\":\"EntryPoint\",\"urlTemplate\":\"https:\/\/romanajewelry.pl\/?s={search_term_string}\"},\"query-input\":{\"@type\":\"PropertyValueSpecification\",\"valueRequired\":true,\"valueName\":\"search_term_string\"}}],\"inLanguage\":\"pl-PL\"},{\"@type\":\"Organization\",\"@id\":\"https:\/\/romanajewelry.pl\/#organization\",\"name\":\"ROMANA PORCELAIN JEWELRY\",\"url\":\"https:\/\/romanajewelry.pl\/\",\"logo\":{\"@type\":\"ImageObject\",\"inLanguage\":\"pl-PL\",\"@id\":\"https:\/\/romanajewelry.pl\/#\/schema\/logo\/image\/\",\"url\":\"https:\/\/romanajewelry.pl\/wp-content\/uploads\/2025\/02\/cropped-cropped-Logo-bez-tla.png\",\"contentUrl\":\"https:\/\/romanajewelry.pl\/wp-content\/uploads\/2025\/02\/cropped-cropped-Logo-bez-tla.png\",\"width\":340,\"height\":380,\"caption\":\"ROMANA PORCELAIN JEWELRY\"},\"image\":{\"@id\":\"https:\/\/romanajewelry.pl\/#\/schema\/logo\/image\/\"},\"sameAs\":[\"https:\/\/www.facebook.com\/Romanabieleckaartist\",\"https:\/\/www.instagram.com\/romana_bielecka\/\"]}]}<\/script>\n<!-- \/ Yoast SEO plugin. -->","yoast_head_json":{"title":"FLORA - R\u00f3\u017ca nocy - ROMANA PORCELAIN JEWELRY","robots":{"index":"index","follow":"follow","max-snippet":"max-snippet:-1","max-image-preview":"max-image-preview:large","max-video-preview":"max-video-preview:-1"},"canonical":"https:\/\/romanajewelry.pl\/?product=flora-roza-nocy","og_locale":"pl_PL","og_type":"article","og_title":"FLORA - R\u00f3\u017ca nocy - ROMANA PORCELAIN JEWELRY","og_description":"Kolekcja R\u00f3\u017ca Nocy to elegancja w najczystszej formie \u2014 po\u0142\u0105czenie g\u0142\u0119bokiej czerni z l\u015bni\u0105cym z\u0142otem, kt\u00f3re razem tworz\u0105 aur\u0119 tajemnicy i luksusu. Ka\u017cdy element zdobi r\u0119cznie wykonany motyw r\u00f3\u017cy o...","og_url":"https:\/\/romanajewelry.pl\/?product=flora-roza-nocy","og_site_name":"ROMANA PORCELAIN JEWELRY","article_publisher":"https:\/\/www.facebook.com\/Romanabieleckaartist","og_image":[{"width":1500,"height":1500,"url":"https:\/\/romanajewelry.pl\/wp-content\/uploads\/2025\/10\/2CE11F18-8D9D-4A80-B2A3-278DA85A26E1.jpeg","type":"image\/jpeg"}],"twitter_card":"summary_large_image","twitter_misc":{"Szacowany czas czytania":"1 minuta"},"schema":{"@context":"https:\/\/schema.org","@graph":[{"@type":"WebPage","@id":"https:\/\/romanajewelry.pl\/?product=flora-roza-nocy","url":"https:\/\/romanajewelry.pl\/?product=flora-roza-nocy","name":"FLORA - R\u00f3\u017ca nocy - ROMANA PORCELAIN JEWELRY","isPartOf":{"@id":"https:\/\/romanajewelry.pl\/#website"},"primaryImageOfPage":{"@id":"https:\/\/romanajewelry.pl\/?product=flora-roza-nocy#primaryimage"},"image":{"@id":"https:\/\/romanajewelry.pl\/?product=flora-roza-nocy#primaryimage"},"thumbnailUrl":"https:\/\/romanajewelry.pl\/wp-content\/uploads\/2025\/10\/2CE11F18-8D9D-4A80-B2A3-278DA85A26E1.jpeg","datePublished":"2025-10-13T13:20:40+00:00","breadcrumb":{"@id":"https:\/\/romanajewelry.pl\/?product=flora-roza-nocy#breadcrumb"},"inLanguage":"pl-PL","potentialAction":[{"@type":"ReadAction","target":["https:\/\/romanajewelry.pl\/?product=flora-roza-nocy"]}]},{"@type":"ImageObject","inLanguage":"pl-PL","@id":"https:\/\/romanajewelry.pl\/?product=flora-roza-nocy#primaryimage","url":"https:\/\/romanajewelry.pl\/wp-content\/uploads\/2025\/10\/2CE11F18-8D9D-4A80-B2A3-278DA85A26E1.jpeg","contentUrl":"https:\/\/romanajewelry.pl\/wp-content\/uploads\/2025\/10\/2CE11F18-8D9D-4A80-B2A3-278DA85A26E1.jpeg","width":1500,"height":1500},{"@type":"BreadcrumbList","@id":"https:\/\/romanajewelry.pl\/?product=flora-roza-nocy#breadcrumb","itemListElement":[{"@type":"ListItem","position":1,"name":"Strona g\u0142\u00f3wna","item":"https:\/\/romanajewelry.pl\/"},{"@type":"ListItem","position":2,"name":"SKLEP","item":"https:\/\/romanajewelry.pl\/?page_id=12"},{"@type":"ListItem","position":3,"name":"FLORA &#8211; R\u00f3\u017ca nocy"}]},{"@type":"WebSite","@id":"https:\/\/romanajewelry.pl\/#website","url":"https:\/\/romanajewelry.pl\/","name":"ROMANA PORCELAIN JEWELRY","description":"","publisher":{"@id":"https:\/\/romanajewelry.pl\/#organization"},"potentialAction":[{"@type":"SearchAction","target":{"@type":"EntryPoint","urlTemplate":"https:\/\/romanajewelry.pl\/?s={search_term_string}"},"query-input":{"@type":"PropertyValueSpecification","valueRequired":true,"valueName":"search_term_string"}}],"inLanguage":"pl-PL"},{"@type":"Organization","@id":"https:\/\/romanajewelry.pl\/#organization","name":"ROMANA PORCELAIN JEWELRY","url":"https:\/\/romanajewelry.pl\/","logo":{"@type":"ImageObject","inLanguage":"pl-PL","@id":"https:\/\/romanajewelry.pl\/#\/schema\/logo\/image\/","url":"https:\/\/romanajewelry.pl\/wp-content\/uploads\/2025\/02\/cropped-cropped-Logo-bez-tla.png","contentUrl":"https:\/\/romanajewelry.pl\/wp-content\/uploads\/2025\/02\/cropped-cropped-Logo-bez-tla.png","width":340,"height":380,"caption":"ROMANA PORCELAIN JEWELRY"},"image":{"@id":"https:\/\/romanajewelry.pl\/#\/schema\/logo\/image\/"},"sameAs":["https:\/\/www.facebook.com\/Romanabieleckaartist","https:\/\/www.instagram.com\/romana_bielecka\/"]}]}},"_links":{"self":[{"href":"https:\/\/romanajewelry.pl\/index.php?rest_route=\/wp\/v2\/product\/2215","targetHints":{"allow":["GET"]}}],"collection":[{"href":"https:\/\/romanajewelry.pl\/index.php?rest_route=\/wp\/v2\/product"}],"about":[{"href":"https:\/\/romanajewelry.pl\/index.php?rest_route=\/wp\/v2\/types\/product"}],"replies":[{"embeddable":true,"href":"https:\/\/romanajewelry.pl\/index.php?rest_route=%2Fwp%2Fv2%2Fcomments&post=2215"}],"version-history":[{"count":1,"href":"https:\/\/romanajewelry.pl\/index.php?rest_route=\/wp\/v2\/product\/2215\/revisions"}],"predecessor-version":[{"id":2220,"href":"https:\/\/romanajewelry.pl\/index.php?rest_route=\/wp\/v2\/product\/2215\/revisions\/2220"}],"wp:featuredmedia":[{"embeddable":true,"href":"https:\/\/romanajewelry.pl\/index.php?rest_route=\/wp\/v2\/media\/2216"}],"wp:attachment":[{"href":"https:\/\/romanajewelry.pl\/index.php?rest_route=%2Fwp%2Fv2%2Fmedia&parent=2215"}],"wp:term":[{"taxonomy":"product_brand","embeddable":true,"href":"https:\/\/romanajewelry.pl\/index.php?rest_route=%2Fwp%2Fv2%2Fproduct_brand&post=2215"},{"taxonomy":"product_cat","embeddable":true,"href":"https:\/\/romanajewelry.pl\/index.php?rest_route=%2Fwp%2Fv2%2Fproduct_cat&post=2215"},{"taxonomy":"product_tag","embeddable":true,"href":"https:\/\/romanajewelry.pl\/index.php?rest_route=%2Fwp%2Fv2%2Fproduct_tag&post=2215"}],"curies":[{"name":"wp","href":"https:\/\/api.w.org\/{rel}","templated":true}]}}