{"id":2250,"date":"2025-11-06T11:31:27","date_gmt":"2025-11-06T10:31:27","guid":{"rendered":"https:\/\/romanajewelry.pl\/?post_type=product&#038;p=2250"},"modified":"2025-11-06T11:31:27","modified_gmt":"2025-11-06T10:31:27","slug":"bubbles-autumn-leaves","status":"publish","type":"product","link":"https:\/\/romanajewelry.pl\/?product=bubbles-autumn-leaves","title":{"rendered":"BUBBLES- Autumn leaves"},"content":{"rendered":"<p data-start=\"131\" data-end=\"349\">Odkryj wyj\u0105tkowe pi\u0119kno natury zamkni\u0119te w artystycznej formie. Ten r\u0119cznie wykonany zestaw bi\u017cuterii \u0142\u0105czy w sobie ciep\u0142e barwy jesieni \u2014 odcienie z\u0142ota, pomara\u0144czy, \u017c\u00f3\u0142ci i czerwieni \u2014 z elegancj\u0105 z\u0142otych akcent\u00f3w.<\/p>\n<p data-start=\"131\" data-end=\"349\">Du\u017ce, r\u0119cznie zdobione korale z po\u0142yskuj\u0105cej porcelany i delikatnymi z\u0142otymi \u017cy\u0142kami tworz\u0105 niepowtarzalny naszyjnik, kt\u00f3ry przyci\u0105ga wzrok i podkre\u015bla indywidualny styl. Towarzyszy mu subtelny \u0142a\u0144cuszek z unikaln\u0105 zawieszk\u0105 w odcieniu g\u0142\u0119bokiej czerwieni, obramowan\u0105 z\u0142otem.<\/p>\n<p data-start=\"627\" data-end=\"738\">Ca\u0142o\u015b\u0107 uzupe\u0142nia sznur w odcieniu ceglastej czerwieni, dodaj\u0105cy ca\u0142o\u015bci elegancji i artystycznego charakteru.<\/p>\n<p data-start=\"740\" data-end=\"765\"><strong data-start=\"740\" data-end=\"763\">Szczeg\u00f3\u0142y produktu:<\/strong><\/p>\n<ul data-start=\"766\" data-end=\"1014\">\n<li data-start=\"766\" data-end=\"843\">\n<p data-start=\"768\" data-end=\"843\">Materia\u0142y: porcelana, 24k z\u0142oto, poz\u0142acane \u0142a\u0144cuszki, sznur tekstylny<\/p>\n<\/li>\n<li data-start=\"844\" data-end=\"901\">\n<p data-start=\"846\" data-end=\"901\">Kolory: odcienie czerwieni, pomara\u0144czy, \u017c\u00f3\u0142ci i z\u0142ota<\/p>\n<\/li>\n<li data-start=\"902\" data-end=\"975\">\n<p data-start=\"904\" data-end=\"975\">Wykonanie: r\u0119czne, unikatowe \u2013 ka\u017cdy egzemplarz mo\u017ce si\u0119 nieco r\u00f3\u017cni\u0107<\/p>\n<\/li>\n<li data-start=\"976\" data-end=\"1014\">\n<p data-start=\"978\" data-end=\"1014\">Styl: artystyczny, boho, elegancki<\/p>\n<\/li>\n<\/ul>\n<p data-start=\"1016\" data-end=\"1168\">Idealny dla os\u00f3b, kt\u00f3re ceni\u0105 oryginalno\u015b\u0107 i lubi\u0105 bi\u017cuteri\u0119 z charakterem. Doskona\u0142y na prezent lub jako efektowny dodatek do wyj\u0105tkowych stylizacji.<\/p>\n","protected":false},"excerpt":{"rendered":"<p>Odkryj wyj\u0105tkowe pi\u0119kno natury zamkni\u0119te w artystycznej formie. Ten r\u0119cznie wykonany zestaw bi\u017cuterii \u0142\u0105czy w sobie ciep\u0142e barwy jesieni \u2014 odcienie z\u0142ota, pomara\u0144czy, \u017c\u00f3\u0142ci i czerwieni \u2014 z elegancj\u0105 z\u0142otych&#8230;<\/p>\n","protected":false},"featured_media":2251,"comment_status":"closed","ping_status":"closed","template":"","meta":{"_EventAllDay":false,"_EventTimezone":"","_EventStartDate":"","_EventEndDate":"","_EventStartDateUTC":"","_EventEndDateUTC":"","_EventShowMap":false,"_EventShowMapLink":false,"_EventURL":"","_EventCost":"","_EventCostDescription":"","_EventCurrencySymbol":"","_EventCurrencyCode":"","_EventCurrencyPosition":"","_EventDateTimeSeparator":"","_EventTimeRangeSeparator":"","_EventOrganizerID":[],"_EventVenueID":[],"_OrganizerEmail":"","_OrganizerPhone":"","_OrganizerWebsite":"","_VenueAddress":"","_VenueCity":"","_VenueCountry":"","_VenueProvince":"","_VenueState":"","_VenueZip":"","_VenuePhone":"","_VenueURL":"","_VenueStateProvince":"","_VenueLat":"","_VenueLng":"","_VenueShowMap":false,"_VenueShowMapLink":false,"_kadence_starter_templates_imported_post":false,"_kad_post_transparent":"default","_kad_post_title":"","_kad_post_layout":"default","_kad_post_sidebar_id":"","_kad_post_content_style":"default","_kad_post_vertical_padding":"default","_kad_post_feature":"","_kad_post_feature_position":"","_kad_post_header":false,"_kad_post_footer":false},"product_brand":[],"product_cat":[15],"product_tag":[],"class_list":{"0":"post-2250","1":"product","2":"type-product","3":"status-publish","4":"has-post-thumbnail","6":"product_cat-naszyjniki","8":"first","9":"instock","10":"taxable","11":"shipping-taxable","12":"product-type-simple","13":"entry","14":"content-bg","15":"loop-entry"},"yoast_head":"<!-- This site is optimized with the Yoast SEO plugin v25.6 - https:\/\/yoast.com\/wordpress\/plugins\/seo\/ -->\n<title>BUBBLES- Autumn leaves - ROMANA PORCELAIN JEWELRY<\/title>\n<meta name=\"robots\" content=\"index, follow, max-snippet:-1, max-image-preview:large, max-video-preview:-1\" \/>\n<link rel=\"canonical\" href=\"https:\/\/romanajewelry.pl\/?product=bubbles-autumn-leaves\" \/>\n<meta property=\"og:locale\" content=\"pl_PL\" \/>\n<meta property=\"og:type\" content=\"article\" \/>\n<meta property=\"og:title\" content=\"BUBBLES- Autumn leaves - ROMANA PORCELAIN JEWELRY\" \/>\n<meta property=\"og:description\" content=\"Odkryj wyj\u0105tkowe pi\u0119kno natury zamkni\u0119te w artystycznej formie. Ten r\u0119cznie wykonany zestaw bi\u017cuterii \u0142\u0105czy w sobie ciep\u0142e barwy jesieni \u2014 odcienie z\u0142ota, pomara\u0144czy, \u017c\u00f3\u0142ci i czerwieni \u2014 z elegancj\u0105 z\u0142otych...\" \/>\n<meta property=\"og:url\" content=\"https:\/\/romanajewelry.pl\/?product=bubbles-autumn-leaves\" \/>\n<meta property=\"og:site_name\" content=\"ROMANA PORCELAIN JEWELRY\" \/>\n<meta property=\"article:publisher\" content=\"https:\/\/www.facebook.com\/Romanabieleckaartist\" \/>\n<meta property=\"og:image\" content=\"https:\/\/romanajewelry.pl\/wp-content\/uploads\/2025\/11\/b7c56077-90e4-4aef-8d8d-ea71f6475f33.jpeg\" \/>\n\t<meta property=\"og:image:width\" content=\"1500\" \/>\n\t<meta property=\"og:image:height\" content=\"1500\" \/>\n\t<meta property=\"og:image:type\" content=\"image\/jpeg\" \/>\n<meta name=\"twitter:card\" content=\"summary_large_image\" \/>\n<meta name=\"twitter:label1\" content=\"Szacowany czas czytania\" \/>\n\t<meta name=\"twitter:data1\" content=\"1 minuta\" \/>\n<script type=\"application\/ld+json\" class=\"yoast-schema-graph\">{\"@context\":\"https:\/\/schema.org\",\"@graph\":[{\"@type\":\"WebPage\",\"@id\":\"https:\/\/romanajewelry.pl\/?product=bubbles-autumn-leaves\",\"url\":\"https:\/\/romanajewelry.pl\/?product=bubbles-autumn-leaves\",\"name\":\"BUBBLES- Autumn leaves - ROMANA PORCELAIN JEWELRY\",\"isPartOf\":{\"@id\":\"https:\/\/romanajewelry.pl\/#website\"},\"primaryImageOfPage\":{\"@id\":\"https:\/\/romanajewelry.pl\/?product=bubbles-autumn-leaves#primaryimage\"},\"image\":{\"@id\":\"https:\/\/romanajewelry.pl\/?product=bubbles-autumn-leaves#primaryimage\"},\"thumbnailUrl\":\"https:\/\/romanajewelry.pl\/wp-content\/uploads\/2025\/11\/b7c56077-90e4-4aef-8d8d-ea71f6475f33.jpeg\",\"datePublished\":\"2025-11-06T10:31:27+00:00\",\"breadcrumb\":{\"@id\":\"https:\/\/romanajewelry.pl\/?product=bubbles-autumn-leaves#breadcrumb\"},\"inLanguage\":\"pl-PL\",\"potentialAction\":[{\"@type\":\"ReadAction\",\"target\":[\"https:\/\/romanajewelry.pl\/?product=bubbles-autumn-leaves\"]}]},{\"@type\":\"ImageObject\",\"inLanguage\":\"pl-PL\",\"@id\":\"https:\/\/romanajewelry.pl\/?product=bubbles-autumn-leaves#primaryimage\",\"url\":\"https:\/\/romanajewelry.pl\/wp-content\/uploads\/2025\/11\/b7c56077-90e4-4aef-8d8d-ea71f6475f33.jpeg\",\"contentUrl\":\"https:\/\/romanajewelry.pl\/wp-content\/uploads\/2025\/11\/b7c56077-90e4-4aef-8d8d-ea71f6475f33.jpeg\",\"width\":1500,\"height\":1500},{\"@type\":\"BreadcrumbList\",\"@id\":\"https:\/\/romanajewelry.pl\/?product=bubbles-autumn-leaves#breadcrumb\",\"itemListElement\":[{\"@type\":\"ListItem\",\"position\":1,\"name\":\"Strona g\u0142\u00f3wna\",\"item\":\"https:\/\/romanajewelry.pl\/\"},{\"@type\":\"ListItem\",\"position\":2,\"name\":\"SKLEP\",\"item\":\"https:\/\/romanajewelry.pl\/?page_id=12\"},{\"@type\":\"ListItem\",\"position\":3,\"name\":\"BUBBLES- Autumn leaves\"}]},{\"@type\":\"WebSite\",\"@id\":\"https:\/\/romanajewelry.pl\/#website\",\"url\":\"https:\/\/romanajewelry.pl\/\",\"name\":\"ROMANA PORCELAIN JEWELRY\",\"description\":\"\",\"publisher\":{\"@id\":\"https:\/\/romanajewelry.pl\/#organization\"},\"potentialAction\":[{\"@type\":\"SearchAction\",\"target\":{\"@type\":\"EntryPoint\",\"urlTemplate\":\"https:\/\/romanajewelry.pl\/?s={search_term_string}\"},\"query-input\":{\"@type\":\"PropertyValueSpecification\",\"valueRequired\":true,\"valueName\":\"search_term_string\"}}],\"inLanguage\":\"pl-PL\"},{\"@type\":\"Organization\",\"@id\":\"https:\/\/romanajewelry.pl\/#organization\",\"name\":\"ROMANA PORCELAIN JEWELRY\",\"url\":\"https:\/\/romanajewelry.pl\/\",\"logo\":{\"@type\":\"ImageObject\",\"inLanguage\":\"pl-PL\",\"@id\":\"https:\/\/romanajewelry.pl\/#\/schema\/logo\/image\/\",\"url\":\"https:\/\/romanajewelry.pl\/wp-content\/uploads\/2025\/02\/cropped-cropped-Logo-bez-tla.png\",\"contentUrl\":\"https:\/\/romanajewelry.pl\/wp-content\/uploads\/2025\/02\/cropped-cropped-Logo-bez-tla.png\",\"width\":340,\"height\":380,\"caption\":\"ROMANA PORCELAIN JEWELRY\"},\"image\":{\"@id\":\"https:\/\/romanajewelry.pl\/#\/schema\/logo\/image\/\"},\"sameAs\":[\"https:\/\/www.facebook.com\/Romanabieleckaartist\",\"https:\/\/www.instagram.com\/romana_bielecka\/\"]}]}<\/script>\n<!-- \/ Yoast SEO plugin. -->","yoast_head_json":{"title":"BUBBLES- Autumn leaves - ROMANA PORCELAIN JEWELRY","robots":{"index":"index","follow":"follow","max-snippet":"max-snippet:-1","max-image-preview":"max-image-preview:large","max-video-preview":"max-video-preview:-1"},"canonical":"https:\/\/romanajewelry.pl\/?product=bubbles-autumn-leaves","og_locale":"pl_PL","og_type":"article","og_title":"BUBBLES- Autumn leaves - ROMANA PORCELAIN JEWELRY","og_description":"Odkryj wyj\u0105tkowe pi\u0119kno natury zamkni\u0119te w artystycznej formie. Ten r\u0119cznie wykonany zestaw bi\u017cuterii \u0142\u0105czy w sobie ciep\u0142e barwy jesieni \u2014 odcienie z\u0142ota, pomara\u0144czy, \u017c\u00f3\u0142ci i czerwieni \u2014 z elegancj\u0105 z\u0142otych...","og_url":"https:\/\/romanajewelry.pl\/?product=bubbles-autumn-leaves","og_site_name":"ROMANA PORCELAIN JEWELRY","article_publisher":"https:\/\/www.facebook.com\/Romanabieleckaartist","og_image":[{"width":1500,"height":1500,"url":"https:\/\/romanajewelry.pl\/wp-content\/uploads\/2025\/11\/b7c56077-90e4-4aef-8d8d-ea71f6475f33.jpeg","type":"image\/jpeg"}],"twitter_card":"summary_large_image","twitter_misc":{"Szacowany czas czytania":"1 minuta"},"schema":{"@context":"https:\/\/schema.org","@graph":[{"@type":"WebPage","@id":"https:\/\/romanajewelry.pl\/?product=bubbles-autumn-leaves","url":"https:\/\/romanajewelry.pl\/?product=bubbles-autumn-leaves","name":"BUBBLES- Autumn leaves - ROMANA PORCELAIN JEWELRY","isPartOf":{"@id":"https:\/\/romanajewelry.pl\/#website"},"primaryImageOfPage":{"@id":"https:\/\/romanajewelry.pl\/?product=bubbles-autumn-leaves#primaryimage"},"image":{"@id":"https:\/\/romanajewelry.pl\/?product=bubbles-autumn-leaves#primaryimage"},"thumbnailUrl":"https:\/\/romanajewelry.pl\/wp-content\/uploads\/2025\/11\/b7c56077-90e4-4aef-8d8d-ea71f6475f33.jpeg","datePublished":"2025-11-06T10:31:27+00:00","breadcrumb":{"@id":"https:\/\/romanajewelry.pl\/?product=bubbles-autumn-leaves#breadcrumb"},"inLanguage":"pl-PL","potentialAction":[{"@type":"ReadAction","target":["https:\/\/romanajewelry.pl\/?product=bubbles-autumn-leaves"]}]},{"@type":"ImageObject","inLanguage":"pl-PL","@id":"https:\/\/romanajewelry.pl\/?product=bubbles-autumn-leaves#primaryimage","url":"https:\/\/romanajewelry.pl\/wp-content\/uploads\/2025\/11\/b7c56077-90e4-4aef-8d8d-ea71f6475f33.jpeg","contentUrl":"https:\/\/romanajewelry.pl\/wp-content\/uploads\/2025\/11\/b7c56077-90e4-4aef-8d8d-ea71f6475f33.jpeg","width":1500,"height":1500},{"@type":"BreadcrumbList","@id":"https:\/\/romanajewelry.pl\/?product=bubbles-autumn-leaves#breadcrumb","itemListElement":[{"@type":"ListItem","position":1,"name":"Strona g\u0142\u00f3wna","item":"https:\/\/romanajewelry.pl\/"},{"@type":"ListItem","position":2,"name":"SKLEP","item":"https:\/\/romanajewelry.pl\/?page_id=12"},{"@type":"ListItem","position":3,"name":"BUBBLES- Autumn leaves"}]},{"@type":"WebSite","@id":"https:\/\/romanajewelry.pl\/#website","url":"https:\/\/romanajewelry.pl\/","name":"ROMANA PORCELAIN JEWELRY","description":"","publisher":{"@id":"https:\/\/romanajewelry.pl\/#organization"},"potentialAction":[{"@type":"SearchAction","target":{"@type":"EntryPoint","urlTemplate":"https:\/\/romanajewelry.pl\/?s={search_term_string}"},"query-input":{"@type":"PropertyValueSpecification","valueRequired":true,"valueName":"search_term_string"}}],"inLanguage":"pl-PL"},{"@type":"Organization","@id":"https:\/\/romanajewelry.pl\/#organization","name":"ROMANA PORCELAIN JEWELRY","url":"https:\/\/romanajewelry.pl\/","logo":{"@type":"ImageObject","inLanguage":"pl-PL","@id":"https:\/\/romanajewelry.pl\/#\/schema\/logo\/image\/","url":"https:\/\/romanajewelry.pl\/wp-content\/uploads\/2025\/02\/cropped-cropped-Logo-bez-tla.png","contentUrl":"https:\/\/romanajewelry.pl\/wp-content\/uploads\/2025\/02\/cropped-cropped-Logo-bez-tla.png","width":340,"height":380,"caption":"ROMANA PORCELAIN JEWELRY"},"image":{"@id":"https:\/\/romanajewelry.pl\/#\/schema\/logo\/image\/"},"sameAs":["https:\/\/www.facebook.com\/Romanabieleckaartist","https:\/\/www.instagram.com\/romana_bielecka\/"]}]}},"_links":{"self":[{"href":"https:\/\/romanajewelry.pl\/index.php?rest_route=\/wp\/v2\/product\/2250","targetHints":{"allow":["GET"]}}],"collection":[{"href":"https:\/\/romanajewelry.pl\/index.php?rest_route=\/wp\/v2\/product"}],"about":[{"href":"https:\/\/romanajewelry.pl\/index.php?rest_route=\/wp\/v2\/types\/product"}],"replies":[{"embeddable":true,"href":"https:\/\/romanajewelry.pl\/index.php?rest_route=%2Fwp%2Fv2%2Fcomments&post=2250"}],"version-history":[{"count":1,"href":"https:\/\/romanajewelry.pl\/index.php?rest_route=\/wp\/v2\/product\/2250\/revisions"}],"predecessor-version":[{"id":2254,"href":"https:\/\/romanajewelry.pl\/index.php?rest_route=\/wp\/v2\/product\/2250\/revisions\/2254"}],"wp:featuredmedia":[{"embeddable":true,"href":"https:\/\/romanajewelry.pl\/index.php?rest_route=\/wp\/v2\/media\/2251"}],"wp:attachment":[{"href":"https:\/\/romanajewelry.pl\/index.php?rest_route=%2Fwp%2Fv2%2Fmedia&parent=2250"}],"wp:term":[{"taxonomy":"product_brand","embeddable":true,"href":"https:\/\/romanajewelry.pl\/index.php?rest_route=%2Fwp%2Fv2%2Fproduct_brand&post=2250"},{"taxonomy":"product_cat","embeddable":true,"href":"https:\/\/romanajewelry.pl\/index.php?rest_route=%2Fwp%2Fv2%2Fproduct_cat&post=2250"},{"taxonomy":"product_tag","embeddable":true,"href":"https:\/\/romanajewelry.pl\/index.php?rest_route=%2Fwp%2Fv2%2Fproduct_tag&post=2250"}],"curies":[{"name":"wp","href":"https:\/\/api.w.org\/{rel}","templated":true}]}}