{"id":2259,"date":"2025-11-06T11:41:02","date_gmt":"2025-11-06T10:41:02","guid":{"rendered":"https:\/\/romanajewelry.pl\/?post_type=product&#038;p=2259"},"modified":"2025-11-06T11:41:02","modified_gmt":"2025-11-06T10:41:02","slug":"fauna-gold-octopus","status":"publish","type":"product","link":"https:\/\/romanajewelry.pl\/?product=fauna-gold-octopus","title":{"rendered":"FAUNA- Gold Octopus"},"content":{"rendered":"<p data-start=\"117\" data-end=\"472\">Zanurz si\u0119 w morskiej elegancji z zestawem \u201eGold Octopus\u201d \u2013 niezwyk\u0142\u0105 bi\u017cuteri\u0105 inspirowan\u0105 tajemniczym \u015bwiatem oceanu. Centralnym punktem jest efektowny naszyjnik z zawieszk\u0105 w kszta\u0142cie o\u015bmiornicy, \u0142\u0105cz\u0105cy b\u0142ysk z\u0142ota z per\u0142ow\u0105 biel\u0105. W komplecie znajduj\u0105 si\u0119 kolczyki w formie z\u0142otych rozgwiazd, kt\u00f3re dope\u0142niaj\u0105 ca\u0142o\u015b\u0107 w wyj\u0105tkowo harmonijny spos\u00f3b.<\/p>\n<p data-start=\"474\" data-end=\"642\">Wyrazista forma i bogate zdobienia sprawiaj\u0105, \u017ce ten zestaw przyci\u0105ga uwag\u0119 i stanowi idealny wyb\u00f3r dla kobiet odwa\u017cnych, pewnych siebie i ceni\u0105cych artystyczny styl.<\/p>\n<p data-start=\"644\" data-end=\"669\"><strong data-start=\"644\" data-end=\"667\">Szczeg\u00f3\u0142y produktu:<\/strong><\/p>\n<ul data-start=\"670\" data-end=\"943\">\n<li data-start=\"670\" data-end=\"734\">\n<p data-start=\"672\" data-end=\"734\">Materia\u0142y: porcelana, metal poz\u0142acany<\/p>\n<\/li>\n<li data-start=\"735\" data-end=\"759\">\n<p data-start=\"737\" data-end=\"759\">Kolory: z\u0142oty, bia\u0142y<\/p>\n<\/li>\n<li data-start=\"760\" data-end=\"845\">\n<p data-start=\"762\" data-end=\"845\">Zestaw zawiera: naszyjnik z zawieszk\u0105 o\u015bmiornicy i kolczyki w kszta\u0142cie rozgwiazd<\/p>\n<\/li>\n<li data-start=\"846\" data-end=\"896\">\n<p data-start=\"848\" data-end=\"896\">Styl: artystyczny, glamour, inspirowany natur\u0105<\/p>\n<\/li>\n<li data-start=\"897\" data-end=\"943\">\n<p data-start=\"899\" data-end=\"943\">Wykonanie: r\u0119czne, ka\u017cdy element unikatowy<\/p>\n<\/li>\n<\/ul>\n<p data-start=\"945\" data-end=\"1126\">Bi\u017cuteria \u201eGold Octopus\u201d to idealny dodatek do wieczorowych stylizacji, letnich kreacji i wyj\u0105tkowych okazji \u2013 przywo\u0142uje klimat morza, s\u0142o\u0144ca i luksusu w najpi\u0119kniejszym wydaniu.<\/p>\n","protected":false},"excerpt":{"rendered":"<p>Zanurz si\u0119 w morskiej elegancji z zestawem \u201eGold Octopus\u201d \u2013 niezwyk\u0142\u0105 bi\u017cuteri\u0105 inspirowan\u0105 tajemniczym \u015bwiatem oceanu. Centralnym punktem jest efektowny naszyjnik z zawieszk\u0105 w kszta\u0142cie o\u015bmiornicy, \u0142\u0105cz\u0105cy b\u0142ysk z\u0142ota z&#8230;<\/p>\n","protected":false},"featured_media":2260,"comment_status":"closed","ping_status":"closed","template":"","meta":{"_EventAllDay":false,"_EventTimezone":"","_EventStartDate":"","_EventEndDate":"","_EventStartDateUTC":"","_EventEndDateUTC":"","_EventShowMap":false,"_EventShowMapLink":false,"_EventURL":"","_EventCost":"","_EventCostDescription":"","_EventCurrencySymbol":"","_EventCurrencyCode":"","_EventCurrencyPosition":"","_EventDateTimeSeparator":"","_EventTimeRangeSeparator":"","_EventOrganizerID":[],"_EventVenueID":[],"_OrganizerEmail":"","_OrganizerPhone":"","_OrganizerWebsite":"","_VenueAddress":"","_VenueCity":"","_VenueCountry":"","_VenueProvince":"","_VenueState":"","_VenueZip":"","_VenuePhone":"","_VenueURL":"","_VenueStateProvince":"","_VenueLat":"","_VenueLng":"","_VenueShowMap":false,"_VenueShowMapLink":false,"_kadence_starter_templates_imported_post":false,"_kad_post_transparent":"default","_kad_post_title":"","_kad_post_layout":"default","_kad_post_sidebar_id":"","_kad_post_content_style":"default","_kad_post_vertical_padding":"default","_kad_post_feature":"","_kad_post_feature_position":"","_kad_post_header":false,"_kad_post_footer":false},"product_brand":[],"product_cat":[15],"product_tag":[],"class_list":{"0":"post-2259","1":"product","2":"type-product","3":"status-publish","4":"has-post-thumbnail","6":"product_cat-naszyjniki","8":"first","9":"instock","10":"taxable","11":"shipping-taxable","12":"product-type-simple","13":"entry","14":"content-bg","15":"loop-entry"},"yoast_head":"<!-- This site is optimized with the Yoast SEO plugin v25.6 - https:\/\/yoast.com\/wordpress\/plugins\/seo\/ -->\n<title>FAUNA- Gold Octopus - ROMANA PORCELAIN JEWELRY<\/title>\n<meta name=\"robots\" content=\"index, follow, max-snippet:-1, max-image-preview:large, max-video-preview:-1\" \/>\n<link rel=\"canonical\" href=\"https:\/\/romanajewelry.pl\/?product=fauna-gold-octopus\" \/>\n<meta property=\"og:locale\" content=\"pl_PL\" \/>\n<meta property=\"og:type\" content=\"article\" \/>\n<meta property=\"og:title\" content=\"FAUNA- Gold Octopus - ROMANA PORCELAIN JEWELRY\" \/>\n<meta property=\"og:description\" content=\"Zanurz si\u0119 w morskiej elegancji z zestawem \u201eGold Octopus\u201d \u2013 niezwyk\u0142\u0105 bi\u017cuteri\u0105 inspirowan\u0105 tajemniczym \u015bwiatem oceanu. Centralnym punktem jest efektowny naszyjnik z zawieszk\u0105 w kszta\u0142cie o\u015bmiornicy, \u0142\u0105cz\u0105cy b\u0142ysk z\u0142ota z...\" \/>\n<meta property=\"og:url\" content=\"https:\/\/romanajewelry.pl\/?product=fauna-gold-octopus\" \/>\n<meta property=\"og:site_name\" content=\"ROMANA PORCELAIN JEWELRY\" \/>\n<meta property=\"article:publisher\" content=\"https:\/\/www.facebook.com\/Romanabieleckaartist\" \/>\n<meta property=\"og:image\" content=\"https:\/\/romanajewelry.pl\/wp-content\/uploads\/2025\/11\/012763db-7492-48d1-a775-6d174910539a.jpeg\" \/>\n\t<meta property=\"og:image:width\" content=\"1500\" \/>\n\t<meta property=\"og:image:height\" content=\"1500\" \/>\n\t<meta property=\"og:image:type\" content=\"image\/jpeg\" \/>\n<meta name=\"twitter:card\" content=\"summary_large_image\" \/>\n<meta name=\"twitter:label1\" content=\"Szacowany czas czytania\" \/>\n\t<meta name=\"twitter:data1\" content=\"1 minuta\" \/>\n<script type=\"application\/ld+json\" class=\"yoast-schema-graph\">{\"@context\":\"https:\/\/schema.org\",\"@graph\":[{\"@type\":\"WebPage\",\"@id\":\"https:\/\/romanajewelry.pl\/?product=fauna-gold-octopus\",\"url\":\"https:\/\/romanajewelry.pl\/?product=fauna-gold-octopus\",\"name\":\"FAUNA- Gold Octopus - ROMANA PORCELAIN JEWELRY\",\"isPartOf\":{\"@id\":\"https:\/\/romanajewelry.pl\/#website\"},\"primaryImageOfPage\":{\"@id\":\"https:\/\/romanajewelry.pl\/?product=fauna-gold-octopus#primaryimage\"},\"image\":{\"@id\":\"https:\/\/romanajewelry.pl\/?product=fauna-gold-octopus#primaryimage\"},\"thumbnailUrl\":\"https:\/\/romanajewelry.pl\/wp-content\/uploads\/2025\/11\/012763db-7492-48d1-a775-6d174910539a.jpeg\",\"datePublished\":\"2025-11-06T10:41:02+00:00\",\"breadcrumb\":{\"@id\":\"https:\/\/romanajewelry.pl\/?product=fauna-gold-octopus#breadcrumb\"},\"inLanguage\":\"pl-PL\",\"potentialAction\":[{\"@type\":\"ReadAction\",\"target\":[\"https:\/\/romanajewelry.pl\/?product=fauna-gold-octopus\"]}]},{\"@type\":\"ImageObject\",\"inLanguage\":\"pl-PL\",\"@id\":\"https:\/\/romanajewelry.pl\/?product=fauna-gold-octopus#primaryimage\",\"url\":\"https:\/\/romanajewelry.pl\/wp-content\/uploads\/2025\/11\/012763db-7492-48d1-a775-6d174910539a.jpeg\",\"contentUrl\":\"https:\/\/romanajewelry.pl\/wp-content\/uploads\/2025\/11\/012763db-7492-48d1-a775-6d174910539a.jpeg\",\"width\":1500,\"height\":1500},{\"@type\":\"BreadcrumbList\",\"@id\":\"https:\/\/romanajewelry.pl\/?product=fauna-gold-octopus#breadcrumb\",\"itemListElement\":[{\"@type\":\"ListItem\",\"position\":1,\"name\":\"Strona g\u0142\u00f3wna\",\"item\":\"https:\/\/romanajewelry.pl\/\"},{\"@type\":\"ListItem\",\"position\":2,\"name\":\"SKLEP\",\"item\":\"https:\/\/romanajewelry.pl\/?page_id=12\"},{\"@type\":\"ListItem\",\"position\":3,\"name\":\"FAUNA- Gold Octopus\"}]},{\"@type\":\"WebSite\",\"@id\":\"https:\/\/romanajewelry.pl\/#website\",\"url\":\"https:\/\/romanajewelry.pl\/\",\"name\":\"ROMANA PORCELAIN JEWELRY\",\"description\":\"\",\"publisher\":{\"@id\":\"https:\/\/romanajewelry.pl\/#organization\"},\"potentialAction\":[{\"@type\":\"SearchAction\",\"target\":{\"@type\":\"EntryPoint\",\"urlTemplate\":\"https:\/\/romanajewelry.pl\/?s={search_term_string}\"},\"query-input\":{\"@type\":\"PropertyValueSpecification\",\"valueRequired\":true,\"valueName\":\"search_term_string\"}}],\"inLanguage\":\"pl-PL\"},{\"@type\":\"Organization\",\"@id\":\"https:\/\/romanajewelry.pl\/#organization\",\"name\":\"ROMANA PORCELAIN JEWELRY\",\"url\":\"https:\/\/romanajewelry.pl\/\",\"logo\":{\"@type\":\"ImageObject\",\"inLanguage\":\"pl-PL\",\"@id\":\"https:\/\/romanajewelry.pl\/#\/schema\/logo\/image\/\",\"url\":\"https:\/\/romanajewelry.pl\/wp-content\/uploads\/2025\/02\/cropped-cropped-Logo-bez-tla.png\",\"contentUrl\":\"https:\/\/romanajewelry.pl\/wp-content\/uploads\/2025\/02\/cropped-cropped-Logo-bez-tla.png\",\"width\":340,\"height\":380,\"caption\":\"ROMANA PORCELAIN JEWELRY\"},\"image\":{\"@id\":\"https:\/\/romanajewelry.pl\/#\/schema\/logo\/image\/\"},\"sameAs\":[\"https:\/\/www.facebook.com\/Romanabieleckaartist\",\"https:\/\/www.instagram.com\/romana_bielecka\/\"]}]}<\/script>\n<!-- \/ Yoast SEO plugin. -->","yoast_head_json":{"title":"FAUNA- Gold Octopus - ROMANA PORCELAIN JEWELRY","robots":{"index":"index","follow":"follow","max-snippet":"max-snippet:-1","max-image-preview":"max-image-preview:large","max-video-preview":"max-video-preview:-1"},"canonical":"https:\/\/romanajewelry.pl\/?product=fauna-gold-octopus","og_locale":"pl_PL","og_type":"article","og_title":"FAUNA- Gold Octopus - ROMANA PORCELAIN JEWELRY","og_description":"Zanurz si\u0119 w morskiej elegancji z zestawem \u201eGold Octopus\u201d \u2013 niezwyk\u0142\u0105 bi\u017cuteri\u0105 inspirowan\u0105 tajemniczym \u015bwiatem oceanu. Centralnym punktem jest efektowny naszyjnik z zawieszk\u0105 w kszta\u0142cie o\u015bmiornicy, \u0142\u0105cz\u0105cy b\u0142ysk z\u0142ota z...","og_url":"https:\/\/romanajewelry.pl\/?product=fauna-gold-octopus","og_site_name":"ROMANA PORCELAIN JEWELRY","article_publisher":"https:\/\/www.facebook.com\/Romanabieleckaartist","og_image":[{"width":1500,"height":1500,"url":"https:\/\/romanajewelry.pl\/wp-content\/uploads\/2025\/11\/012763db-7492-48d1-a775-6d174910539a.jpeg","type":"image\/jpeg"}],"twitter_card":"summary_large_image","twitter_misc":{"Szacowany czas czytania":"1 minuta"},"schema":{"@context":"https:\/\/schema.org","@graph":[{"@type":"WebPage","@id":"https:\/\/romanajewelry.pl\/?product=fauna-gold-octopus","url":"https:\/\/romanajewelry.pl\/?product=fauna-gold-octopus","name":"FAUNA- Gold Octopus - ROMANA PORCELAIN JEWELRY","isPartOf":{"@id":"https:\/\/romanajewelry.pl\/#website"},"primaryImageOfPage":{"@id":"https:\/\/romanajewelry.pl\/?product=fauna-gold-octopus#primaryimage"},"image":{"@id":"https:\/\/romanajewelry.pl\/?product=fauna-gold-octopus#primaryimage"},"thumbnailUrl":"https:\/\/romanajewelry.pl\/wp-content\/uploads\/2025\/11\/012763db-7492-48d1-a775-6d174910539a.jpeg","datePublished":"2025-11-06T10:41:02+00:00","breadcrumb":{"@id":"https:\/\/romanajewelry.pl\/?product=fauna-gold-octopus#breadcrumb"},"inLanguage":"pl-PL","potentialAction":[{"@type":"ReadAction","target":["https:\/\/romanajewelry.pl\/?product=fauna-gold-octopus"]}]},{"@type":"ImageObject","inLanguage":"pl-PL","@id":"https:\/\/romanajewelry.pl\/?product=fauna-gold-octopus#primaryimage","url":"https:\/\/romanajewelry.pl\/wp-content\/uploads\/2025\/11\/012763db-7492-48d1-a775-6d174910539a.jpeg","contentUrl":"https:\/\/romanajewelry.pl\/wp-content\/uploads\/2025\/11\/012763db-7492-48d1-a775-6d174910539a.jpeg","width":1500,"height":1500},{"@type":"BreadcrumbList","@id":"https:\/\/romanajewelry.pl\/?product=fauna-gold-octopus#breadcrumb","itemListElement":[{"@type":"ListItem","position":1,"name":"Strona g\u0142\u00f3wna","item":"https:\/\/romanajewelry.pl\/"},{"@type":"ListItem","position":2,"name":"SKLEP","item":"https:\/\/romanajewelry.pl\/?page_id=12"},{"@type":"ListItem","position":3,"name":"FAUNA- Gold Octopus"}]},{"@type":"WebSite","@id":"https:\/\/romanajewelry.pl\/#website","url":"https:\/\/romanajewelry.pl\/","name":"ROMANA PORCELAIN JEWELRY","description":"","publisher":{"@id":"https:\/\/romanajewelry.pl\/#organization"},"potentialAction":[{"@type":"SearchAction","target":{"@type":"EntryPoint","urlTemplate":"https:\/\/romanajewelry.pl\/?s={search_term_string}"},"query-input":{"@type":"PropertyValueSpecification","valueRequired":true,"valueName":"search_term_string"}}],"inLanguage":"pl-PL"},{"@type":"Organization","@id":"https:\/\/romanajewelry.pl\/#organization","name":"ROMANA PORCELAIN JEWELRY","url":"https:\/\/romanajewelry.pl\/","logo":{"@type":"ImageObject","inLanguage":"pl-PL","@id":"https:\/\/romanajewelry.pl\/#\/schema\/logo\/image\/","url":"https:\/\/romanajewelry.pl\/wp-content\/uploads\/2025\/02\/cropped-cropped-Logo-bez-tla.png","contentUrl":"https:\/\/romanajewelry.pl\/wp-content\/uploads\/2025\/02\/cropped-cropped-Logo-bez-tla.png","width":340,"height":380,"caption":"ROMANA PORCELAIN JEWELRY"},"image":{"@id":"https:\/\/romanajewelry.pl\/#\/schema\/logo\/image\/"},"sameAs":["https:\/\/www.facebook.com\/Romanabieleckaartist","https:\/\/www.instagram.com\/romana_bielecka\/"]}]}},"_links":{"self":[{"href":"https:\/\/romanajewelry.pl\/index.php?rest_route=\/wp\/v2\/product\/2259","targetHints":{"allow":["GET"]}}],"collection":[{"href":"https:\/\/romanajewelry.pl\/index.php?rest_route=\/wp\/v2\/product"}],"about":[{"href":"https:\/\/romanajewelry.pl\/index.php?rest_route=\/wp\/v2\/types\/product"}],"replies":[{"embeddable":true,"href":"https:\/\/romanajewelry.pl\/index.php?rest_route=%2Fwp%2Fv2%2Fcomments&post=2259"}],"version-history":[{"count":1,"href":"https:\/\/romanajewelry.pl\/index.php?rest_route=\/wp\/v2\/product\/2259\/revisions"}],"predecessor-version":[{"id":2261,"href":"https:\/\/romanajewelry.pl\/index.php?rest_route=\/wp\/v2\/product\/2259\/revisions\/2261"}],"wp:featuredmedia":[{"embeddable":true,"href":"https:\/\/romanajewelry.pl\/index.php?rest_route=\/wp\/v2\/media\/2260"}],"wp:attachment":[{"href":"https:\/\/romanajewelry.pl\/index.php?rest_route=%2Fwp%2Fv2%2Fmedia&parent=2259"}],"wp:term":[{"taxonomy":"product_brand","embeddable":true,"href":"https:\/\/romanajewelry.pl\/index.php?rest_route=%2Fwp%2Fv2%2Fproduct_brand&post=2259"},{"taxonomy":"product_cat","embeddable":true,"href":"https:\/\/romanajewelry.pl\/index.php?rest_route=%2Fwp%2Fv2%2Fproduct_cat&post=2259"},{"taxonomy":"product_tag","embeddable":true,"href":"https:\/\/romanajewelry.pl\/index.php?rest_route=%2Fwp%2Fv2%2Fproduct_tag&post=2259"}],"curies":[{"name":"wp","href":"https:\/\/api.w.org\/{rel}","templated":true}]}}