{"id":2267,"date":"2025-11-06T11:55:13","date_gmt":"2025-11-06T10:55:13","guid":{"rendered":"https:\/\/romanajewelry.pl\/?post_type=product&#038;p=2267"},"modified":"2025-11-06T11:55:13","modified_gmt":"2025-11-06T10:55:13","slug":"heart-cuore-di-regina","status":"publish","type":"product","link":"https:\/\/romanajewelry.pl\/?product=heart-cuore-di-regina","title":{"rendered":"HEART &#8211; Cuore di Regina"},"content":{"rendered":"<p data-start=\"113\" data-end=\"240\">Wyrazisty, pe\u0142en pasji i kr\u00f3lewskiego blasku \u2014 naszyjnik <strong data-start=\"170\" data-end=\"190\">\u201eCuore di Regina\u201d<\/strong> to bi\u017cuteria, kt\u00f3ra nie pozostaje niezauwa\u017cona.<\/p>\n<p data-start=\"242\" data-end=\"512\">Centralnym elementem jest du\u017ce, r\u0119cznie wykonane serce w g\u0142\u0119bokim odcieniu czerwieni, oprawione w z\u0142ot\u0105 ram\u0119 o bogatej fakturze. U podstawy zawieszki delikatnie zwisaj\u0105 z\u0142ote \u0142a\u0144cuszki i drobne czarne pere\u0142ki, kt\u00f3re nadaj\u0105 ca\u0142o\u015bci zmys\u0142owego, artystycznego charakteru.<\/p>\n<p data-start=\"514\" data-end=\"722\">Ca\u0142o\u015b\u0107 osadzona jest na solidnym, z\u0142otym \u0142a\u0144cuchu, kt\u00f3ry podkre\u015bla szlachetno\u015b\u0107 i mocny styl naszyjnika. To bi\u017cuteria dla kobiet, kt\u00f3re kochaj\u0105 wyraziste dodatki i nie boj\u0105 si\u0119 pokaza\u0107 swojej si\u0142y i emocji.<\/p>\n<p data-start=\"514\" data-end=\"722\">Naszyjnik, po odczepieniu \u0142a\u0144cuszka mo\u017ce by\u0107 te\u017c u\u017cywany jako broszka, przez co dope\u0142ni jeszcze wi\u0119cej Twoich stylizacji i uczyni je jeszcze bardziej wyj\u0105tkowe.<\/p>\n<p data-start=\"724\" data-end=\"749\"><strong data-start=\"724\" data-end=\"747\">Szczeg\u00f3\u0142y produktu:<\/strong><\/p>\n<ul data-start=\"750\" data-end=\"937\">\n<li data-start=\"750\" data-end=\"817\">\n<p data-start=\"752\" data-end=\"817\">Materia\u0142y: porcelana, metal poz\u0142acany, per\u0142y, \u0142a\u0144cuszki metalowe<\/p>\n<\/li>\n<li data-start=\"818\" data-end=\"852\">\n<p data-start=\"820\" data-end=\"852\">Kolory: czerwie\u0144, z\u0142oto, czer\u0144<\/p>\n<\/li>\n<li data-start=\"853\" data-end=\"893\">\n<p data-start=\"855\" data-end=\"893\">Styl: artystyczny, barokowy, glamour<\/p>\n<\/li>\n<li data-start=\"894\" data-end=\"937\">\n<p data-start=\"896\" data-end=\"937\">Wykonanie: r\u0119czne, unikatowy egzemplarz<\/p>\n<\/li>\n<\/ul>\n<p data-start=\"939\" data-end=\"1116\">Naszyjnik <strong data-start=\"949\" data-end=\"969\">\u201eCuore di Regina\u201d<\/strong> to symbol odwagi i mi\u0142o\u015bci \u2014 doskona\u0142y dodatek do eleganckich stylizacji i wyj\u0105tkowych okazji, kt\u00f3ry przyci\u0105ga uwag\u0119 i podkre\u015bla indywidualno\u015b\u0107.<\/p>\n","protected":false},"excerpt":{"rendered":"<p>Wyrazisty, pe\u0142en pasji i kr\u00f3lewskiego blasku \u2014 naszyjnik \u201eCuore di Regina\u201d to bi\u017cuteria, kt\u00f3ra nie pozostaje niezauwa\u017cona. Centralnym elementem jest du\u017ce, r\u0119cznie wykonane serce w g\u0142\u0119bokim odcieniu czerwieni, oprawione w&#8230;<\/p>\n","protected":false},"featured_media":2268,"comment_status":"closed","ping_status":"closed","template":"","meta":{"_EventAllDay":false,"_EventTimezone":"","_EventStartDate":"","_EventEndDate":"","_EventStartDateUTC":"","_EventEndDateUTC":"","_EventShowMap":false,"_EventShowMapLink":false,"_EventURL":"","_EventCost":"","_EventCostDescription":"","_EventCurrencySymbol":"","_EventCurrencyCode":"","_EventCurrencyPosition":"","_EventDateTimeSeparator":"","_EventTimeRangeSeparator":"","_EventOrganizerID":[],"_EventVenueID":[],"_OrganizerEmail":"","_OrganizerPhone":"","_OrganizerWebsite":"","_VenueAddress":"","_VenueCity":"","_VenueCountry":"","_VenueProvince":"","_VenueState":"","_VenueZip":"","_VenuePhone":"","_VenueURL":"","_VenueStateProvince":"","_VenueLat":"","_VenueLng":"","_VenueShowMap":false,"_VenueShowMapLink":false,"_kadence_starter_templates_imported_post":false,"_kad_post_transparent":"default","_kad_post_title":"","_kad_post_layout":"default","_kad_post_sidebar_id":"","_kad_post_content_style":"default","_kad_post_vertical_padding":"default","_kad_post_feature":"","_kad_post_feature_position":"","_kad_post_header":false,"_kad_post_footer":false},"product_brand":[],"product_cat":[15,52],"product_tag":[],"class_list":{"0":"post-2267","1":"product","2":"type-product","3":"status-publish","4":"has-post-thumbnail","6":"product_cat-naszyjniki","7":"product_cat-broszki","9":"first","10":"instock","11":"taxable","12":"shipping-taxable","13":"product-type-simple","14":"entry","15":"content-bg","16":"loop-entry"},"yoast_head":"<!-- This site is optimized with the Yoast SEO plugin v25.6 - https:\/\/yoast.com\/wordpress\/plugins\/seo\/ -->\n<title>HEART - Cuore di Regina - ROMANA PORCELAIN JEWELRY<\/title>\n<meta name=\"robots\" content=\"index, follow, max-snippet:-1, max-image-preview:large, max-video-preview:-1\" \/>\n<link rel=\"canonical\" href=\"https:\/\/romanajewelry.pl\/?product=heart-cuore-di-regina\" \/>\n<meta property=\"og:locale\" content=\"pl_PL\" \/>\n<meta property=\"og:type\" content=\"article\" \/>\n<meta property=\"og:title\" content=\"HEART - Cuore di Regina - ROMANA PORCELAIN JEWELRY\" \/>\n<meta property=\"og:description\" content=\"Wyrazisty, pe\u0142en pasji i kr\u00f3lewskiego blasku \u2014 naszyjnik \u201eCuore di Regina\u201d to bi\u017cuteria, kt\u00f3ra nie pozostaje niezauwa\u017cona. Centralnym elementem jest du\u017ce, r\u0119cznie wykonane serce w g\u0142\u0119bokim odcieniu czerwieni, oprawione w...\" \/>\n<meta property=\"og:url\" content=\"https:\/\/romanajewelry.pl\/?product=heart-cuore-di-regina\" \/>\n<meta property=\"og:site_name\" content=\"ROMANA PORCELAIN JEWELRY\" \/>\n<meta property=\"article:publisher\" content=\"https:\/\/www.facebook.com\/Romanabieleckaartist\" \/>\n<meta property=\"og:image\" content=\"https:\/\/romanajewelry.pl\/wp-content\/uploads\/2025\/11\/D51D32EA-17E0-4DDE-B8A7-405A4A28291E.jpeg\" \/>\n\t<meta property=\"og:image:width\" content=\"2048\" \/>\n\t<meta property=\"og:image:height\" content=\"2048\" \/>\n\t<meta property=\"og:image:type\" content=\"image\/jpeg\" \/>\n<meta name=\"twitter:card\" content=\"summary_large_image\" \/>\n<meta name=\"twitter:label1\" content=\"Szacowany czas czytania\" \/>\n\t<meta name=\"twitter:data1\" content=\"2 minuty\" \/>\n<script type=\"application\/ld+json\" class=\"yoast-schema-graph\">{\"@context\":\"https:\/\/schema.org\",\"@graph\":[{\"@type\":\"WebPage\",\"@id\":\"https:\/\/romanajewelry.pl\/?product=heart-cuore-di-regina\",\"url\":\"https:\/\/romanajewelry.pl\/?product=heart-cuore-di-regina\",\"name\":\"HEART - Cuore di Regina - ROMANA PORCELAIN JEWELRY\",\"isPartOf\":{\"@id\":\"https:\/\/romanajewelry.pl\/#website\"},\"primaryImageOfPage\":{\"@id\":\"https:\/\/romanajewelry.pl\/?product=heart-cuore-di-regina#primaryimage\"},\"image\":{\"@id\":\"https:\/\/romanajewelry.pl\/?product=heart-cuore-di-regina#primaryimage\"},\"thumbnailUrl\":\"https:\/\/romanajewelry.pl\/wp-content\/uploads\/2025\/11\/D51D32EA-17E0-4DDE-B8A7-405A4A28291E.jpeg\",\"datePublished\":\"2025-11-06T10:55:13+00:00\",\"breadcrumb\":{\"@id\":\"https:\/\/romanajewelry.pl\/?product=heart-cuore-di-regina#breadcrumb\"},\"inLanguage\":\"pl-PL\",\"potentialAction\":[{\"@type\":\"ReadAction\",\"target\":[\"https:\/\/romanajewelry.pl\/?product=heart-cuore-di-regina\"]}]},{\"@type\":\"ImageObject\",\"inLanguage\":\"pl-PL\",\"@id\":\"https:\/\/romanajewelry.pl\/?product=heart-cuore-di-regina#primaryimage\",\"url\":\"https:\/\/romanajewelry.pl\/wp-content\/uploads\/2025\/11\/D51D32EA-17E0-4DDE-B8A7-405A4A28291E.jpeg\",\"contentUrl\":\"https:\/\/romanajewelry.pl\/wp-content\/uploads\/2025\/11\/D51D32EA-17E0-4DDE-B8A7-405A4A28291E.jpeg\",\"width\":2048,\"height\":2048},{\"@type\":\"BreadcrumbList\",\"@id\":\"https:\/\/romanajewelry.pl\/?product=heart-cuore-di-regina#breadcrumb\",\"itemListElement\":[{\"@type\":\"ListItem\",\"position\":1,\"name\":\"Strona g\u0142\u00f3wna\",\"item\":\"https:\/\/romanajewelry.pl\/\"},{\"@type\":\"ListItem\",\"position\":2,\"name\":\"SKLEP\",\"item\":\"https:\/\/romanajewelry.pl\/?page_id=12\"},{\"@type\":\"ListItem\",\"position\":3,\"name\":\"HEART &#8211; Cuore di Regina\"}]},{\"@type\":\"WebSite\",\"@id\":\"https:\/\/romanajewelry.pl\/#website\",\"url\":\"https:\/\/romanajewelry.pl\/\",\"name\":\"ROMANA PORCELAIN JEWELRY\",\"description\":\"\",\"publisher\":{\"@id\":\"https:\/\/romanajewelry.pl\/#organization\"},\"potentialAction\":[{\"@type\":\"SearchAction\",\"target\":{\"@type\":\"EntryPoint\",\"urlTemplate\":\"https:\/\/romanajewelry.pl\/?s={search_term_string}\"},\"query-input\":{\"@type\":\"PropertyValueSpecification\",\"valueRequired\":true,\"valueName\":\"search_term_string\"}}],\"inLanguage\":\"pl-PL\"},{\"@type\":\"Organization\",\"@id\":\"https:\/\/romanajewelry.pl\/#organization\",\"name\":\"ROMANA PORCELAIN JEWELRY\",\"url\":\"https:\/\/romanajewelry.pl\/\",\"logo\":{\"@type\":\"ImageObject\",\"inLanguage\":\"pl-PL\",\"@id\":\"https:\/\/romanajewelry.pl\/#\/schema\/logo\/image\/\",\"url\":\"https:\/\/romanajewelry.pl\/wp-content\/uploads\/2025\/02\/cropped-cropped-Logo-bez-tla.png\",\"contentUrl\":\"https:\/\/romanajewelry.pl\/wp-content\/uploads\/2025\/02\/cropped-cropped-Logo-bez-tla.png\",\"width\":340,\"height\":380,\"caption\":\"ROMANA PORCELAIN JEWELRY\"},\"image\":{\"@id\":\"https:\/\/romanajewelry.pl\/#\/schema\/logo\/image\/\"},\"sameAs\":[\"https:\/\/www.facebook.com\/Romanabieleckaartist\",\"https:\/\/www.instagram.com\/romana_bielecka\/\"]}]}<\/script>\n<!-- \/ Yoast SEO plugin. -->","yoast_head_json":{"title":"HEART - Cuore di Regina - ROMANA PORCELAIN JEWELRY","robots":{"index":"index","follow":"follow","max-snippet":"max-snippet:-1","max-image-preview":"max-image-preview:large","max-video-preview":"max-video-preview:-1"},"canonical":"https:\/\/romanajewelry.pl\/?product=heart-cuore-di-regina","og_locale":"pl_PL","og_type":"article","og_title":"HEART - Cuore di Regina - ROMANA PORCELAIN JEWELRY","og_description":"Wyrazisty, pe\u0142en pasji i kr\u00f3lewskiego blasku \u2014 naszyjnik \u201eCuore di Regina\u201d to bi\u017cuteria, kt\u00f3ra nie pozostaje niezauwa\u017cona. Centralnym elementem jest du\u017ce, r\u0119cznie wykonane serce w g\u0142\u0119bokim odcieniu czerwieni, oprawione w...","og_url":"https:\/\/romanajewelry.pl\/?product=heart-cuore-di-regina","og_site_name":"ROMANA PORCELAIN JEWELRY","article_publisher":"https:\/\/www.facebook.com\/Romanabieleckaartist","og_image":[{"width":2048,"height":2048,"url":"https:\/\/romanajewelry.pl\/wp-content\/uploads\/2025\/11\/D51D32EA-17E0-4DDE-B8A7-405A4A28291E.jpeg","type":"image\/jpeg"}],"twitter_card":"summary_large_image","twitter_misc":{"Szacowany czas czytania":"2 minuty"},"schema":{"@context":"https:\/\/schema.org","@graph":[{"@type":"WebPage","@id":"https:\/\/romanajewelry.pl\/?product=heart-cuore-di-regina","url":"https:\/\/romanajewelry.pl\/?product=heart-cuore-di-regina","name":"HEART - Cuore di Regina - ROMANA PORCELAIN JEWELRY","isPartOf":{"@id":"https:\/\/romanajewelry.pl\/#website"},"primaryImageOfPage":{"@id":"https:\/\/romanajewelry.pl\/?product=heart-cuore-di-regina#primaryimage"},"image":{"@id":"https:\/\/romanajewelry.pl\/?product=heart-cuore-di-regina#primaryimage"},"thumbnailUrl":"https:\/\/romanajewelry.pl\/wp-content\/uploads\/2025\/11\/D51D32EA-17E0-4DDE-B8A7-405A4A28291E.jpeg","datePublished":"2025-11-06T10:55:13+00:00","breadcrumb":{"@id":"https:\/\/romanajewelry.pl\/?product=heart-cuore-di-regina#breadcrumb"},"inLanguage":"pl-PL","potentialAction":[{"@type":"ReadAction","target":["https:\/\/romanajewelry.pl\/?product=heart-cuore-di-regina"]}]},{"@type":"ImageObject","inLanguage":"pl-PL","@id":"https:\/\/romanajewelry.pl\/?product=heart-cuore-di-regina#primaryimage","url":"https:\/\/romanajewelry.pl\/wp-content\/uploads\/2025\/11\/D51D32EA-17E0-4DDE-B8A7-405A4A28291E.jpeg","contentUrl":"https:\/\/romanajewelry.pl\/wp-content\/uploads\/2025\/11\/D51D32EA-17E0-4DDE-B8A7-405A4A28291E.jpeg","width":2048,"height":2048},{"@type":"BreadcrumbList","@id":"https:\/\/romanajewelry.pl\/?product=heart-cuore-di-regina#breadcrumb","itemListElement":[{"@type":"ListItem","position":1,"name":"Strona g\u0142\u00f3wna","item":"https:\/\/romanajewelry.pl\/"},{"@type":"ListItem","position":2,"name":"SKLEP","item":"https:\/\/romanajewelry.pl\/?page_id=12"},{"@type":"ListItem","position":3,"name":"HEART &#8211; Cuore di Regina"}]},{"@type":"WebSite","@id":"https:\/\/romanajewelry.pl\/#website","url":"https:\/\/romanajewelry.pl\/","name":"ROMANA PORCELAIN JEWELRY","description":"","publisher":{"@id":"https:\/\/romanajewelry.pl\/#organization"},"potentialAction":[{"@type":"SearchAction","target":{"@type":"EntryPoint","urlTemplate":"https:\/\/romanajewelry.pl\/?s={search_term_string}"},"query-input":{"@type":"PropertyValueSpecification","valueRequired":true,"valueName":"search_term_string"}}],"inLanguage":"pl-PL"},{"@type":"Organization","@id":"https:\/\/romanajewelry.pl\/#organization","name":"ROMANA PORCELAIN JEWELRY","url":"https:\/\/romanajewelry.pl\/","logo":{"@type":"ImageObject","inLanguage":"pl-PL","@id":"https:\/\/romanajewelry.pl\/#\/schema\/logo\/image\/","url":"https:\/\/romanajewelry.pl\/wp-content\/uploads\/2025\/02\/cropped-cropped-Logo-bez-tla.png","contentUrl":"https:\/\/romanajewelry.pl\/wp-content\/uploads\/2025\/02\/cropped-cropped-Logo-bez-tla.png","width":340,"height":380,"caption":"ROMANA PORCELAIN JEWELRY"},"image":{"@id":"https:\/\/romanajewelry.pl\/#\/schema\/logo\/image\/"},"sameAs":["https:\/\/www.facebook.com\/Romanabieleckaartist","https:\/\/www.instagram.com\/romana_bielecka\/"]}]}},"_links":{"self":[{"href":"https:\/\/romanajewelry.pl\/index.php?rest_route=\/wp\/v2\/product\/2267","targetHints":{"allow":["GET"]}}],"collection":[{"href":"https:\/\/romanajewelry.pl\/index.php?rest_route=\/wp\/v2\/product"}],"about":[{"href":"https:\/\/romanajewelry.pl\/index.php?rest_route=\/wp\/v2\/types\/product"}],"replies":[{"embeddable":true,"href":"https:\/\/romanajewelry.pl\/index.php?rest_route=%2Fwp%2Fv2%2Fcomments&post=2267"}],"version-history":[{"count":1,"href":"https:\/\/romanajewelry.pl\/index.php?rest_route=\/wp\/v2\/product\/2267\/revisions"}],"predecessor-version":[{"id":2270,"href":"https:\/\/romanajewelry.pl\/index.php?rest_route=\/wp\/v2\/product\/2267\/revisions\/2270"}],"wp:featuredmedia":[{"embeddable":true,"href":"https:\/\/romanajewelry.pl\/index.php?rest_route=\/wp\/v2\/media\/2268"}],"wp:attachment":[{"href":"https:\/\/romanajewelry.pl\/index.php?rest_route=%2Fwp%2Fv2%2Fmedia&parent=2267"}],"wp:term":[{"taxonomy":"product_brand","embeddable":true,"href":"https:\/\/romanajewelry.pl\/index.php?rest_route=%2Fwp%2Fv2%2Fproduct_brand&post=2267"},{"taxonomy":"product_cat","embeddable":true,"href":"https:\/\/romanajewelry.pl\/index.php?rest_route=%2Fwp%2Fv2%2Fproduct_cat&post=2267"},{"taxonomy":"product_tag","embeddable":true,"href":"https:\/\/romanajewelry.pl\/index.php?rest_route=%2Fwp%2Fv2%2Fproduct_tag&post=2267"}],"curies":[{"name":"wp","href":"https:\/\/api.w.org\/{rel}","templated":true}]}}